{"id":1010,"date":"2020-12-21T13:51:58","date_gmt":"2020-12-21T13:51:58","guid":{"rendered":"http:\/\/lenahf.se\/?page_id=1010"},"modified":"2020-12-23T14:34:19","modified_gmt":"2020-12-23T14:34:19","slug":"kammaropera-utbildningen-120-hp","status":"publish","type":"page","link":"https:\/\/lenahf.se\/index.php\/kammaropera-utbildningen-120-hp\/","title":{"rendered":"KAMMAROPERA-UTBILDNINGEN, 120 hp"},"content":{"rendered":"\n<p>Du&nbsp;f\u00e5r&nbsp;under studietiden&nbsp;f\u00f6rm\u00e5nen&nbsp;att undervisas av&nbsp;l\u00e4rare&nbsp;och&nbsp;g\u00e4stande&nbsp;l\u00e4rare&nbsp;som&nbsp;tillh\u00f6r&nbsp;toppskiktet inom svenskt och internationellt musikliv. Du&nbsp;f\u00e5r&nbsp;l\u00e4ra&nbsp;dig att&nbsp;anv\u00e4nda&nbsp;din&nbsp;r\u00f6st&nbsp;och din kropp&nbsp;f\u00f6r&nbsp;att gestalta olika&nbsp;karakt\u00e4rer,&nbsp;f\u00f6rmedla&nbsp;k\u00e4nslor, tankar och dramatiska&nbsp;h\u00e4ndelser. Du&nbsp;f\u00e5r&nbsp;m\u00e5nga&nbsp;m\u00f6jligheter&nbsp;att&nbsp;\u00f6va&nbsp;dig i att sjunga&nbsp;inf\u00f6r&nbsp;publik&nbsp;p\u00e5 olika scener, i olika instrument-konstellationer och med repertoar&nbsp;fr\u00e5n&nbsp;olika stilepoker och&nbsp;spr\u00e5kgrupper.&nbsp;Ett exempel&nbsp;p\u00e5 utbildningens holistiska syn&nbsp;p\u00e5 operautbildningen&nbsp;\u00e4r&nbsp;att du&nbsp;ut\u00f6ver&nbsp;s\u00e5ng&nbsp;\u00e4ven&nbsp;erbjuds lektioner i&nbsp;f\u00e4ktning,&nbsp;stage&nbsp;fighting, dans,&nbsp;teatertr\u00e4ning, tallektioner, operaimprovisation,&nbsp;spr\u00e5k,&nbsp;auditiontr\u00e4ning&nbsp;och mycket annat.&nbsp;Ut\u00f6ver&nbsp;allt detta&nbsp;f\u00e5r&nbsp;du inblick i de koder som&nbsp;g\u00e4ller&nbsp;inom&nbsp;s\u00e5ngaryrket; exempelvis konsertpraxis, auditionteknik och repertoarval,&nbsp;kl\u00e4dsel, attityd och mycket mer.&nbsp;All undervisning sker&nbsp;p\u00e5 vackra&nbsp;V\u00e4ster\u00e5s&nbsp;slott&nbsp;d\u00e4r&nbsp;du kan&nbsp;k\u00e4nna&nbsp;historiens vingslag mellan de tjocka&nbsp;stenv\u00e4ggarna.&nbsp;H\u00e4r&nbsp;kan du&nbsp;ocks\u00e5&nbsp;\u00f6va&nbsp;sj\u00e4lv&nbsp;dygnet runt, till exempel i rummet&nbsp;d\u00e4r&nbsp;Erik XIV satt&nbsp;f\u00e4ngslad&nbsp;p\u00e5 1500- talet.&nbsp;\u00d6vningsrummen&nbsp;har olika typer av akustik som specialanpassats&nbsp;f\u00f6r&nbsp;s\u00e5ng&nbsp;och&nbsp;instrument. Som&nbsp;student vid Musik- och&nbsp;operah\u00f6gskolan&nbsp;vid&nbsp;M\u00e4lardalens&nbsp;h\u00f6gskola&nbsp;har du&nbsp;ocks\u00e5 bostadsgaranti.<\/p>\n\n\n\n<p><strong>S\u00e5ng&nbsp; och instudering<\/strong>&nbsp;<\/p>\n\n\n\n<figure class=\"wp-block-image size-large\"><img loading=\"lazy\" decoding=\"async\" width=\"683\" height=\"1024\" src=\"http:\/\/lenahf.se\/wp-content\/uploads\/2020\/12\/120hp1-683x1024.jpg\" alt=\"\" class=\"wp-image-1014\" srcset=\"https:\/\/lenahf.se\/wp-content\/uploads\/2020\/12\/120hp1-683x1024.jpg 683w, https:\/\/lenahf.se\/wp-content\/uploads\/2020\/12\/120hp1-200x300.jpg 200w, https:\/\/lenahf.se\/wp-content\/uploads\/2020\/12\/120hp1-768x1151.jpg 768w, https:\/\/lenahf.se\/wp-content\/uploads\/2020\/12\/120hp1-1025x1536.jpg 1025w, https:\/\/lenahf.se\/wp-content\/uploads\/2020\/12\/120hp1-1366x2048.jpg 1366w, https:\/\/lenahf.se\/wp-content\/uploads\/2020\/12\/120hp1.jpg 1467w\" sizes=\"auto, (max-width: 683px) 100vw, 683px\" \/><figcaption>Mozarts kvinnor \u2013 foto Jonas Bilberg<\/figcaption><\/figure>\n\n\n\n<p>Den&nbsp;tv\u00e5\u00e5riga&nbsp;Kammaroperautbildningen rekommenderas&nbsp;f\u00f6r&nbsp;dig som kommit en bra bit&nbsp;p\u00e5&nbsp;v\u00e4gen&nbsp;med din&nbsp;s\u00e5ng&nbsp;och&nbsp;\u00e4r&nbsp;redo att studera vidare&nbsp;p\u00e5&nbsp;h\u00f6g&nbsp;niv\u00e5. Den&nbsp;\u00e4r&nbsp;skapad av internationellt erk\u00e4nda professor Lena&nbsp;Hellstr\u00f6m-F\u00e4rnl\u00f6f&nbsp;och det&nbsp;\u00e4r&nbsp;ocks\u00e5 hon som organiserar och leder undervisningen tillsammans med tv\u00e5 av landets absolut b\u00e4sta pianister. Det \u00e4r ett starkt team, som alla har din utveckling som&nbsp;s\u00e5ngare&nbsp;som sitt&nbsp;fr\u00e4msta&nbsp;intresse och sin drivkraft.&nbsp;Varje vecka&nbsp;f\u00e5r&nbsp;du&nbsp;m\u00f6jlighet&nbsp;att arbeta med instudering med v\u00e5ra framst\u00e5ende pianister,&nbsp;Bengt-\u00c5ke&nbsp;Lundin och Magnus Svensson,&nbsp;k\u00e4nda&nbsp;och oerh\u00f6rt uppskattade&nbsp;f\u00f6r&nbsp;sitt arbete med&nbsp;s\u00e5ngare&nbsp;och sin stora kunnighet inom opera-, romans- och sakral repertoar.&nbsp;Magnus leder romansinterpretation vid v\u00e5ra seminarier som varje termin behandlar en ny en spr\u00e5kgrupp&nbsp;och Bengt-\u00c5ke ansvarar f\u00f6r ensembles\u00e5ng.&nbsp;De undervisar v\u00e5ra s\u00e5ngstudenter men samarbetar ocks\u00e5 med eliten av s\u00e5ngare som Bryn&nbsp;Terfel, Nina&nbsp;Stemme, Peter&nbsp;Mattei, Malena&nbsp;Ernman, Malin Bystr\u00f6m, Ir\u00e9ne Theorin, Matilda Paulsson och m\u00e5nga, m\u00e5nga fler.&nbsp;&nbsp;Lena har&nbsp;m\u00e5nga&nbsp;\u00e5r&nbsp;i branschen,&nbsp;f\u00f6rst&nbsp;som student&nbsp;p\u00e5&nbsp;b\u00e5de&nbsp;musikh\u00f6gskola&nbsp;och&nbsp;operah\u00f6gskola, sedan som frilansande konsert- och&nbsp;operas\u00e5ngerska&nbsp;under 25&nbsp;\u00e5r&nbsp;nationellt och internationellt och hon har varit verksam flera&nbsp;\u00e5r&nbsp;p\u00e5&nbsp;h\u00f6gskola&nbsp;med&nbsp;s\u00e5ngundervisning. Hon&nbsp;\u00e4r&nbsp;en ofta inbjuden&nbsp;f\u00f6rel\u00e4sare&nbsp;och pedagog i internationella sammanhang och&nbsp;h\u00e5ller&nbsp;regel-bundet&nbsp;masterclasses&nbsp;runt om i&nbsp;v\u00e4rlden. Hon ger&nbsp;\u00e4ven&nbsp;s\u00e5nglektioner&nbsp;till flera av&nbsp;v\u00e5ra&nbsp;fr\u00e4msta&nbsp;s\u00e5ngare, sitter i jurys och agerar som&nbsp;r\u00e5dgivare&nbsp;i artistagentur.&nbsp;<\/p>\n\n\n\n<p>\u00c4ven:<br><a href=\"https:\/\/www.braathenmanagement.com\/artister\/bengt-ake-lundin\" target=\"_blank\" rel=\"noreferrer noopener\">Ann Braathen Artist Management<\/a><\/p>\n\n\n\n<p>Utg\u00e5ngspunkten&nbsp;f\u00f6r&nbsp;undervisningen&nbsp;\u00e4r&nbsp;en helhetssyn&nbsp;p\u00e5 vad man&nbsp;beh\u00f6ver&nbsp;f\u00f6r&nbsp;att bli en internationell&nbsp;fullfj\u00e4drad&nbsp;operas\u00e5ngare&nbsp;d\u00e4r&nbsp;f\u00f6rutom&nbsp;s\u00e5ngteknik&nbsp;saker som att sova,&nbsp;\u00e4ta, motionera och&nbsp;m\u00e5 bra&nbsp;\u00e4r&nbsp;sj\u00e4lvklara&nbsp;byggstenar. Individuella&nbsp;s\u00e5nglektioner&nbsp;varvas med gemensamma varje vecka.&nbsp;<\/p>\n\n\n\n<p>En viktig del av undervisningen&nbsp;\u00e4r&nbsp;att ge dig vana vid att&nbsp;framtr\u00e4da&nbsp;inf\u00f6r&nbsp;publik.&nbsp;D\u00e4rf\u00f6r&nbsp;f\u00e5r&nbsp;du under studietiden&nbsp;m\u00e5nga&nbsp;m\u00f6jligheter&nbsp;att&nbsp;tr\u00e4na&nbsp;genom att&nbsp;m\u00f6ta&nbsp;olika publikgrupper i konserter, operaproduktion och operascener. Musik- och&nbsp;operah\u00f6gskolan&nbsp;vid&nbsp;M\u00e4lardalens&nbsp;h\u00f6gskola&nbsp;producerar cirka 50&nbsp;konserter och&nbsp;f\u00f6rest\u00e4llningar&nbsp;per&nbsp;l\u00e4s\u00e5r.&nbsp;N\u00e5gra&nbsp;exempel&nbsp;\u00e4r&nbsp;V\u00e4stmanlands&nbsp;teater med 400 platser och orkesterdike,&nbsp;V\u00e4ster\u00e5s&nbsp;konserthus med akustik&nbsp;p\u00e5&nbsp;toppniv\u00e5, den vackra Rikssalen&nbsp;p\u00e5&nbsp;V\u00e4ster\u00e5s&nbsp;slott, i den magnifika Domkyrkan,&nbsp;p\u00e5&nbsp;V\u00e4ster\u00e5s&nbsp;L\u00e4nsmuseum\/konstmuseum i industrihistorisk&nbsp;milj\u00f6 samt&nbsp;p\u00e5 flera andra scener.&nbsp;<\/p>\n\n\n\n<p>Kammaroperautbildningen&nbsp;\u00e4r&nbsp;en&nbsp;utm\u00e4rkt&nbsp;forts\u00e4ttning&nbsp;f\u00f6r&nbsp;dig som redan har en examen&nbsp;fr\u00e5n&nbsp;Kammarmusikprogrammet eller motsvarande.<\/p>\n\n\n\n<p>Som all annan&nbsp;h\u00f6gskoleutbildning&nbsp;i Sverige&nbsp;\u00e4r&nbsp;utbildningen kostnadsfri!&nbsp;<\/p>\n\n\n\n<p><strong>MUSIK- OCH&nbsp;OPERAH\u00d6GSKOLAN&nbsp;VID&nbsp;M\u00c4LARDALENS&nbsp;H\u00d6GSKOLA<\/strong>&nbsp;<\/p>\n\n\n\n<figure class=\"wp-block-image size-large\"><img loading=\"lazy\" decoding=\"async\" width=\"1024\" height=\"682\" src=\"http:\/\/lenahf.se\/wp-content\/uploads\/2020\/12\/120hp3-1024x682.jpg\" alt=\"\" class=\"wp-image-1015\" srcset=\"https:\/\/lenahf.se\/wp-content\/uploads\/2020\/12\/120hp3-1024x682.jpg 1024w, https:\/\/lenahf.se\/wp-content\/uploads\/2020\/12\/120hp3-300x200.jpg 300w, https:\/\/lenahf.se\/wp-content\/uploads\/2020\/12\/120hp3-768x512.jpg 768w, https:\/\/lenahf.se\/wp-content\/uploads\/2020\/12\/120hp3-1536x1023.jpg 1536w, https:\/\/lenahf.se\/wp-content\/uploads\/2020\/12\/120hp3-2048x1364.jpg 2048w\" sizes=\"auto, (max-width: 1024px) 100vw, 1024px\" \/><figcaption>Barnoperaf\u00f6rest\u00e4llningen \u201dSe mig!\u201d\u2013 foto Jonas Bilberg<\/figcaption><\/figure>\n\n\n\n<p>Kammaroperautbildningen&nbsp;p\u00e5 Musik- och&nbsp;operah\u00f6gskolan&nbsp;vid&nbsp;M\u00e4lardalens&nbsp;h\u00f6gskola&nbsp;\u00e4r&nbsp;en utbildning med holistisk syn&nbsp;p\u00e5 vad en&nbsp;operas\u00e5ngare&nbsp;beh\u00f6ver&nbsp;i sitt kommande yrkesliv. Det&nbsp;inneb\u00e4r&nbsp;att du&nbsp;f\u00f6rutom&nbsp;s\u00e5ngundervisning, instudering och scenisk&nbsp;tr\u00e4ning&nbsp;p\u00e5&nbsp;h\u00f6gsta&nbsp;niv\u00e5&nbsp;\u00e4ven&nbsp;f\u00e5r&nbsp;med dig andra&nbsp;v\u00e4rdefulla&nbsp;verktyg som kommer att&nbsp;hj\u00e4lpa&nbsp;dig forma ditt musicerande och din artistiska identitet.&nbsp;<\/p>\n\n\n\n<p><strong>G\u00c4STL\u00c4RARE<\/strong>&nbsp;<\/p>\n\n\n\n<p>P\u00e5 Kammaroperautbildningen&nbsp;f\u00e5r&nbsp;du&nbsp;gener\u00f6st&nbsp;med undervisningstid av ett&nbsp;l\u00e4rarlag&nbsp;som&nbsp;tillh\u00f6r&nbsp;eliten bland Sveriges musiker och pedagoger. Dessutom erbjuds&nbsp;m\u00e5nga&nbsp;tillf\u00e4llen&nbsp;att&nbsp;m\u00f6ta&nbsp;och lyssna&nbsp;p\u00e5 nationellt och internationellt viktiga nyckelpersoner i branschen som delar med sig av erfarenhet och kunskap.&nbsp;H\u00e4r&nbsp;\u00e4r&nbsp;n\u00e5gra&nbsp;exempel:&nbsp;<\/p>\n\n\n\n<p>\u2022 Birgitta&nbsp;Svend\u00e9n:&nbsp;hovs\u00e5ngerska, tidigare rektor&nbsp;f\u00f6r&nbsp;Operah\u00f6gskolan&nbsp;i Stockholm, VD och&nbsp;konstn\u00e4rlig&nbsp;chef&nbsp;f\u00f6r&nbsp;Kungliga Operan i Stockholm.<br>Patrik S\u00f6rling, regiss\u00f6r och koreograf&nbsp;<br>Fran\u00e7ois le&nbsp;Roux, baryton&nbsp;<br>Simon&nbsp;Craford-Phillips,&nbsp;dirigent&nbsp;och&nbsp;pianist&nbsp;<br>Katarina&nbsp;Gnosspelius, regiss\u00f6r, vd L\u00e4ck\u00f6slotts sommaropera&nbsp;<\/p>\n\n\n\n<p>\u2022 Olivier Godin: pianist, vocal coach&nbsp;och&nbsp;professor vid McGill&nbsp;University, Montreal,&nbsp;Kanada.&nbsp;&nbsp;<\/p>\n\n\n\n<p>\u2022 Liz Upchurch: pianist, vocal coach&nbsp;och&nbsp;ledare&nbsp;f\u00f6r&nbsp;Canadian Opera Company Ensemble Studio.&nbsp;&nbsp;<\/p>\n\n\n\n<p>\u2022 Alexander&nbsp;Niclasson:&nbsp;konstn\u00e4rlig&nbsp;ledare&nbsp;f\u00f6r&nbsp;Opera&nbsp;p\u00e5&nbsp;Sk\u00e4ret.&nbsp;&nbsp;<\/p>\n\n\n\n<p>\u2022 Philip&nbsp;Zand\u00e9n,&nbsp;regiss\u00f6r&nbsp;och&nbsp;sk\u00e5despelare.&nbsp;&nbsp;<\/p>\n\n\n\n<p>\u2022 Gregor Bergman, operaimprovisation.&nbsp;<\/p>\n\n\n\n<p>Anita McAllister, logoped och docent vid Karolinska institutet&nbsp;<\/p>\n\n\n\n<p><strong>H\u00f6gsta betyg fr\u00e5n internationella r\u00f6ster<\/strong><\/p>\n\n\n\n<p><strong>Birgitta&nbsp;Svend\u00e9n, VD och&nbsp;konstn\u00e4rlig&nbsp;chef&nbsp;f\u00f6r&nbsp;Kungliga Operan i Stockholm:&nbsp;<\/strong><strong><\/strong><\/p>\n\n\n\n<p>\u201dJag blev mycket imponerad av kammaroperastudenterna. Deras&nbsp;s\u00e5ngteknik&nbsp;stod&nbsp;p\u00e5 en&nbsp;s\u00e5n&nbsp;h\u00f6g&nbsp;och bra&nbsp;niv\u00e5 att vi kunde utforska olika musikaliska&nbsp;id\u00e9er&nbsp;och finslipa det musikaliska uttrycket&nbsp;b\u00e5de&nbsp;genom texten och&nbsp;f\u00e4rgpaletten&nbsp;i&nbsp;r\u00f6stklang.&nbsp;<\/p>\n\n\n\n<p>Jag&nbsp;k\u00e4nner&nbsp;sedan tidigare deras&nbsp;l\u00e4rare&nbsp;Lena&nbsp;Hellstr\u00f6m&nbsp;&#8211;&nbsp;F\u00e4rnl\u00f6f&nbsp;som jag betraktar som en av de&nbsp;b\u00e4sta&nbsp;pedagoger vi har i landet, vilket den&nbsp;h\u00e4r&nbsp;gruppen verkligen visade prov&nbsp;p\u00e5 d\u00e5 alla&nbsp;sj\u00f6ng&nbsp;med friska naturliga&nbsp;r\u00f6ster&nbsp;som snabbt kunde&nbsp;oms\u00e4tta&nbsp;det jag&nbsp;f\u00f6reslog.&nbsp;<\/p>\n\n\n\n<p>Jag&nbsp;l\u00e4mnade&nbsp;skolan med en&nbsp;h\u00e4rlig&nbsp;k\u00e4nsla&nbsp;av energi och&nbsp;tillf\u00f6rsikt&nbsp;om att det kommer nya svenska&nbsp;stj\u00e4rnskott&nbsp;\u00e4ven&nbsp;i framtiden och att&nbsp;M\u00e4lardalens&nbsp;H\u00f6gskola&nbsp;har&nbsp;r\u00e4tt&nbsp;f\u00f6ruts\u00e4ttningar&nbsp;att ta tillvara&nbsp;p\u00e5 dessa talanger.\u201d&nbsp;<\/p>\n\n\n\n<p><strong>Liz Upchurch, pianist, vocal coach&nbsp;och&nbsp;ledare&nbsp;f\u00f6r&nbsp;Canadian Opera Company&nbsp;Ensemble&nbsp;Studio:&nbsp;<\/strong><strong><\/strong><\/p>\n\n\n\n<p>\u201cThis select group of gifted young opera singers have clearly benefited from a very high level of training being offered to them at this&nbsp;programme. These singers have had the privilege of working with a world class singing teacher, Lena&nbsp;Hellstrom&nbsp;Farnlof, in a creative, nurturing environment where artistry and vocal training are at the highest level.&nbsp;<\/p>\n\n\n\n<p>This type of training gives singers the necessary tools to enter the professional world of singing.\u201d&nbsp;<\/p>\n\n\n\n<p><strong>KONSERTER&nbsp;<\/strong><strong><\/strong><\/p>\n\n\n\n<p>F\u00f6r&nbsp;att&nbsp;f\u00f6rbereda&nbsp;dig&nbsp;f\u00f6r&nbsp;hur man&nbsp;f\u00f6ljer&nbsp;en dirigent,&nbsp;l\u00e4ra&nbsp;dig vara tydlig med musikaliska impulser, klara av att sjunga i olika akustiker, etc. erbjuds du&nbsp;m\u00e5nga&nbsp;m\u00f6jligheter&nbsp;att&nbsp;framf\u00f6ra&nbsp;musik i olika konstellationer och&nbsp;p\u00e5 olika arenor.&nbsp;<\/p>\n\n\n\n<p>H\u00e4r&nbsp;\u00e4r&nbsp;ett axplock av&nbsp;f\u00f6rest\u00e4llningar och&nbsp;konserter som erbjudits under \u00e5ren:&nbsp;<\/p>\n\n\n\n<p>\u2022&nbsp;F\u00f6rsommarkonserter&nbsp;som solister med&nbsp;V\u00e4ster\u00e5s&nbsp;Sinfonietta och&nbsp;masterstudenter&nbsp;i dirigering vid Kungliga&nbsp;Musikh\u00f6gskolan&nbsp;i Stockholm.&nbsp;<\/p>\n\n\n\n<p>\u2022 Galakonsert med symfoniorkester&nbsp;p\u00e5 stora scenen i&nbsp;V\u00e4ster\u00e5s&nbsp;konserthus.&nbsp;&nbsp;<\/p>\n\n\n\n<p>\u2022 Solist i sakral repertoar i&nbsp;V\u00e4ster\u00e5s&nbsp;domkyrka med&nbsp;k\u00f6r&nbsp;och professionella orkestrar,&nbsp;alltifr\u00e5n&nbsp;barock och&nbsp;fram\u00e5t.&nbsp;<\/p>\n\n\n\n<p>\u2022 Barnopera,&nbsp;\u00e4ven&nbsp;turn\u00e9.&nbsp;&nbsp;<\/p>\n\n\n\n<p>\u2022 Rikssalskonserter&nbsp;p\u00e5 anrika&nbsp;V\u00e4ster\u00e5s&nbsp;slott tillsammans med&nbsp;n\u00e5gra&nbsp;av Sveriges ledande pianister;&nbsp;Bengt-\u00c5ke&nbsp;Lundin, Magnus Svensson, och&nbsp;Asuka&nbsp;Nakamura.&nbsp;<\/p>\n\n\n\n<ul class=\"wp-block-list\"><li>Riddartornet, nykomponerad kammaropera med v\u00e4rldspremi\u00e4r&nbsp;p\u00e5&nbsp;V\u00e4stmanlands&nbsp;Teater och sedan p\u00e5 turn\u00e9 till Vadstena Gamla Teater.&nbsp;<strong>L\u00e4s mer: Riddartornet<\/strong>&nbsp;<\/li><\/ul>\n\n\n\n<p>\u2022 Idomeneo p\u00e5 V\u00e4stmanlands teater.&nbsp;<\/p>\n\n\n\n<ul class=\"wp-block-list\"><li>Mozarts kvinnor p\u00e5 V\u00e4stmanlands teater och Ulriksdals slottsteater \u201dConfidencen<strong>\u201d&nbsp;L\u00e4s mer: Mozarts kvinnor&nbsp;<\/strong><\/li><\/ul>\n\n\n\n<p>\u2022 Romanskonserter tillsammans med&nbsp;s\u00e5ng- och pianostudenterna&nbsp;fr\u00e5n&nbsp;Kammarmusikutbildningen. Tyska&nbsp;Lieder, franska&nbsp;M\u00e9lodies, engelska och amerikanska Art Songs och skandinaviska romanser.&nbsp;<\/p>\n\n\n\n<p><strong>KAMMAROPERAUTBILDNINGEN&nbsp;<\/strong><br><strong>MUSIK- OCH&nbsp;OPERAH\u00d6GSKOLAN&nbsp;VID&nbsp;M\u00c4LARDALENS&nbsp;H\u00d6GSKOLA&nbsp;<\/strong><\/p>\n\n\n\n<figure class=\"wp-block-image size-large\"><img loading=\"lazy\" decoding=\"async\" width=\"561\" height=\"396\" src=\"http:\/\/lenahf.se\/wp-content\/uploads\/2020\/12\/120hp4.jpg\" alt=\"\" class=\"wp-image-1016\" srcset=\"https:\/\/lenahf.se\/wp-content\/uploads\/2020\/12\/120hp4.jpg 561w, https:\/\/lenahf.se\/wp-content\/uploads\/2020\/12\/120hp4-300x212.jpg 300w\" sizes=\"auto, (max-width: 561px) 100vw, 561px\" \/><figcaption>Barnoperaf\u00f6rest\u00e4llningen \u201dSe mig!\u201d\u2013 foto Jonas Bilberg<\/figcaption><\/figure>\n\n\n\n<p>Genom&nbsp;v\u00e5r&nbsp;utbildning i opera&nbsp;f\u00e5r&nbsp;du&nbsp;m\u00f6jlighet&nbsp;att&nbsp;v\u00e4xa&nbsp;som&nbsp;konstn\u00e4r&nbsp;och att utveckla din kreativa&nbsp;f\u00f6rm\u00e5ga&nbsp;och talang maximalt, vilket ger dig&nbsp;konkurrensf\u00f6rdelar&nbsp;p\u00e5 arbetsmarknaden.&nbsp;<\/p>\n\n\n\n<p>Som&nbsp;s\u00e5ngare&nbsp;har du ett kreativt och&nbsp;omv\u00e4xlande&nbsp;yrke,&nbsp;d\u00e4r&nbsp;ditt&nbsp;arbetsf\u00e4lt&nbsp;finns inom&nbsp;konstn\u00e4rliga&nbsp;institutioner och som frilansande musiker.&nbsp;<\/p>\n\n\n\n<p><strong>F\u00d6RM\u00c5NER&nbsp;UNDER STUDIETIDEN<\/strong>&nbsp;<\/p>\n\n\n\n<p>Utbildningen har ett&nbsp;t\u00e4tt&nbsp;samarbete med&nbsp;V\u00e4ster\u00e5s&nbsp;Sinfonietta som&nbsp;\u00e4r&nbsp;en av landets&nbsp;fr\u00e4msta&nbsp;kammarorkestrar. Samarbetet&nbsp;inneb\u00e4r&nbsp;bland annat att du som student&nbsp;g\u00e5r&nbsp;gratis&nbsp;p\u00e5 alla konserter med&nbsp;Sinfoniettan&nbsp;och att du&nbsp;\u00e4r&nbsp;v\u00e4lkommen&nbsp;p\u00e5 alla genrep i&nbsp;V\u00e4ster\u00e5s&nbsp;Konserthus.&nbsp;<\/p>\n\n\n\n<p>Du\u00a0f\u00e5r\u00a0\u00e4ven\u00a0fribiljetter till\u00a0l\u00e4nsmusikens\u00a0konsertserie samt\u00a0m\u00f6jlighet\u00a0att lyssna\u00a0p\u00e5 generalrepetitioner\u00a0p\u00e5 Kungliga Operan, Berwaldhallen, och flera andra arenor.\u00a0<\/p>\n\n\n\n<div class=\"wp-block-buttons is-layout-flex wp-block-buttons-is-layout-flex\">\n<div class=\"wp-block-button\"><a class=\"wp-block-button__link\" href=\"http:\/\/lenahf.se\/index.php\/studentkommentarer-med-ljudklipp-2\/\">Studentkommentarer med ljudklipp<\/a><\/div>\n<\/div>\n","protected":false},"excerpt":{"rendered":"<p>Du&nbsp;f\u00e5r&nbsp;under studietiden&nbsp;f\u00f6rm\u00e5nen&nbsp;att undervisas av&nbsp;l\u00e4rare&nbsp;och&nbsp;g\u00e4stande&nbsp;l\u00e4rare&nbsp;som&nbsp;tillh\u00f6r&nbsp;toppskiktet inom svenskt och internationellt musikliv. Du&nbsp;f\u00e5r&nbsp;l\u00e4ra&nbsp;dig att&nbsp;anv\u00e4nda&nbsp;din&nbsp;r\u00f6st&nbsp;och din kropp&nbsp;f\u00f6r&nbsp;att gestalta olika&nbsp;karakt\u00e4rer,&nbsp;f\u00f6rmedla&nbsp;k\u00e4nslor, tankar och dramatiska&nbsp;h\u00e4ndelser. Du&nbsp;f\u00e5r&nbsp;m\u00e5nga&nbsp;m\u00f6jligheter&nbsp;att&nbsp;\u00f6va&nbsp;dig i att sjunga&nbsp;inf\u00f6r&nbsp;publik&nbsp;p\u00e5 olika scener, i olika instrument-konstellationer och med repertoar&nbsp;fr\u00e5n&nbsp;olika stilepoker och&nbsp;spr\u00e5kgrupper.&nbsp;Ett exempel&nbsp;p\u00e5 utbildningens holistiska syn&nbsp;p\u00e5 operautbildningen&nbsp;\u00e4r&nbsp;att du&nbsp;ut\u00f6ver&nbsp;s\u00e5ng&nbsp;\u00e4ven&nbsp;erbjuds lektioner i&nbsp;f\u00e4ktning,&nbsp;stage&nbsp;fighting, dans,&nbsp;teatertr\u00e4ning, tallektioner, operaimprovisation,&nbsp;spr\u00e5k,&nbsp;auditiontr\u00e4ning&nbsp;och mycket annat.&nbsp;Ut\u00f6ver&nbsp;allt detta&nbsp;f\u00e5r&nbsp;du inblick i de koder som&nbsp;g\u00e4ller&nbsp;inom&nbsp;s\u00e5ngaryrket; exempelvis konsertpraxis, auditionteknik och [&hellip;]<\/p>\n","protected":false},"author":1,"featured_media":1013,"parent":0,"menu_order":0,"comment_status":"closed","ping_status":"closed","template":"","meta":{"footnotes":""},"class_list":["post-1010","page","type-page","status-publish","has-post-thumbnail","hentry"],"_links":{"self":[{"href":"https:\/\/lenahf.se\/index.php\/wp-json\/wp\/v2\/pages\/1010","targetHints":{"allow":["GET"]}}],"collection":[{"href":"https:\/\/lenahf.se\/index.php\/wp-json\/wp\/v2\/pages"}],"about":[{"href":"https:\/\/lenahf.se\/index.php\/wp-json\/wp\/v2\/types\/page"}],"author":[{"embeddable":true,"href":"https:\/\/lenahf.se\/index.php\/wp-json\/wp\/v2\/users\/1"}],"replies":[{"embeddable":true,"href":"https:\/\/lenahf.se\/index.php\/wp-json\/wp\/v2\/comments?post=1010"}],"version-history":[{"count":5,"href":"https:\/\/lenahf.se\/index.php\/wp-json\/wp\/v2\/pages\/1010\/revisions"}],"predecessor-version":[{"id":1157,"href":"https:\/\/lenahf.se\/index.php\/wp-json\/wp\/v2\/pages\/1010\/revisions\/1157"}],"wp:featuredmedia":[{"embeddable":true,"href":"https:\/\/lenahf.se\/index.php\/wp-json\/wp\/v2\/media\/1013"}],"wp:attachment":[{"href":"https:\/\/lenahf.se\/index.php\/wp-json\/wp\/v2\/media?parent=1010"}],"curies":[{"name":"wp","href":"https:\/\/api.w.org\/{rel}","templated":true}]}}