{"id":1029,"date":"2020-12-21T14:17:04","date_gmt":"2020-12-21T14:17:04","guid":{"rendered":"http:\/\/lenahf.se\/?page_id=1029"},"modified":"2025-06-19T19:13:02","modified_gmt":"2025-06-19T19:13:02","slug":"studentkommentarer-med-ljudklipp-2","status":"publish","type":"page","link":"https:\/\/lenahf.se\/index.php\/studentkommentarer-med-ljudklipp-2\/","title":{"rendered":"Student-               kommentarer                       med ljudklipp"},"content":{"rendered":"\n<p><em><a href=\"http:\/\/lenahf.se\/index.php\/studentkommentarer-med-ljudklipp\/\" data-type=\"URL\" data-id=\"http:\/\/lenahf.se\/index.php\/studentkommentarer-med-ljudklipp\/\">Rebecca Hellbom<\/a><\/em><\/p>\n\n\n\n<p><em><a href=\"http:\/\/lenahf.se\/index.php\/amelie-flink\/\" data-type=\"URL\" data-id=\"http:\/\/lenahf.se\/index.php\/amelie-flink\/\">Amelie Flin<\/a><\/em>k<\/p>\n\n\n\n<p><em><a href=\"http:\/\/lenahf.se\/index.php\/marcus-bartoletti\/\" data-type=\"URL\" data-id=\"http:\/\/lenahf.se\/index.php\/marcus-bartoletti\/\">Marcus Bartoletti<\/a><\/em><\/p>\n\n\n\n<p><em><a href=\"http:\/\/lenahf.se\/index.php\/sara-back\/\">Sara B\u00e4ck<\/a><\/em><\/p>\n\n\n\n<p><em><a href=\"http:\/\/lenahf.se\/index.php\/carl-johan-falk\/\">Carl-Johan Falk<\/a><\/em><\/p>\n\n\n\n<p><em><a href=\"http:\/\/lenahf.se\/index.php\/seth-sundman\/\">Seth Sundman<\/a><\/em><\/p>\n\n\n\n<p><em><a href=\"http:\/\/lenahf.se\/index.php\/emma-osterberg\/\">Emma \u00d6sterberg<\/a><\/em><\/p>\n\n\n\n<p><em><a href=\"http:\/\/Amanda Lumbab Olsson, sopran. 2:a \u00e5ret p\u00e5 Kammarmusikprogrammet p\u00e5 Musik- och operah\u00f6gskolan vid M\u00e4lardalens h\u00f6gskola\">Amanda Lumbab Olsson<\/a><\/em><\/p>\n","protected":false},"excerpt":{"rendered":"<p>Rebecca Hellbom Amelie Flink Marcus Bartoletti Sara B\u00e4ck Carl-Johan Falk Seth Sundman Emma \u00d6sterberg Amanda Lumbab Olsson<\/p>\n","protected":false},"author":1,"featured_media":0,"parent":0,"menu_order":0,"comment_status":"closed","ping_status":"closed","template":"","meta":{"footnotes":""},"class_list":["post-1029","page","type-page","status-publish","hentry"],"_links":{"self":[{"href":"https:\/\/lenahf.se\/index.php\/wp-json\/wp\/v2\/pages\/1029","targetHints":{"allow":["GET"]}}],"collection":[{"href":"https:\/\/lenahf.se\/index.php\/wp-json\/wp\/v2\/pages"}],"about":[{"href":"https:\/\/lenahf.se\/index.php\/wp-json\/wp\/v2\/types\/page"}],"author":[{"embeddable":true,"href":"https:\/\/lenahf.se\/index.php\/wp-json\/wp\/v2\/users\/1"}],"replies":[{"embeddable":true,"href":"https:\/\/lenahf.se\/index.php\/wp-json\/wp\/v2\/comments?post=1029"}],"version-history":[{"count":11,"href":"https:\/\/lenahf.se\/index.php\/wp-json\/wp\/v2\/pages\/1029\/revisions"}],"predecessor-version":[{"id":1807,"href":"https:\/\/lenahf.se\/index.php\/wp-json\/wp\/v2\/pages\/1029\/revisions\/1807"}],"wp:attachment":[{"href":"https:\/\/lenahf.se\/index.php\/wp-json\/wp\/v2\/media?parent=1029"}],"curies":[{"name":"wp","href":"https:\/\/api.w.org\/{rel}","templated":true}]}}