{"id":1063,"date":"2020-12-22T14:28:06","date_gmt":"2020-12-22T14:28:06","guid":{"rendered":"http:\/\/lenahf.se\/?page_id=1063"},"modified":"2020-12-22T14:28:08","modified_gmt":"2020-12-22T14:28:08","slug":"sara-back","status":"publish","type":"page","link":"https:\/\/lenahf.se\/index.php\/sara-back\/","title":{"rendered":"Sara                                        B\u00e4ck"},"content":{"rendered":"\n<p><\/p>\n\n\n\n<figure class=\"wp-block-image size-large\"><img loading=\"lazy\" decoding=\"async\" width=\"1024\" height=\"683\" src=\"http:\/\/lenahf.se\/wp-content\/uploads\/2020\/12\/sb-1024x683.jpg\" alt=\"\" class=\"wp-image-1064\" srcset=\"https:\/\/lenahf.se\/wp-content\/uploads\/2020\/12\/sb-1024x683.jpg 1024w, https:\/\/lenahf.se\/wp-content\/uploads\/2020\/12\/sb-300x200.jpg 300w, https:\/\/lenahf.se\/wp-content\/uploads\/2020\/12\/sb-768x512.jpg 768w, https:\/\/lenahf.se\/wp-content\/uploads\/2020\/12\/sb-1536x1024.jpg 1536w, https:\/\/lenahf.se\/wp-content\/uploads\/2020\/12\/sb-2048x1365.jpg 2048w\" sizes=\"auto, (max-width: 1024px) 100vw, 1024px\" \/><\/figure>\n\n\n\n<p><strong>Sara B\u00e4ck<\/strong>, mezzosopran. 2:a \u00e5ret p\u00e5 kammaroperautbildningen p\u00e5 Musik- och operah\u00f6gskolan vid M\u00e4lardalens h\u00f6gskola.<\/p>\n\n\n\n<p>Efter tre \u00e5rs studier p\u00e5 Chalmers tekniska h\u00f6gskola direkt efter gymnasiet, som resulterade i en Teknologie kandidatexamen, och sedan ett \u00e5r p\u00e5 folkh\u00f6gskola s\u00e5 kom jag i kontakt med professor Lena Hellstr\u00f6m-F\u00e4rnl\u00f6f. D\u00e5 b\u00f6rjade mina s\u00e5ngstudier p\u00e5 allvar! Jag b\u00f6rjade studera p\u00e5 Musik- och Operah\u00f6gskolan vid M\u00e4lardalens h\u00f6gskola p\u00e5 V\u00e4ster\u00e5s slott, d\u00e4r Lena \u00e4r verksam. Efter grundutbildningen Kammarmusikprogrammet (som ledde till en Konstn\u00e4rlig kandidatexamen) studerar jag nu andra \u00e5ret p\u00e5 utbildningen i Kammaropera.<\/p>\n\n\n\n<p>Jag tycker Lenas undervisning och utbildningen p\u00e5 skolan \u00e4r mycket bra upplagd i och med att grunderna f\u00f6r s\u00e5ngteknik f\u00f6rst och fr\u00e4mst varit i fokus och att jag allt eftersom har f\u00e5tt utmaningar som jag varit redo f\u00f6r. Detta \u00e4r n\u00e5got som jag \u00e4r oerh\u00f6rt tacksam f\u00f6r! Under mina \u00e5r p\u00e5 skolan har jag f\u00e5tt vara solist med orkester i V\u00e4ster\u00e5s Domkyrka och V\u00e4ster\u00e5s konserthus samt sjungit p\u00e5 konsert i Rikssalen p\u00e5 V\u00e4ster\u00e5s slott v\u00e4ldigt m\u00e5nga g\u00e5nger. Jag har deltagit i sceniska projekt s\u00e5som Riddartornet och senast Mozarts kvinnor som sattes upp p\u00e5 V\u00e4stmanlands teater och Confidencen\/Ulriksdals slottsteater.<\/p>\n\n\n\n<p>Lena undervisar p\u00e5 ett seri\u00f6st och samtidigt lekfullt s\u00e4tt med en energi som alltid smittar av sig. Hon \u00e4r mycket m\u00e5n om att vi studenter ska utveckla en h\u00e4lsosam s\u00e5ngteknik och att vi ska odla v\u00e5rt s\u00e5ngar-mod och artisteri. Hittills p\u00e5 min s\u00e5ngarresa, s\u00e5 har jag genom Lenas ov\u00e4rderliga undervisning utvecklats i h\u00f6g grad, s\u00e5v\u00e4l s\u00e5ngligt som personligt.&nbsp;<\/p>\n\n\n\n<p>Lena ger regelbundet masterclasses runt om i v\u00e4rlden och \u00e4r \u00e4ven sakkunnig i branschen. Hon har en gedigen karri\u00e4r bakom sig och undervisar \u00e4ven s\u00e5ngare som \u00e4r i mitt i karri\u00e4ren. Jag kommer aldrig gl\u00f6mma den g\u00e5ngen d\u00e5 jag ivrigt p\u00e5 en lektion pratade om en s\u00e5ngerska som jag tyckte var s\u00e5 himla bra p\u00e5 en konsert jag just varit p\u00e5, och det visade sig att just denna s\u00e5ngerska tog lektioner f\u00f6r Lena. Jag hade vid tillf\u00e4llet precis b\u00f6rjat f\u00f6r Lena, och gissa om jag blev glad!<\/p>\n\n\n\n<p>2020-11-28\u00a0<\/p>\n\n\n\n<p><strong>L\u00e4nkar med klipp:<\/strong><\/p>\n\n\n\n<p><strong>\u201dWi\u00dft ihr\u2026\u201d from Zigeunerlieder &#8211; J Brahms<\/strong><\/p>\n\n\n\n<figure class=\"wp-block-embed is-type-video is-provider-youtube wp-block-embed-youtube wp-embed-aspect-16-9 wp-has-aspect-ratio\"><div class=\"wp-block-embed__wrapper\">\n<span class=\"embed-youtube\" style=\"text-align:center; display: block;\"><iframe class='youtube-player' type='text\/html' width='1088' height='642' src='https:\/\/www.youtube.com\/embed\/NlgO3k1s9SI?version=3&#038;rel=1&#038;fs=1&#038;autohide=2&#038;showsearch=0&#038;showinfo=1&#038;iv_load_policy=1&#038;wmode=transparent' allowfullscreen='true' style='border:0;'><\/iframe><\/span>\n<\/div><\/figure>\n\n\n\n<p><\/p>\n\n\n\n<p><strong>\u201dKillingdans\u201d from Haugtussa &#8211; E Grie<\/strong>g<\/p>\n\n\n\n<figure class=\"wp-block-embed is-type-video is-provider-youtube wp-block-embed-youtube wp-embed-aspect-16-9 wp-has-aspect-ratio\"><div class=\"wp-block-embed__wrapper\">\n<span class=\"embed-youtube\" style=\"text-align:center; display: block;\"><iframe class='youtube-player' type='text\/html' width='1088' height='642' src='https:\/\/www.youtube.com\/embed\/ysgIrOAJS0o?version=3&#038;rel=1&#038;fs=1&#038;autohide=2&#038;showsearch=0&#038;showinfo=1&#038;iv_load_policy=1&#038;wmode=transparent' allowfullscreen='true' style='border:0;'><\/iframe><\/span>\n<\/div><\/figure>\n\n\n\n<p><\/p>\n\n\n\n<p><strong>\u201dSegudille\u201d (Carmen) from Carmen &#8211; G Bizet<\/strong><\/p>\n\n\n\n<figure class=\"wp-block-embed is-type-video is-provider-youtube wp-block-embed-youtube wp-embed-aspect-16-9 wp-has-aspect-ratio\"><div class=\"wp-block-embed__wrapper\">\n<span class=\"embed-youtube\" style=\"text-align:center; display: block;\"><iframe class='youtube-player' type='text\/html' width='1088' height='642' src='https:\/\/www.youtube.com\/embed\/LKbVcwnAyXE?version=3&#038;rel=1&#038;fs=1&#038;autohide=2&#038;showsearch=0&#038;showinfo=1&#038;iv_load_policy=1&#038;wmode=transparent' allowfullscreen='true' style='border:0;'><\/iframe><\/span>\n<\/div><\/figure>\n","protected":false},"excerpt":{"rendered":"<p>Sara B\u00e4ck, mezzosopran. 2:a \u00e5ret p\u00e5 kammaroperautbildningen p\u00e5 Musik- och operah\u00f6gskolan vid M\u00e4lardalens h\u00f6gskola. Efter tre \u00e5rs studier p\u00e5 Chalmers tekniska h\u00f6gskola direkt efter gymnasiet, som resulterade i en Teknologie kandidatexamen, och sedan ett \u00e5r p\u00e5 folkh\u00f6gskola s\u00e5 kom jag i kontakt med professor Lena Hellstr\u00f6m-F\u00e4rnl\u00f6f. D\u00e5 b\u00f6rjade mina s\u00e5ngstudier p\u00e5 allvar! Jag b\u00f6rjade studera [&hellip;]<\/p>\n","protected":false},"author":1,"featured_media":0,"parent":0,"menu_order":0,"comment_status":"closed","ping_status":"closed","template":"","meta":{"footnotes":""},"class_list":["post-1063","page","type-page","status-publish","hentry"],"_links":{"self":[{"href":"https:\/\/lenahf.se\/index.php\/wp-json\/wp\/v2\/pages\/1063","targetHints":{"allow":["GET"]}}],"collection":[{"href":"https:\/\/lenahf.se\/index.php\/wp-json\/wp\/v2\/pages"}],"about":[{"href":"https:\/\/lenahf.se\/index.php\/wp-json\/wp\/v2\/types\/page"}],"author":[{"embeddable":true,"href":"https:\/\/lenahf.se\/index.php\/wp-json\/wp\/v2\/users\/1"}],"replies":[{"embeddable":true,"href":"https:\/\/lenahf.se\/index.php\/wp-json\/wp\/v2\/comments?post=1063"}],"version-history":[{"count":1,"href":"https:\/\/lenahf.se\/index.php\/wp-json\/wp\/v2\/pages\/1063\/revisions"}],"predecessor-version":[{"id":1065,"href":"https:\/\/lenahf.se\/index.php\/wp-json\/wp\/v2\/pages\/1063\/revisions\/1065"}],"wp:attachment":[{"href":"https:\/\/lenahf.se\/index.php\/wp-json\/wp\/v2\/media?parent=1063"}],"curies":[{"name":"wp","href":"https:\/\/api.w.org\/{rel}","templated":true}]}}