{"id":1072,"date":"2020-12-22T14:37:07","date_gmt":"2020-12-22T14:37:07","guid":{"rendered":"http:\/\/lenahf.se\/?page_id=1072"},"modified":"2020-12-22T14:56:50","modified_gmt":"2020-12-22T14:56:50","slug":"seth-sundman","status":"publish","type":"page","link":"https:\/\/lenahf.se\/index.php\/seth-sundman\/","title":{"rendered":"Seth                               Sundman"},"content":{"rendered":"\n<p><strong>Seth Sundman<\/strong>, baryton. 1:a \u00e5ret p\u00e5 Kammarmusikprogrammet p\u00e5 Musik- och operah\u00f6gskolan vid M\u00e4lardalens h\u00f6gskola<\/p>\n\n\n\n<figure class=\"wp-block-image size-large\"><img loading=\"lazy\" decoding=\"async\" width=\"768\" height=\"1024\" src=\"http:\/\/lenahf.se\/wp-content\/uploads\/2020\/12\/ss-768x1024.jpg\" alt=\"\" class=\"wp-image-1074\" srcset=\"https:\/\/lenahf.se\/wp-content\/uploads\/2020\/12\/ss-768x1024.jpg 768w, https:\/\/lenahf.se\/wp-content\/uploads\/2020\/12\/ss-225x300.jpg 225w, https:\/\/lenahf.se\/wp-content\/uploads\/2020\/12\/ss.jpg 977w\" sizes=\"auto, (max-width: 768px) 100vw, 768px\" \/><\/figure>\n\n\n\n<p>&#8221;ena \u00e4r en fantastisk l\u00e4rare som lyckats l\u00e4ra mig s\u00e5 mycket p\u00e5 v\u00e4ldigt kort tid. I sitt l\u00e4rande utstr\u00e5lar hon kompetens och f\u00f6rst\u00e5else och verkar alltid veta precis vad man beh\u00f6ver h\u00f6ra. Hennes kunskap om r\u00f6stens anatomi och hennes f\u00f6rm\u00e5ga att pin-point:a just precis de delarna som medverkat i just precis det ljud du har skapat \u00e4r suver\u00e4nt f\u00f6rtroendeingivande.<\/p>\n\n\n\n<p>Jag ser fram emot att forts\u00e4tta denna b\u00f6rjan av min s\u00e5ngarresa med hj\u00e4lp av en guide s\u00e5 kapabel utan dess like som Lena Hellstr\u00f6m-F\u00e4rnl\u00f6f.<\/p>\n\n\n\n<p><strong>L\u00e4nkar med klipp:<\/strong><\/p>\n\n\n\n<p><strong>Fanjunkar Berg &#8211; Peterson-Berger<\/strong><\/p>\n\n\n\n<figure class=\"wp-block-embed is-type-video is-provider-youtube wp-block-embed-youtube wp-embed-aspect-16-9 wp-has-aspect-ratio\"><div class=\"wp-block-embed__wrapper\">\n<span class=\"embed-youtube\" style=\"text-align:center; display: block;\"><iframe class='youtube-player' type='text\/html' width='1088' height='642' src='https:\/\/www.youtube.com\/embed\/nBR2EJ7dnUw?version=3&#038;rel=1&#038;fs=1&#038;autohide=2&#038;showsearch=0&#038;showinfo=1&#038;iv_load_policy=1&#038;wmode=transparent' allowfullscreen='true' style='border:0;'><\/iframe><\/span>\n<\/div><\/figure>\n","protected":false},"excerpt":{"rendered":"<p>Seth Sundman, baryton. 1:a \u00e5ret p\u00e5 Kammarmusikprogrammet p\u00e5 Musik- och operah\u00f6gskolan vid M\u00e4lardalens h\u00f6gskola &#8221;ena \u00e4r en fantastisk l\u00e4rare som lyckats l\u00e4ra mig s\u00e5 mycket p\u00e5 v\u00e4ldigt kort tid. I sitt l\u00e4rande utstr\u00e5lar hon kompetens och f\u00f6rst\u00e5else och verkar alltid veta precis vad man beh\u00f6ver h\u00f6ra. Hennes kunskap om r\u00f6stens anatomi och hennes f\u00f6rm\u00e5ga att [&hellip;]<\/p>\n","protected":false},"author":1,"featured_media":0,"parent":0,"menu_order":0,"comment_status":"closed","ping_status":"closed","template":"","meta":{"footnotes":""},"class_list":["post-1072","page","type-page","status-publish","hentry"],"_links":{"self":[{"href":"https:\/\/lenahf.se\/index.php\/wp-json\/wp\/v2\/pages\/1072","targetHints":{"allow":["GET"]}}],"collection":[{"href":"https:\/\/lenahf.se\/index.php\/wp-json\/wp\/v2\/pages"}],"about":[{"href":"https:\/\/lenahf.se\/index.php\/wp-json\/wp\/v2\/types\/page"}],"author":[{"embeddable":true,"href":"https:\/\/lenahf.se\/index.php\/wp-json\/wp\/v2\/users\/1"}],"replies":[{"embeddable":true,"href":"https:\/\/lenahf.se\/index.php\/wp-json\/wp\/v2\/comments?post=1072"}],"version-history":[{"count":2,"href":"https:\/\/lenahf.se\/index.php\/wp-json\/wp\/v2\/pages\/1072\/revisions"}],"predecessor-version":[{"id":1098,"href":"https:\/\/lenahf.se\/index.php\/wp-json\/wp\/v2\/pages\/1072\/revisions\/1098"}],"wp:attachment":[{"href":"https:\/\/lenahf.se\/index.php\/wp-json\/wp\/v2\/media?parent=1072"}],"curies":[{"name":"wp","href":"https:\/\/api.w.org\/{rel}","templated":true}]}}