{"id":1082,"date":"2020-12-22T14:43:08","date_gmt":"2020-12-22T14:43:08","guid":{"rendered":"http:\/\/lenahf.se\/?page_id=1082"},"modified":"2020-12-22T14:43:10","modified_gmt":"2020-12-22T14:43:10","slug":"emma-osterberg","status":"publish","type":"page","link":"https:\/\/lenahf.se\/index.php\/emma-osterberg\/","title":{"rendered":"Emma                           \u00d6sterberg"},"content":{"rendered":"\n<p><strong>Emma \u00d6sterberg<\/strong>, mezzosopran. 2:a \u00e5ret p\u00e5 kammarmusikprogrammet p\u00e5 Musik-och operah\u00f6gskolan vid M\u00e4lardalens h\u00f6gskola.<\/p>\n\n\n\n<p>Jag g\u00e5r andra \u00e5ret p\u00e5 min kandidat p\u00e5 Kammarmusikprogrammet p\u00e5 Musik- och Operah\u00f6gskolan vid M\u00e4lardalens h\u00f6gskola, d\u00e4r Lena \u00e4r s\u00e5ngpedagog och konstn\u00e4rligt ansvarig. Min utveckling har g\u00e5tt i en rasande fart och varje s\u00e5nglektion \u00e4r en resa! Ibland h\u00e4nger jag inte med sj\u00e4lv i min utveckling men d\u00e5 finns Lena alltid d\u00e4r och st\u00f6ttar.&nbsp;<\/p>\n\n\n\n<p>En av anledningarna till att Lena \u00e4r s\u00e5 fantastisk \u00e4r att hon inte s\u00e4tter en i ett fack, utan hon l\u00e5ter r\u00f6sten utvecklas \u00e5t det h\u00e5ll som den vill och och fokuserar p\u00e5 ens individuella klang och personlighet. Hon har inte en best\u00e4md mall att g\u00e5 efter p\u00e5 s\u00e5nglektionerna utan hon utg\u00e5r ifr\u00e5n dagsformen och vad jag beh\u00f6ver just d\u00e5. Detta har varit ov\u00e4rderligt f\u00f6r mig som tidigare har pendlat mellan alla m\u00f6jliga r\u00f6stfack och varit v\u00e4ldigt vilsen i min r\u00f6st.&nbsp;<\/p>\n\n\n\n<p>Lena har otroligt mycket kunskap och en brinnande lust att forts\u00e4tta utbilda sig. Hon bidrar med positivitet och s\u00e5ngargl\u00e4dje och varvar teknik med musikalitet i en perfekt kompott. Hennes energi verkar aldrig ta slut och hon l\u00e4gger ner massor med extra tid p\u00e5 sina studenter. Jag \u00e4r sp\u00e4nd och nyfiken p\u00e5 vad Lena och jag kommer att \u00e5stadkomma i framtiden och jag kan varmt rekommendera Lena till alla som vill utveckla sin musikalitet och sitt artisteri!<\/p>\n\n\n\n<p><strong>L\u00e4nkar till klipp:<\/strong><\/p>\n\n\n\n<p><strong>Ur S\u00e5nger vid havet, G. Nystroem<\/strong><\/p>\n\n\n\n<figure class=\"wp-block-embed is-type-video is-provider-youtube wp-block-embed-youtube wp-embed-aspect-16-9 wp-has-aspect-ratio\"><div class=\"wp-block-embed__wrapper\">\n<span class=\"embed-youtube\" style=\"text-align:center; display: block;\"><iframe class='youtube-player' type='text\/html' width='1088' height='642' src='https:\/\/www.youtube.com\/embed\/g4IgePyYKGE?version=3&#038;rel=1&#038;fs=1&#038;autohide=2&#038;showsearch=0&#038;showinfo=1&#038;iv_load_policy=1&#038;wmode=transparent' allowfullscreen='true' style='border:0;'><\/iframe><\/span>\n<\/div><\/figure>\n\n\n\n<p><strong>Ur Messias, But who may abide<\/strong><\/p>\n\n\n\n<figure class=\"wp-block-embed is-type-video is-provider-youtube wp-block-embed-youtube wp-embed-aspect-16-9 wp-has-aspect-ratio\"><div class=\"wp-block-embed__wrapper\">\n<span class=\"embed-youtube\" style=\"text-align:center; display: block;\"><iframe class='youtube-player' type='text\/html' width='1088' height='642' src='https:\/\/www.youtube.com\/embed\/H5yKIaUDmPk?version=3&#038;rel=1&#038;fs=1&#038;autohide=2&#038;showsearch=0&#038;showinfo=1&#038;iv_load_policy=1&#038;wmode=transparent' allowfullscreen='true' style='border:0;'><\/iframe><\/span>\n<\/div><\/figure>\n","protected":false},"excerpt":{"rendered":"<p>Emma \u00d6sterberg, mezzosopran. 2:a \u00e5ret p\u00e5 kammarmusikprogrammet p\u00e5 Musik-och operah\u00f6gskolan vid M\u00e4lardalens h\u00f6gskola. Jag g\u00e5r andra \u00e5ret p\u00e5 min kandidat p\u00e5 Kammarmusikprogrammet p\u00e5 Musik- och Operah\u00f6gskolan vid M\u00e4lardalens h\u00f6gskola, d\u00e4r Lena \u00e4r s\u00e5ngpedagog och konstn\u00e4rligt ansvarig. Min utveckling har g\u00e5tt i en rasande fart och varje s\u00e5nglektion \u00e4r en resa! Ibland h\u00e4nger jag inte med [&hellip;]<\/p>\n","protected":false},"author":1,"featured_media":0,"parent":0,"menu_order":0,"comment_status":"closed","ping_status":"closed","template":"","meta":{"footnotes":""},"class_list":["post-1082","page","type-page","status-publish","hentry"],"_links":{"self":[{"href":"https:\/\/lenahf.se\/index.php\/wp-json\/wp\/v2\/pages\/1082","targetHints":{"allow":["GET"]}}],"collection":[{"href":"https:\/\/lenahf.se\/index.php\/wp-json\/wp\/v2\/pages"}],"about":[{"href":"https:\/\/lenahf.se\/index.php\/wp-json\/wp\/v2\/types\/page"}],"author":[{"embeddable":true,"href":"https:\/\/lenahf.se\/index.php\/wp-json\/wp\/v2\/users\/1"}],"replies":[{"embeddable":true,"href":"https:\/\/lenahf.se\/index.php\/wp-json\/wp\/v2\/comments?post=1082"}],"version-history":[{"count":1,"href":"https:\/\/lenahf.se\/index.php\/wp-json\/wp\/v2\/pages\/1082\/revisions"}],"predecessor-version":[{"id":1083,"href":"https:\/\/lenahf.se\/index.php\/wp-json\/wp\/v2\/pages\/1082\/revisions\/1083"}],"wp:attachment":[{"href":"https:\/\/lenahf.se\/index.php\/wp-json\/wp\/v2\/media?parent=1082"}],"curies":[{"name":"wp","href":"https:\/\/api.w.org\/{rel}","templated":true}]}}