{"id":1090,"date":"2020-12-22T14:49:37","date_gmt":"2020-12-22T14:49:37","guid":{"rendered":"http:\/\/lenahf.se\/?page_id=1090"},"modified":"2020-12-22T14:49:40","modified_gmt":"2020-12-22T14:49:40","slug":"amanda-lumbab-olsson","status":"publish","type":"page","link":"https:\/\/lenahf.se\/index.php\/amanda-lumbab-olsson\/","title":{"rendered":"Amanda Lumbab            Olsson"},"content":{"rendered":"\n<p><\/p>\n\n\n\n<figure class=\"wp-block-image size-large\"><img loading=\"lazy\" decoding=\"async\" width=\"124\" height=\"221\" src=\"http:\/\/lenahf.se\/wp-content\/uploads\/2020\/12\/alo.jpg\" alt=\"\" class=\"wp-image-1091\"\/><\/figure>\n\n\n\n<p><strong>Amanda Lumbab Olsson<\/strong>, sopran. 2:a \u00e5ret p\u00e5 Kammarmusikprogrammet p\u00e5 Musik- och operah\u00f6gskolan vid M\u00e4lardalens h\u00f6gskola<\/p>\n\n\n\n<p>Jag har full tillit till att Lena ger mig r\u00e5d som \u00e4r b\u00e5de \u00e4rliga och vill mig och min r\u00f6st det allra b\u00e4sta m\u00f6jliga. S\u00e5ngen \u00e4r s\u00e5 mycket mer \u00e4n bara s\u00e5ngteknik vilket jag har insett genom att f\u00e5 ha Lena som l\u00e4rare. Jag k\u00e4nner verkligen att Lena v\u00e4rnar om att beh\u00e5lla personligheten i varje persons r\u00f6st utan att st\u00f6pa alla i samma form. P\u00e5 bara ett \u00e5r har jag nu b\u00f6rjat bygga en teknik som jag vet att jag kommer kunna f\u00f6rlita mig p\u00e5 \u00e4ven om jag inte skulle k\u00e4nna mig p\u00e5 topp. Dessutom \u00e4r Lena en s\u00e5dan varm person som f\u00e5r m\u00e4nniskor i sin n\u00e4rhet att verkligen str\u00e5la.<\/p>\n","protected":false},"excerpt":{"rendered":"<p>Amanda Lumbab Olsson, sopran. 2:a \u00e5ret p\u00e5 Kammarmusikprogrammet p\u00e5 Musik- och operah\u00f6gskolan vid M\u00e4lardalens h\u00f6gskola Jag har full tillit till att Lena ger mig r\u00e5d som \u00e4r b\u00e5de \u00e4rliga och vill mig och min r\u00f6st det allra b\u00e4sta m\u00f6jliga. S\u00e5ngen \u00e4r s\u00e5 mycket mer \u00e4n bara s\u00e5ngteknik vilket jag har insett genom att f\u00e5 ha [&hellip;]<\/p>\n","protected":false},"author":1,"featured_media":0,"parent":0,"menu_order":0,"comment_status":"closed","ping_status":"closed","template":"","meta":{"footnotes":""},"class_list":["post-1090","page","type-page","status-publish","hentry"],"_links":{"self":[{"href":"https:\/\/lenahf.se\/index.php\/wp-json\/wp\/v2\/pages\/1090","targetHints":{"allow":["GET"]}}],"collection":[{"href":"https:\/\/lenahf.se\/index.php\/wp-json\/wp\/v2\/pages"}],"about":[{"href":"https:\/\/lenahf.se\/index.php\/wp-json\/wp\/v2\/types\/page"}],"author":[{"embeddable":true,"href":"https:\/\/lenahf.se\/index.php\/wp-json\/wp\/v2\/users\/1"}],"replies":[{"embeddable":true,"href":"https:\/\/lenahf.se\/index.php\/wp-json\/wp\/v2\/comments?post=1090"}],"version-history":[{"count":1,"href":"https:\/\/lenahf.se\/index.php\/wp-json\/wp\/v2\/pages\/1090\/revisions"}],"predecessor-version":[{"id":1092,"href":"https:\/\/lenahf.se\/index.php\/wp-json\/wp\/v2\/pages\/1090\/revisions\/1092"}],"wp:attachment":[{"href":"https:\/\/lenahf.se\/index.php\/wp-json\/wp\/v2\/media?parent=1090"}],"curies":[{"name":"wp","href":"https:\/\/api.w.org\/{rel}","templated":true}]}}