{"id":1108,"date":"2020-12-22T15:35:08","date_gmt":"2020-12-22T15:35:08","guid":{"rendered":"http:\/\/lenahf.se\/?page_id=1108"},"modified":"2021-01-05T15:26:24","modified_gmt":"2021-01-05T15:26:24","slug":"se-mig","status":"publish","type":"page","link":"https:\/\/lenahf.se\/index.php\/se-mig\/","title":{"rendered":"Se mig!"},"content":{"rendered":"\n<p>Barnoperaproduktioner p\u00e5 Musik- och operah\u00f6gskolan vid M\u00e4lardalens h\u00f6gskola <strong>Unga sjunger f\u00f6r den yngre publiken<\/strong>:<\/p>\n\n\n\n<p>2016 &#8211; Fantasi<br>2019 &#8211; Varf\u00f6r sjunger de s\u00e5 starkt!<br><strong>Ht 2020: Se mig!<\/strong><\/p>\n\n\n\n<p>\n\t\t<!-- MasterSlider -->\n\t\t<div id=\"P_MS69e430afef36d\" class=\"master-slider-parent msl ms-parent-id-7\" style=\"max-width:1000px;\"  >\n\n\t\t\t\n\t\t\t<!-- MasterSlider Main -->\n\t\t\t<div id=\"MS69e430afef36d\" class=\"master-slider ms-skin-default\" >\n\t\t\t\t \t\t\t\t \n\t\t\t\t<div  class=\"ms-slide\" data-delay=\"3\" data-fill-mode=\"fill\"  >\n\t\t\t\t\t<img decoding=\"async\" src=\"https:\/\/lenahf.se\/wp-content\/plugins\/master-slider\/public\/assets\/css\/blank.gif\" alt=\"\" title=\"\" data-src=\"https:\/\/lenahf.se\/wp-content\/uploads\/2020\/12\/CF1-1000x1000.jpg\" \/>\n\n\n\t<div class=\"ms-thumb\" ><div class=\"ms-tab-context\"><div class=&quot;ms-tab-context&quot;><\/div><\/div>\n<\/div>\n\t\t\t\t<\/div>\n\t\t\t\t<div  class=\"ms-slide\" data-delay=\"3\" data-fill-mode=\"fill\"  >\n\t\t\t\t\t<img decoding=\"async\" src=\"https:\/\/lenahf.se\/wp-content\/plugins\/master-slider\/public\/assets\/css\/blank.gif\" alt=\"\" title=\"\" data-src=\"https:\/\/lenahf.se\/wp-content\/uploads\/2020\/12\/CF5-1000x1000.jpg\" \/>\n\n\n\t<div class=\"ms-thumb\" ><div class=\"ms-tab-context\"><div class=&quot;ms-tab-context&quot;><\/div><\/div>\n<\/div>\n\t\t\t\t<\/div>\n\t\t\t\t<div  class=\"ms-slide\" data-delay=\"3\" data-fill-mode=\"fill\"  >\n\t\t\t\t\t<img decoding=\"async\" src=\"https:\/\/lenahf.se\/wp-content\/plugins\/master-slider\/public\/assets\/css\/blank.gif\" alt=\"\" title=\"\" data-src=\"https:\/\/lenahf.se\/wp-content\/uploads\/2020\/12\/CF6-1000x1000.jpg\" \/>\n\n\n\t<div class=\"ms-thumb\" ><div class=\"ms-tab-context\"><div class=&quot;ms-tab-context&quot;><\/div><\/div>\n<\/div>\n\t\t\t\t<\/div>\n\t\t\t\t<div  class=\"ms-slide\" data-delay=\"3\" data-fill-mode=\"fill\"  >\n\t\t\t\t\t<img decoding=\"async\" src=\"https:\/\/lenahf.se\/wp-content\/plugins\/master-slider\/public\/assets\/css\/blank.gif\" alt=\"\" title=\"\" data-src=\"https:\/\/lenahf.se\/wp-content\/uploads\/2020\/12\/CF7-1000x1000.jpg\" \/>\n\n\n\t<div class=\"ms-thumb\" ><div class=\"ms-tab-context\"><div class=&quot;ms-tab-context&quot;><\/div><\/div>\n<\/div>\n\t\t\t\t<\/div>\n\t\t\t\t<div  class=\"ms-slide\" data-delay=\"3\" data-fill-mode=\"fill\"  >\n\t\t\t\t\t<img decoding=\"async\" src=\"https:\/\/lenahf.se\/wp-content\/plugins\/master-slider\/public\/assets\/css\/blank.gif\" alt=\"\" title=\"\" data-src=\"https:\/\/lenahf.se\/wp-content\/uploads\/2020\/12\/CF8-1000x1000.jpg\" \/>\n\n\n\t<div class=\"ms-thumb\" ><div class=\"ms-tab-context\"><div class=&quot;ms-tab-context&quot;><\/div><\/div>\n<\/div>\n\t\t\t\t<\/div>\n\t\t\t\t<div  class=\"ms-slide\" data-delay=\"3\" data-fill-mode=\"fill\"  >\n\t\t\t\t\t<img decoding=\"async\" src=\"https:\/\/lenahf.se\/wp-content\/plugins\/master-slider\/public\/assets\/css\/blank.gif\" alt=\"\" title=\"\" data-src=\"https:\/\/lenahf.se\/wp-content\/uploads\/2020\/12\/CF3-1000x1000.jpg\" \/>\n\n\n\t<div class=\"ms-thumb\" ><div class=\"ms-tab-context\"><div class=&quot;ms-tab-context&quot;><\/div><\/div>\n<\/div>\n\t\t\t\t<\/div>\n\t\t\t\t<div  class=\"ms-slide\" data-delay=\"3\" data-fill-mode=\"fill\"  >\n\t\t\t\t\t<img decoding=\"async\" src=\"https:\/\/lenahf.se\/wp-content\/plugins\/master-slider\/public\/assets\/css\/blank.gif\" alt=\"\" title=\"\" data-src=\"https:\/\/lenahf.se\/wp-content\/uploads\/2021\/01\/cb-1000x1000.jpg\" \/>\n\n\n\t<div class=\"ms-thumb\" ><div class=\"ms-tab-context\"><div class=&quot;ms-tab-context&quot;><\/div><\/div>\n<\/div>\n\t\t\t\t<\/div>\n\n\t\t\t<\/div>\n\t\t\t<!-- END MasterSlider Main -->\n\n\t\t\t \n\t\t<\/div>\n\t\t<!-- END MasterSlider -->\n\n\t\t<script>\n\t\t(function ( $ ) {\n\t\t\t\"use strict\";\n\n\t\t\t$(function () {\n\t\t\t\tvar masterslider_f36d = new MasterSlider();\n\n\t\t\t\t\/\/ slider controls\n\n\t\t\t\t\/\/ slider setup\n\t\t\t\tmasterslider_f36d.setup(\"MS69e430afef36d\", {\n\t\t\t\t\t\twidth           : 1000,\n\t\t\t\t\t\theight          : 1000,\n\t\t\t\t\t\tminHeight       : 0,\n\t\t\t\t\t\tspace           : 0,\n\t\t\t\t\t\tstart           : 1,\n\t\t\t\t\t\tgrabCursor      : true,\n\t\t\t\t\t\tswipe           : true,\n\t\t\t\t\t\tmouse           : true,\n\t\t\t\t\t\tlayout          : \"boxed\",\n\t\t\t\t\t\twheel           : false,\n\t\t\t\t\t\tautoplay        : true,\n\t\t\t\t\t\tinstantStartLayers:false,\n\t\t\t\t\t\tloop            : false,\n\t\t\t\t\t\tshuffle         : false,\n\t\t\t\t\t\tpreload         : 0,\n\t\t\t\t\t\theightLimit     : true,\n\t\t\t\t\t\tautoHeight      : true,\n\t\t\t\t\t\tsmoothHeight    : true,\n\t\t\t\t\t\tendPause        : false,\n\t\t\t\t\t\toverPause       : true,\n\t\t\t\t\t\tfillMode        : \"fill\",\n\t\t\t\t\t\tcenterControls  : true,\n\t\t\t\t\t\tstartOnAppear   : false,\n\t\t\t\t\t\tlayersMode      : \"center\",\n\t\t\t\t\t\thideLayers      : false,\n\t\t\t\t\t\tfullscreenMargin: 0,\n\t\t\t\t\t\tspeed           : 20,\n\t\t\t\t\t\tdir             : \"h\",\n\t\t\t\t\t\tparallaxMode    : 'swipe',\n\t\t\t\t\t\tview            : \"basic\"\n\t\t\t\t});\n\n\t\t\t\t\n\t\t\t\twindow.masterslider_instances = window.masterslider_instances || [];\n\t\t\t\twindow.masterslider_instances.push( masterslider_f36d );\n\t\t\t });\n\n\t\t})(jQuery);\n\t\t<\/script>\n\n<br>Fotograf Jonas Bilberg<\/p>\n\n\n\n<p class=\"has-text-align-center\"><strong>Se mig!<\/strong><\/p>\n\n\n\n<p>V\u00e4lkomna p\u00e5 en festlig och underh\u00e5llande operaf\u00f6rest\u00e4llning f\u00f6r barn fylld av operap\u00e4rlor och lekfulla toner!<\/p>\n\n\n\n<p><em>En samproduktion mellan<\/em> <em>V\u00e4ster\u00e5s Stad, Sm\u00e5landsoperan och<\/em> <em>Musik- och operah\u00f6gskolan<\/em> <em>vid M\u00e4lardalens h\u00f6gskola<\/em>.<\/p>\n\n\n\n<p>F\u00f6delsedagsbarnet har planerat hela kv\u00e4llen och snart kommer alla v\u00e4nnerna med sp\u00e4nnande paket. Ljusen \u00e4r t\u00e4nda p\u00e5 t\u00e5rtan, ballongerna uppbl\u00e5sta och allt \u00e4r fixat f\u00f6r ett roligt, alldeles underbart kalas. Alla leker tillsammans men en efter en blir fast i sin mobiltelefon och slutar leka. Varf\u00f6r m\u00e5ste mobilerna alltid st\u00f6ra?<\/p>\n\n\n\n<p>Vad skulle h\u00e4nda om mobilerna slutade fungera, eller rent av f\u00f6rsvann? Hur leker man utan sk\u00e4rmar och mobilspel? Vad ska jag g\u00f6ra f\u00f6r att dom ska leka med mig igen? SE MIG!<\/p>\n\n\n\n<p>&nbsp;&nbsp;&nbsp;&nbsp;&nbsp;&nbsp;&nbsp;&nbsp;&nbsp;&nbsp;&nbsp;&nbsp;&nbsp;&nbsp;&nbsp;&nbsp;&nbsp;&nbsp;&nbsp;&nbsp;&nbsp;&nbsp;&nbsp;&nbsp;&nbsp;&nbsp;&nbsp;&nbsp;&nbsp;&nbsp;&nbsp;&nbsp;&nbsp;&nbsp;&nbsp;&nbsp;&nbsp;&nbsp;&nbsp;&nbsp;&nbsp;&nbsp;&nbsp;&nbsp;&nbsp;&nbsp;&nbsp;&nbsp;&nbsp;&nbsp;&nbsp;&nbsp;&nbsp;&nbsp; &nbsp;&nbsp;&nbsp;&nbsp;I rollerna:<\/p>\n\n\n\n<p>Nova \u2013 Alba Gutierrez Malmbom, sopran<\/p>\n\n\n\n<p>Tilda \u2013 Karin Mobacke, sopran<\/p>\n\n\n\n<p>Astrid \u2013 Sara B\u00e4ck, mezzosopran<\/p>\n\n\n\n<p>Hugo \u2013 Carl-Johan Falk, tenor<\/p>\n\n\n\n<p>Wilmer \u2013 Marcus Bartoletti, baryton<\/p>\n\n\n\n<p>Piano: Elvira B\u00f6rlin<\/p>\n\n\n\n<p>Regi: Olle Persson<\/p>\n\n\n\n<p>Id\u00e9 och konstn\u00e4rlig chef:<\/p>\n\n\n\n<p>Lena Hellstr\u00f6m-F\u00e4rnl\u00f6f<\/p>\n\n\n\n<p>Ljus och teknik: Larsa Backman<\/p>\n\n\n\n<p>Musik av:<\/p>\n\n\n\n<p>W. A. Mozart<\/p>\n\n\n\n<p>L. Bernstein<\/p>\n\n\n\n<p>G. Rossini<\/p>\n\n\n\n<p>G. Donizetti<\/p>\n\n\n\n<p>G. Verdi<\/p>\n\n\n\n<p>G. Puccini<\/p>\n\n\n\n<p>G. Bizet<\/p>\n\n\n\n<p>Texter: Studenterna<\/p>\n","protected":false},"excerpt":{"rendered":"<p>Barnoperaproduktioner p\u00e5 Musik- och operah\u00f6gskolan vid M\u00e4lardalens h\u00f6gskola Unga sjunger f\u00f6r den yngre publiken: 2016 &#8211; Fantasi2019 &#8211; Varf\u00f6r sjunger de s\u00e5 starkt!Ht 2020: Se mig! Fotograf Jonas Bilberg Se mig! V\u00e4lkomna p\u00e5 en festlig och underh\u00e5llande operaf\u00f6rest\u00e4llning f\u00f6r barn fylld av operap\u00e4rlor och lekfulla toner! En samproduktion mellan V\u00e4ster\u00e5s Stad, Sm\u00e5landsoperan och Musik- och [&hellip;]<\/p>\n","protected":false},"author":1,"featured_media":1109,"parent":0,"menu_order":0,"comment_status":"closed","ping_status":"closed","template":"","meta":{"footnotes":""},"class_list":["post-1108","page","type-page","status-publish","has-post-thumbnail","hentry"],"_links":{"self":[{"href":"https:\/\/lenahf.se\/index.php\/wp-json\/wp\/v2\/pages\/1108","targetHints":{"allow":["GET"]}}],"collection":[{"href":"https:\/\/lenahf.se\/index.php\/wp-json\/wp\/v2\/pages"}],"about":[{"href":"https:\/\/lenahf.se\/index.php\/wp-json\/wp\/v2\/types\/page"}],"author":[{"embeddable":true,"href":"https:\/\/lenahf.se\/index.php\/wp-json\/wp\/v2\/users\/1"}],"replies":[{"embeddable":true,"href":"https:\/\/lenahf.se\/index.php\/wp-json\/wp\/v2\/comments?post=1108"}],"version-history":[{"count":4,"href":"https:\/\/lenahf.se\/index.php\/wp-json\/wp\/v2\/pages\/1108\/revisions"}],"predecessor-version":[{"id":1182,"href":"https:\/\/lenahf.se\/index.php\/wp-json\/wp\/v2\/pages\/1108\/revisions\/1182"}],"wp:featuredmedia":[{"embeddable":true,"href":"https:\/\/lenahf.se\/index.php\/wp-json\/wp\/v2\/media\/1109"}],"wp:attachment":[{"href":"https:\/\/lenahf.se\/index.php\/wp-json\/wp\/v2\/media?parent=1108"}],"curies":[{"name":"wp","href":"https:\/\/api.w.org\/{rel}","templated":true}]}}