{"id":122,"date":"2017-03-08T17:25:19","date_gmt":"2017-03-08T17:25:19","guid":{"rendered":"http:\/\/lenahf.se\/?page_id=122"},"modified":"2018-03-03T15:17:51","modified_gmt":"2018-03-03T15:17:51","slug":"vad-sags-i-pressen","status":"publish","type":"page","link":"https:\/\/lenahf.se\/index.php\/vad-sags-i-pressen\/","title":{"rendered":"Vad s\u00e4gs om mig i pressen?"},"content":{"rendered":"<p><strong>Recensionsklipp fr\u00e5n svensk press, n\u00e5gra i urval<\/strong><\/p>\n<p>\u25ba<strong> Opera<\/strong><\/p>\n<p>* \u201d<em>Lena har force i sin komiska \u00e5dra<\/em>\u201d, DN<\/p>\n<p>* \u201d<em>s\u00e4kra koloraturer och h\u00f6jdtoner<\/em>\u201d, DN<\/p>\n<p>* \u201d<em>en ovanlig k\u00e4nslighet f\u00f6r fina val\u00f6rer<\/em>\u201d, SvD<\/p>\n<p>* \u201d<em>publiken imponeras av Lenas s\u00e4kra h\u00f6jdtoner och r\u00f6stakrobatik i Klockarian ur Lakm\u00e9<\/em>\u201d GP<\/p>\n<p>* \u201d<em>hennes lyriska klangsk\u00f6na soparn och hennes naturliga scenn\u00e4rvaro<\/em>\u201d, Aftonbladet<\/p>\n<p>* \u201d<em>dramatik och glimrande kraft i h\u00f6jdtonerna<\/em>\u201d, DN<\/p>\n<p>* \u201d<em>hon \u00e4r en primadonna men ocks\u00e5 en sn\u00e4rta som sk\u00e4lmskt f\u00e5ngar publiken<\/em>\u201d, VLT<\/p>\n<p>\u25ba <strong>Modernt<\/strong><\/p>\n<p>* \u201d<em>en underbart t\u00e4t och omf\u00e5ngsrik st\u00e4mma med stor dynamisk kapacitet<\/em>\u201d, DN<\/p>\n<p>* \u201d<em>hon sj\u00f6ng ordl\u00f6st s\u00e5 att det blev ett ok\u00e4nt men inte fr\u00e4mmande spr\u00e5k, sensuellt och sp\u00e4nstigt<\/em>\u201d, VLT<\/p>\n<p>\u25ba <strong>Romanser<\/strong><\/p>\n<p>* \u201d<em>delikata romanstolkningar<\/em>\u201d, VLT<\/p>\n<p>* \u201dhennes pianissimi \u00e4r uts\u00f6kta\u201d, Expressen<\/p>\n<p>* \u201d<em>perfekt uttal p\u00e5 fem spr\u00e5k<\/em>\u201d, VLT<\/p>\n<p>* \u201d<em>\u00f6vertygande gestaltningsf\u00f6rm\u00e5ga<\/em>\u201d, NT<\/p>\n<p>\u25ba <strong>Barock<\/strong><\/p>\n<p>* \u201d<em>frisk och kristallklar st\u00e4mma<\/em>\u201d, DN<\/p>\n<p>* \u201d<em>imponerande med fin h\u00f6jd och k\u00e4nsla f\u00f6r textinneh\u00e5llet<\/em>\u201d, N<\/p>\n","protected":false},"excerpt":{"rendered":"<p>Recensionsklipp fr\u00e5n svensk press, n\u00e5gra i urval \u25ba Opera * \u201dLena har force i sin komiska \u00e5dra\u201d, DN * \u201ds\u00e4kra koloraturer och h\u00f6jdtoner\u201d, DN * \u201den ovanlig k\u00e4nslighet f\u00f6r fina val\u00f6rer\u201d, SvD * \u201dpubliken imponeras av Lenas s\u00e4kra h\u00f6jdtoner och r\u00f6stakrobatik i Klockarian ur Lakm\u00e9\u201d GP * \u201dhennes lyriska klangsk\u00f6na soparn och hennes naturliga scenn\u00e4rvaro\u201d, [&hellip;]<\/p>\n","protected":false},"author":1,"featured_media":0,"parent":0,"menu_order":0,"comment_status":"closed","ping_status":"closed","template":"","meta":{"footnotes":""},"class_list":["post-122","page","type-page","status-publish","hentry"],"_links":{"self":[{"href":"https:\/\/lenahf.se\/index.php\/wp-json\/wp\/v2\/pages\/122","targetHints":{"allow":["GET"]}}],"collection":[{"href":"https:\/\/lenahf.se\/index.php\/wp-json\/wp\/v2\/pages"}],"about":[{"href":"https:\/\/lenahf.se\/index.php\/wp-json\/wp\/v2\/types\/page"}],"author":[{"embeddable":true,"href":"https:\/\/lenahf.se\/index.php\/wp-json\/wp\/v2\/users\/1"}],"replies":[{"embeddable":true,"href":"https:\/\/lenahf.se\/index.php\/wp-json\/wp\/v2\/comments?post=122"}],"version-history":[{"count":4,"href":"https:\/\/lenahf.se\/index.php\/wp-json\/wp\/v2\/pages\/122\/revisions"}],"predecessor-version":[{"id":307,"href":"https:\/\/lenahf.se\/index.php\/wp-json\/wp\/v2\/pages\/122\/revisions\/307"}],"wp:attachment":[{"href":"https:\/\/lenahf.se\/index.php\/wp-json\/wp\/v2\/media?parent=122"}],"curies":[{"name":"wp","href":"https:\/\/api.w.org\/{rel}","templated":true}]}}