{"id":126,"date":"2017-03-08T17:33:30","date_gmt":"2017-03-08T17:33:30","guid":{"rendered":"http:\/\/lenahf.se\/?page_id=126"},"modified":"2018-03-17T14:18:55","modified_gmt":"2018-03-17T14:18:55","slug":"jag-och-good-company","status":"publish","type":"page","link":"https:\/\/lenahf.se\/index.php\/jag-och-good-company\/","title":{"rendered":"Jag och Good Company"},"content":{"rendered":"<p><strong>Good Company Artist Management<\/strong> startade i slutet av 2007 och har p\u00e5 kort tid etablerats p\u00e5 den internationella marknaden, i Skandinavien \u00e4r vi en av de ledande agenturerna. V\u00e5r ambition \u00e4r att erbjuda artister inom fr\u00e4mst det klassiska omr\u00e5det ett helt\u00e4ckande st\u00f6d i deras konstn\u00e4rliga utveckling och karri\u00e4r. Good Companys artistlista inneh\u00e5ller flera v\u00e4lrenommerade \u00a0internationella artister; s\u00e5ngare, dirigenter, regiss\u00f6rer och instrumentalister som alla erbjuds professionell och personlig management service. I v\u00e5rt kontaktn\u00e4t finns operahus och konsertarrang\u00f6rer \u00f6ver hela v\u00e4rlden, med tonvikt p\u00e5 Europa och USA.<\/p>\n<p>Verksamheten kommer under 2012 att utvidgas med Touring management i f\u00f6rsta hand inriktad p\u00e5 ensembler och orkestrar som vill turnera i Skandinavien.<\/p>\n<p>\u25ba <a href=\"http:\/\/goodcompany.se\/the-agency\/\" target=\"_blank\" rel=\"noopener\">Jag och\u00a0Good Company<\/a><\/p>\n","protected":false},"excerpt":{"rendered":"<p>Good Company Artist Management startade i slutet av 2007 och har p\u00e5 kort tid etablerats p\u00e5 den internationella marknaden, i Skandinavien \u00e4r vi en av de ledande agenturerna. V\u00e5r ambition \u00e4r att erbjuda artister inom fr\u00e4mst det klassiska omr\u00e5det ett helt\u00e4ckande st\u00f6d i deras konstn\u00e4rliga utveckling och karri\u00e4r. Good Companys artistlista inneh\u00e5ller flera v\u00e4lrenommerade \u00a0internationella [&hellip;]<\/p>\n","protected":false},"author":1,"featured_media":0,"parent":0,"menu_order":0,"comment_status":"closed","ping_status":"closed","template":"","meta":{"footnotes":""},"class_list":["post-126","page","type-page","status-publish","hentry"],"_links":{"self":[{"href":"https:\/\/lenahf.se\/index.php\/wp-json\/wp\/v2\/pages\/126","targetHints":{"allow":["GET"]}}],"collection":[{"href":"https:\/\/lenahf.se\/index.php\/wp-json\/wp\/v2\/pages"}],"about":[{"href":"https:\/\/lenahf.se\/index.php\/wp-json\/wp\/v2\/types\/page"}],"author":[{"embeddable":true,"href":"https:\/\/lenahf.se\/index.php\/wp-json\/wp\/v2\/users\/1"}],"replies":[{"embeddable":true,"href":"https:\/\/lenahf.se\/index.php\/wp-json\/wp\/v2\/comments?post=126"}],"version-history":[{"count":3,"href":"https:\/\/lenahf.se\/index.php\/wp-json\/wp\/v2\/pages\/126\/revisions"}],"predecessor-version":[{"id":373,"href":"https:\/\/lenahf.se\/index.php\/wp-json\/wp\/v2\/pages\/126\/revisions\/373"}],"wp:attachment":[{"href":"https:\/\/lenahf.se\/index.php\/wp-json\/wp\/v2\/media?parent=126"}],"curies":[{"name":"wp","href":"https:\/\/api.w.org\/{rel}","templated":true}]}}