{"id":1288,"date":"2021-02-01T18:45:09","date_gmt":"2021-02-01T18:45:09","guid":{"rendered":"http:\/\/lenahf.se\/?page_id=1288"},"modified":"2021-02-01T18:50:46","modified_gmt":"2021-02-01T18:50:46","slug":"med-lenas-hjalp-hittade-jag-verkligen-hem-emilia-linderholm","status":"publish","type":"page","link":"https:\/\/lenahf.se\/index.php\/med-lenas-hjalp-hittade-jag-verkligen-hem-emilia-linderholm\/","title":{"rendered":"&#8221;Med Lenas hj\u00e4lp hittade jag verkligen hem&#8221;                  Emilia Linderholm"},"content":{"rendered":"\n<p>N\u00e4r jag b\u00f6rjade ta lektioner f\u00f6r Lena hade jag k\u00e4mpat p\u00e5 i m\u00e5nga \u00e5r med min s\u00e5ng. Olika pedagoger som alla hade olika l\u00f6sningar p\u00e5 det jag k\u00e4mpade med.<\/p>\n\n\n\n<p>Med Lenas hj\u00e4lp hittade jag verkligen hem. Hon hj\u00e4lpte mig med grundade bra \u00f6vningar och r\u00e4tt repertoar att hitta den r\u00f6st och det konstn\u00e4rliga utryck som jag b\u00e4r med mig \u00e4nnu idag. Lena s\u00e5g och h\u00f6rde hela mig , f\u00f6rstod hur hon skulle f\u00e5 fram min stabilitet i r\u00f6sten och i min personlighet och hj\u00e4lpa mig att n\u00e5 h\u00f6gsta potential med mycket boost av b\u00e5de sj\u00e4lvf\u00f6rtroende, konstn\u00e4rligt utryck och sunt tekniskt kunnande.<\/p>\n\n\n\n<p>Idag arbetar jag fr\u00e4mst som konstn\u00e4r men minst 4 g\u00e5nger per \u00e5r framtr\u00e4der jag \u00e4ven som operas\u00e5ngerska i olika sammanhang b\u00e5de i samband med mina utst\u00e4llningar men ocks\u00e5 ofta p\u00e5 konsterthus eller i andra st\u00f6rre sammanhang. Det \u00e4r d\u00e5 viktigt att ha kunskapen och redskapen att hitta tillbaka till den r\u00f6st jag hade d\u00e5 jag var som mest verksam som s\u00e5ngerska. De \u00f6vningarna jag fick med mig fr\u00e5n tiden hos Lena \u00e4r enkla och effektiva ,de f\u00e5r ig\u00e5ng r\u00e4tt muskler och r\u00e4tt tanke. Att v\u00e5ga kombinera dessa tv\u00e5<br>sidor hos mig &#8211; konsten och s\u00e5ngen och att v\u00e5ga tro p\u00e5 att det g\u00e5r att kombinera och leva p\u00e5 fick jag verkligen med mig under \u00e5ren p\u00e5 M\u00e4lardalens H\u00f6gskola genom Lena .<\/p>\n\n\n\n<p>Att efter ett l\u00e5ngt uppeh\u00e5ll i s\u00e5ngen direkt kunna komma i kontakt med r\u00e4tt muskler , andning och k\u00e4nsla med de \u00f6vningar jag l\u00e4rde mig under Lenas \u00e5r \u00e4r s\u00e5 oerh\u00f6rt mycket v\u00e4rt oavsett om jag ska sjunga acapella p\u00e5 ett galleri eller p\u00e5 en st\u00f6rre scen med ett helt program. Jag kan varmt rekommendera Lena som s\u00e5ngpedagog, inspirerande, varm och oerh\u00f6rt kunnig !<\/p>\n\n\n\n<figure class=\"wp-block-image size-large\"><img loading=\"lazy\" decoding=\"async\" width=\"960\" height=\"720\" src=\"http:\/\/lenahf.se\/wp-content\/uploads\/2021\/02\/Emilia-Linderholm-malning.jpg\" alt=\"\" class=\"wp-image-1291\" srcset=\"https:\/\/lenahf.se\/wp-content\/uploads\/2021\/02\/Emilia-Linderholm-malning.jpg 960w, https:\/\/lenahf.se\/wp-content\/uploads\/2021\/02\/Emilia-Linderholm-malning-300x225.jpg 300w, https:\/\/lenahf.se\/wp-content\/uploads\/2021\/02\/Emilia-Linderholm-malning-768x576.jpg 768w\" sizes=\"auto, (max-width: 960px) 100vw, 960px\" \/><\/figure>\n\n\n\n<p><a href=\"https:\/\/emilialinderholm.com\/\">Emilia Linderholm<\/a><\/p>\n","protected":false},"excerpt":{"rendered":"<p>N\u00e4r jag b\u00f6rjade ta lektioner f\u00f6r Lena hade jag k\u00e4mpat p\u00e5 i m\u00e5nga \u00e5r med min s\u00e5ng. Olika pedagoger som alla hade olika l\u00f6sningar p\u00e5 det jag k\u00e4mpade med. Med Lenas hj\u00e4lp hittade jag verkligen hem. Hon hj\u00e4lpte mig med grundade bra \u00f6vningar och r\u00e4tt repertoar att hitta den r\u00f6st och det konstn\u00e4rliga utryck som [&hellip;]<\/p>\n","protected":false},"author":1,"featured_media":1290,"parent":0,"menu_order":0,"comment_status":"closed","ping_status":"closed","template":"","meta":{"footnotes":""},"class_list":["post-1288","page","type-page","status-publish","has-post-thumbnail","hentry"],"_links":{"self":[{"href":"https:\/\/lenahf.se\/index.php\/wp-json\/wp\/v2\/pages\/1288","targetHints":{"allow":["GET"]}}],"collection":[{"href":"https:\/\/lenahf.se\/index.php\/wp-json\/wp\/v2\/pages"}],"about":[{"href":"https:\/\/lenahf.se\/index.php\/wp-json\/wp\/v2\/types\/page"}],"author":[{"embeddable":true,"href":"https:\/\/lenahf.se\/index.php\/wp-json\/wp\/v2\/users\/1"}],"replies":[{"embeddable":true,"href":"https:\/\/lenahf.se\/index.php\/wp-json\/wp\/v2\/comments?post=1288"}],"version-history":[{"count":3,"href":"https:\/\/lenahf.se\/index.php\/wp-json\/wp\/v2\/pages\/1288\/revisions"}],"predecessor-version":[{"id":1296,"href":"https:\/\/lenahf.se\/index.php\/wp-json\/wp\/v2\/pages\/1288\/revisions\/1296"}],"wp:featuredmedia":[{"embeddable":true,"href":"https:\/\/lenahf.se\/index.php\/wp-json\/wp\/v2\/media\/1290"}],"wp:attachment":[{"href":"https:\/\/lenahf.se\/index.php\/wp-json\/wp\/v2\/media?parent=1288"}],"curies":[{"name":"wp","href":"https:\/\/api.w.org\/{rel}","templated":true}]}}