{"id":131,"date":"2017-03-08T17:54:16","date_gmt":"2017-03-08T17:54:16","guid":{"rendered":"http:\/\/lenahf.se\/?page_id=131"},"modified":"2021-01-05T15:45:26","modified_gmt":"2021-01-05T15:45:26","slug":"min-filosofi","status":"publish","type":"page","link":"https:\/\/lenahf.se\/index.php\/min-filosofi\/","title":{"rendered":"Min filosofi"},"content":{"rendered":"\n<figure class=\"wp-block-image size-large\"><img loading=\"lazy\" decoding=\"async\" width=\"768\" height=\"1024\" src=\"http:\/\/lenahf.se\/wp-content\/uploads\/2021\/01\/Foto-Lena-Bohuslan-768x1024.jpg\" alt=\"\" class=\"wp-image-1186\" srcset=\"https:\/\/lenahf.se\/wp-content\/uploads\/2021\/01\/Foto-Lena-Bohuslan-768x1024.jpg 768w, https:\/\/lenahf.se\/wp-content\/uploads\/2021\/01\/Foto-Lena-Bohuslan-225x300.jpg 225w, https:\/\/lenahf.se\/wp-content\/uploads\/2021\/01\/Foto-Lena-Bohuslan-1152x1536.jpg 1152w, https:\/\/lenahf.se\/wp-content\/uploads\/2021\/01\/Foto-Lena-Bohuslan.jpg 1536w\" sizes=\"auto, (max-width: 768px) 100vw, 768px\" \/><\/figure>\n\n\n\n<p><strong>Jag har n\u00e5gra citat och visdomsord som passar bra in p\u00e5 mitt s\u00e4tt att se p\u00e5 konst och undervisning:<\/strong><\/p>\n\n\n\n<ul class=\"wp-block-list\"><li><strong>Alltid se det b\u00e4sta hos s\u00e5ngaren och d\u00e4rifr\u00e5n bygga en positiv spiraleffekt som spiller \u00f6ver till helheten. Ett citat som jag har som ledstj\u00e4rna i min undervisning och m\u00e4nniskosyn:<\/strong><br><strong>Goethe \u2013 N\u00e4r vi behandlar en m\u00e4nniska s\u00e5 som hon \u00e4r<\/strong> <br><strong>g\u00f6r vi henne s\u00e4mre \u00e4n hon \u00e4r.<\/strong><br><strong>N\u00e4r vi behandlar en m\u00e4nniska som om hon redan vore det hon skulle kunna vara <\/strong><br><strong>g\u00f6r vi henne till det hon kan bli.<\/strong><\/li><\/ul>\n\n\n\n<ul class=\"wp-block-list\"><li><strong>Lika viktigt f\u00f6r artisten som f\u00f6r pedagogen:<\/strong><br><strong>J. Dewey \u2013 Att varva allvar och lek \u00e4r det ideala mentala tillst\u00e5ndet!<\/strong><\/li><\/ul>\n\n\n\n<ul class=\"wp-block-list\"><li><strong>F\u00f6rst\u00e5 varf\u00f6r jag ska l\u00e4ra mig f\u00f6r att kunna borra djupt och \u00f6ka min medvetandehetsgrad:<\/strong><br><strong>J. Dewey &#8211; &nbsp;Att kunna \u00e4r att f\u00f6rst\u00e5 och att f\u00f6rst\u00e5 \u00e4r att fatta meningen med n\u00e5got. Meningen \u00e4r den id\u00e9 som sammanl\u00e4nkar (medierar) det k\u00e4nda med det \u00e4nnu inte k\u00e4nda. F\u00f6r att f\u00f6rst\u00e5 meningen med n\u00e5got m\u00e5ste man veta dess konsekvenser i sammanhang d\u00e4r det kommer till anv\u00e4ndning.&nbsp; &nbsp;<\/strong><\/li><\/ul>\n\n\n\n<ul class=\"wp-block-list\"><li><strong>Varf\u00f6r jag beh\u00f6ver utbildning och l\u00e4ra mig grunden f\u00f6r att sedan kunna vara en fri konstn\u00e4r:<\/strong><br><strong>P. Picasso \u2013 Learn the rules like a pro, so you can break them like an artist!<\/strong><\/li><\/ul>\n\n\n\n<ul class=\"wp-block-list\"><li><strong>Jag blir aldrig f\u00e4rdig utan l\u00e4r mig mer om det jag redan kan:<\/strong><br><strong>Pablo Casals \u2013 N\u00e4r den v\u00e4rldsber\u00f6mde cellisten Pablo Casals fyllde 95 \u00e5r Kom en ung reporter f\u00f6r att intervjua honom. En av reporterns fr\u00e5gor l\u00f6d:<\/strong><br><strong>Herr Casals, ni \u00e4r 95 \u00e5r och den st\u00f6rste cellisten genom tiderna. <\/strong>     <strong>Varf\u00f6r \u00f6var ni fortfarande sex timmar per dag?<\/strong><br><strong>Casals svarade:<\/strong><br><strong>F\u00f6r att jag tycker att jag fortfarande g\u00f6r framsteg.<\/strong><br><\/li><li><strong>Jag f\u00e5r feedback f\u00f6r att kunna g\u00e5 vidare:<\/strong><br><strong>Tomas Edison \u2013 Jag misslyckades inte 1000 g\u00e5nger,<\/strong> <strong>Gl\u00f6dlampan utvecklades i 1001 steg.<\/strong><\/li><\/ul>\n\n\n\n<ul class=\"wp-block-list\"><li><strong>Arbete l\u00f6nar sig, det \u00e4r inte tur n\u00e4r det g\u00e5r bra:<\/strong><br><strong>Ett vanligt fenomen bland oss svenskar \u00e4r att tolka allt som kr\u00e4ver skicklighet och mod till att personen hade tur som klarade det.<\/strong><br><strong>Under Ingemar Stenmarks storhetstid som utf\u00f6rs\u00e5kare var det m\u00e5nga reportrar som f\u00f6ljde honom runt i Europa. En g\u00e5ng skulle en reporter intervjua Ingemar efter det att Ingemar hade gjort en hel serie riktigt bra \u00e5k under en m\u00e5nads tid och som kronan p\u00e5 verket vunnit ett stort m\u00e4sterskap. Reportern var alldeles vild av upphetsning och rusade fram till Ingemar f\u00f6r att gratulera.<\/strong><ul><li><strong>Vilket fantastiskt \u00e5k, h\u00e4rligt&nbsp; Ingemar. Nu har du verkligen haft turen p\u00e5 din sida, eller hur? Skrek reportern i mikrofonen.<\/strong><\/li><li><strong>Javisst har jag haft tur, och det konstiga \u00e4r att ju mer jag tr\u00e4nar desto mer tur har jag, svarade Ingemar lugnt.<\/strong><\/li><\/ul><\/li><\/ul>\n\n\n\n<ul class=\"wp-block-list\"><li><strong>Det tar den tid det tar med s\u00e5ngutveckling men ska g\u00e5 s\u00e5 fort som m\u00f6jligt och det kr\u00e4vs reflektion:<\/strong><br><strong>Mari Aulanko \u2013<\/strong><br><strong>Det beh\u00f6vs tystnad,<\/strong><br><strong>Det beh\u00f6vs lugn<\/strong>,<br><strong>F\u00f6r tillv\u00e4xt beh\u00f6vs tid.<\/strong><br><strong>Ingenting v\u00e4xer p\u00e5 en \u00e5ker som st\u00e4ndigt pl\u00f6js upp.<\/strong><\/li><\/ul>\n\n\n\n<ul class=\"wp-block-list\"><li><strong>Odla ditt s\u00e5ngarmod:<\/strong><br><strong>Seneca \u2013 Det \u00e4r inte f\u00f6r att saker \u00e4r sv\u00e5ra som vi inte v\u00e5gar;<\/strong><br><strong>Utan det \u00e4r f\u00f6r att vi inte v\u00e5gar som de \u00e4r sv\u00e5ra.<\/strong><\/li><\/ul>\n\n\n\n<ul class=\"wp-block-list\"><li><strong>Trust your instincts:<\/strong><br><strong>Ralph Waldo Emerson &#8211;<\/strong><br><strong>Vad som ligger bakom oss,<\/strong><br><strong>Och vad som ligger<\/strong><br><strong>framf\u00f6r oss \u00e4r bara sm\u00e5 detaljer,<\/strong><br><strong>i j\u00e4mf\u00f6relse med vad<\/strong><br><strong>Som finns inom oss.<\/strong><\/li><\/ul>\n\n\n\n<ul class=\"wp-block-list\"><li><strong>Hur mycket ska jag k\u00e4mpa:<\/strong><br><strong>Einstein &#8211; Man ska g\u00f6ra allt s\u00e5 enkelt som m\u00f6jligt, men inte enklare<\/strong><\/li><\/ul>\n\n\n\n<ul class=\"wp-block-list\"><li><strong>Hur jag tar in kunskap och instruktion:<\/strong><br>St<strong>udenten \u2013 En entusiastisk student kom en dag och fr\u00e5gade sin l\u00e4rare:<\/strong><ul><li><strong>Jag vill verkligen l\u00e4ra mig s\u00e5 mycket som m\u00f6jligt under den h\u00e4r kursen. Tror du att det r\u00e4cker om jag g\u00e5r igenom kursboken fem g\u00e5nger?<\/strong><\/li><li><strong>Jag tror inte det viktiga \u00e4r hur m\u00e5nga g\u00e5nger du g\u00e5r igenom boken, svarade l\u00e4raren, utan hur m\u00e5nga g\u00e5nger boken g\u00e5r igenom dig.<\/strong><\/li><\/ul><\/li><\/ul>\n\n\n\n<p><\/p>\n","protected":false},"excerpt":{"rendered":"<p>Jag har n\u00e5gra citat och visdomsord som passar bra in p\u00e5 mitt s\u00e4tt att se p\u00e5 konst och undervisning: Alltid se det b\u00e4sta hos s\u00e5ngaren och d\u00e4rifr\u00e5n bygga en positiv spiraleffekt som spiller \u00f6ver till helheten. Ett citat som jag har som ledstj\u00e4rna i min undervisning och m\u00e4nniskosyn:Goethe \u2013 N\u00e4r vi behandlar en m\u00e4nniska s\u00e5 [&hellip;]<\/p>\n","protected":false},"author":1,"featured_media":0,"parent":0,"menu_order":0,"comment_status":"closed","ping_status":"closed","template":"","meta":{"footnotes":""},"class_list":["post-131","page","type-page","status-publish","hentry"],"_links":{"self":[{"href":"https:\/\/lenahf.se\/index.php\/wp-json\/wp\/v2\/pages\/131","targetHints":{"allow":["GET"]}}],"collection":[{"href":"https:\/\/lenahf.se\/index.php\/wp-json\/wp\/v2\/pages"}],"about":[{"href":"https:\/\/lenahf.se\/index.php\/wp-json\/wp\/v2\/types\/page"}],"author":[{"embeddable":true,"href":"https:\/\/lenahf.se\/index.php\/wp-json\/wp\/v2\/users\/1"}],"replies":[{"embeddable":true,"href":"https:\/\/lenahf.se\/index.php\/wp-json\/wp\/v2\/comments?post=131"}],"version-history":[{"count":10,"href":"https:\/\/lenahf.se\/index.php\/wp-json\/wp\/v2\/pages\/131\/revisions"}],"predecessor-version":[{"id":1188,"href":"https:\/\/lenahf.se\/index.php\/wp-json\/wp\/v2\/pages\/131\/revisions\/1188"}],"wp:attachment":[{"href":"https:\/\/lenahf.se\/index.php\/wp-json\/wp\/v2\/media?parent=131"}],"curies":[{"name":"wp","href":"https:\/\/api.w.org\/{rel}","templated":true}]}}