{"id":139,"date":"2017-03-08T18:00:18","date_gmt":"2017-03-08T18:00:18","guid":{"rendered":"http:\/\/lenahf.se\/?page_id=139"},"modified":"2021-01-25T18:48:26","modified_gmt":"2021-01-25T18:48:26","slug":"styrelser-och-natverk","status":"publish","type":"page","link":"https:\/\/lenahf.se\/index.php\/styrelser-och-natverk\/","title":{"rendered":"Styrelser och n\u00e4tverk"},"content":{"rendered":"<p>\u25ba World Voice (Styrelsen)<\/p>\n<p>\u25ba Konstex (N\u00e4tverk f\u00f6r h\u00f6gskolor och universitet som bedriver utbildning med konstn\u00e4rlig examensr\u00e4tt)<\/p>\n<p>\u25ba Advisory board Sm\u00e5lands operan<\/p>\n<p>\u25ba VMU V\u00e4nf\u00f6rening f\u00f6r V\u00e4ster\u00e5s Sinfonietta (Styrelsen)<\/p>\n","protected":false},"excerpt":{"rendered":"<p>\u25ba World Voice (Styrelsen) \u25ba Konstex (N\u00e4tverk f\u00f6r h\u00f6gskolor och universitet som bedriver utbildning med konstn\u00e4rlig examensr\u00e4tt) \u25ba Advisory board Sm\u00e5lands operan \u25ba VMU V\u00e4nf\u00f6rening f\u00f6r V\u00e4ster\u00e5s Sinfonietta (Styrelsen)<\/p>\n","protected":false},"author":1,"featured_media":0,"parent":0,"menu_order":0,"comment_status":"closed","ping_status":"closed","template":"","meta":{"footnotes":""},"class_list":["post-139","page","type-page","status-publish","hentry"],"_links":{"self":[{"href":"https:\/\/lenahf.se\/index.php\/wp-json\/wp\/v2\/pages\/139","targetHints":{"allow":["GET"]}}],"collection":[{"href":"https:\/\/lenahf.se\/index.php\/wp-json\/wp\/v2\/pages"}],"about":[{"href":"https:\/\/lenahf.se\/index.php\/wp-json\/wp\/v2\/types\/page"}],"author":[{"embeddable":true,"href":"https:\/\/lenahf.se\/index.php\/wp-json\/wp\/v2\/users\/1"}],"replies":[{"embeddable":true,"href":"https:\/\/lenahf.se\/index.php\/wp-json\/wp\/v2\/comments?post=139"}],"version-history":[{"count":2,"href":"https:\/\/lenahf.se\/index.php\/wp-json\/wp\/v2\/pages\/139\/revisions"}],"predecessor-version":[{"id":1268,"href":"https:\/\/lenahf.se\/index.php\/wp-json\/wp\/v2\/pages\/139\/revisions\/1268"}],"wp:attachment":[{"href":"https:\/\/lenahf.se\/index.php\/wp-json\/wp\/v2\/media?parent=139"}],"curies":[{"name":"wp","href":"https:\/\/api.w.org\/{rel}","templated":true}]}}