{"id":142,"date":"2017-03-14T20:03:35","date_gmt":"2017-03-14T20:03:35","guid":{"rendered":"http:\/\/lenahf.se\/?page_id=142"},"modified":"2017-08-30T15:48:27","modified_gmt":"2017-08-30T15:48:27","slug":"lena-ar-bland-de-basta-sangpedagogerna-i-varlden-amelie-flink","status":"publish","type":"page","link":"https:\/\/lenahf.se\/index.php\/lena-ar-bland-de-basta-sangpedagogerna-i-varlden-amelie-flink\/","title":{"rendered":"&#8221;Lena \u00e4r bland de b\u00e4sta s\u00e5ngpedagogerna i v\u00e4rlden!&#8221;, Amelie Flink"},"content":{"rendered":"<p><iframe loading=\"lazy\" src=\"https:\/\/www.youtube.com\/embed\/b5bTZ2iLl-I\" width=\"560\" height=\"315\" frameborder=\"0\" allowfullscreen=\"allowfullscreen\"><\/iframe><br \/>\nAmelie Flink, &#8221;Ob\u00e9issons quand leur voix appelle&#8221;, from Massenet&#8217;s Manon, recorded 2017-03-07<\/p>\n<p style=\"text-align: left;\">\u25ba Efter gymnasiet studerade jag 2 \u00e5r vid musiklinjen Kapellsberg och 1 \u00e5r scenisk s\u00e5ng\u00a0(numera \u201dH\u00e4rn\u00f6sands operastudio\u201d) vid H\u00e4rn\u00f6sands folkh\u00f6gskola. Efter folkh\u00f6gskolestudier ville jag komma in p\u00e5 en h\u00f6gskoleutbildning.<\/p>\n<p>Jag ville helst av allt komma in p\u00e5 Kammarmusikprogrammet vid M\u00e4lardalens h\u00f6gskola f\u00f6r att jag ville studera f\u00f6r Lena. Hon hade ett gott rykte och jag tyckte att hennes elever l\u00e4t bra. Jag trodde inte jag skulle ha en chans \u2013 men till min stora lycka blev jag antagen!<\/p>\n<p>Innan jag b\u00f6rjade f\u00f6r Lena k\u00e4nde jag att min konstn\u00e4rliga utveckling l\u00e5g f\u00f6re min s\u00e5ngtekniska, vilket var r\u00e4tt frustrerande d\u00e5 en god s\u00e5ngteknik \u00e4r essentiellt f\u00f6r att besitta det en konstn\u00e4r beh\u00f6ver \u2013 en stor palett f\u00f6r att kunna m\u00e5la med r\u00f6stens alla klangf\u00e4rger.<\/p>\n<p>Jag har nu sjungit f\u00f6r Lena i snart 5 \u00e5r. Min r\u00f6st var i behov av en rej\u00e4l omm\u00f6blering &#8211; den beh\u00f6vdes inte bara byggas upp fr\u00e5n grunden utan vi beh\u00f6vde f\u00f6rst sudda ut en del d\u00e5liga muskelminnen f\u00f6r att sedan bygga upp instrumentet p\u00e5 nytt. Och det tar sin tid. Lena har en fantastisk g\u00e5va\/k\u00e4nnedom av att inte bara lyssna efter ett vackert ljud \u2013 utan av att h\u00f6ra vad eleven g\u00f6r med sina muskler \u2013 n\u00e5got som g\u00f6r henne till en fantastisk s\u00e5ngpedagog! Att Lena inte godtar n\u00e5gra \u201dquick fixes\u201d &#8211; utan bygger fr\u00e5n grunden &#8211; \u00e4r n\u00e5got jag kommer vara tacksam \u00f6ver resten av mitt s\u00e5ngarliv.<\/p>\n<p>Lena sprudlar av positiv energi och l\u00e4gger ner mycket tid p\u00e5 sina elever. Hon \u00e4r bra p\u00e5 att ge instruktioner till sina elever p\u00e5 olika s\u00e4tt f\u00f6r att hitta b\u00e4sta s\u00e4ttet f\u00f6r eleven att relatera till instruktionen och d\u00e4rmed n\u00e5 det \u00f6nskade resultatet.<\/p>\n<p>Lena st\u00e4ller h\u00f6ga krav p\u00e5 elevernas energi och att man \u00e4ven i \u00f6vningsrummet ska vara i fullt artisteri \u2013 en v\u00e4rdefull l\u00e4xa som ger en rej\u00e4l sk\u00f6rd frukt i arbetslivet!<\/p>\n<p>I relationen med Lena \u00e4r det inte bara eleven som utvecklas utan Lena \u00e4r kunskapst\u00f6rstig och utvecklar sig st\u00e4ndigt som pedagog.<\/p>\n<p>Hon har m\u00e5nga \u00e5r av erfarenhet av att sj\u00e4lv vara s\u00e5ngerska, undervisar som professor i s\u00e5ng vid M\u00e4lardalens h\u00f6gskola, har privatelever som sjunger professionellt, h\u00e5ller masterclasses p\u00e5 h\u00f6g internationell niv\u00e5 och jobbar som r\u00e5dgivare f\u00f6r agenturen Good Company \u2013 m\u00e5nga olika roller som ger v\u00e4rdefull insyn i branschen fr\u00e5n olika h\u00e5ll.<\/p>\n<p>Under tiden jag studerat k\u00e4nner jag att jag f\u00e5tt g\u00f6ra saker som legat bra i tiden. Repertoarval som passar min r\u00f6st och som g\u00f6r att jag utvecklas \u00e5t r\u00e4tt h\u00e5ll.<\/p>\n<p>Jag k\u00e4nner att jag f\u00e5tt en stor k\u00e4nnedom om min r\u00f6st. Att jag vet vad som funkar och inte funkar. Hur man tar instruktionen och g\u00f6r den till sin.<\/p>\n<p>Tekniken jag utvecklat med Lena \u00e4r inte bara h\u00e4lsosam och \u201dr\u00f6striktig\u201d utan g\u00f6r att jag kan musicera s\u00e5 som jag vill och vara den konstn\u00e4r jag vill. Nu g\u00e5r tekniken och konsten hand i hand.<\/p>\n<p>Idag studerar jag den nystartade utbildningen i Kammaropera vid M\u00e4lardalens h\u00f6gskola.<\/p>\n<p>Den n\u00e4rmsta tiden planerar jag att s\u00f6ka mig till operastudios vid internationellt etablerade operahus i Europa och till internationella s\u00e5ngt\u00e4vlingar.<\/p>\n<p>Amelie Flink &#8211; Soprano<\/p>\n<p><iframe loading=\"lazy\" width=\"560\" height=\"315\" src=\"https:\/\/www.youtube.com\/embed\/G8huELIG4m0?rel=0\" frameborder=\"0\" allowfullscreen><\/iframe><br \/>\nBizet Habanera &#8221;L&#8217;amour est un oiseau rebelle&#8221;<br \/>\nCarmen: Frida Bergquist, mezzo-soprano<br \/>\nMaestro Professor Olivier Godin<br \/>\nProfessor Lena Hellstr\u00f6m-F\u00e4rnl\u00f6f<\/p>\n","protected":false},"excerpt":{"rendered":"<p>Amelie Flink, &#8221;Ob\u00e9issons quand leur voix appelle&#8221;, from Massenet&#8217;s Manon, recorded 2017-03-07 \u25ba Efter gymnasiet studerade jag 2 \u00e5r vid musiklinjen Kapellsberg och 1 \u00e5r scenisk s\u00e5ng\u00a0(numera \u201dH\u00e4rn\u00f6sands operastudio\u201d) vid H\u00e4rn\u00f6sands folkh\u00f6gskola. Efter folkh\u00f6gskolestudier ville jag komma in p\u00e5 en h\u00f6gskoleutbildning. Jag ville helst av allt komma in p\u00e5 Kammarmusikprogrammet vid M\u00e4lardalens h\u00f6gskola f\u00f6r att [&hellip;]<\/p>\n","protected":false},"author":1,"featured_media":0,"parent":0,"menu_order":0,"comment_status":"closed","ping_status":"closed","template":"","meta":{"footnotes":""},"class_list":["post-142","page","type-page","status-publish","hentry"],"_links":{"self":[{"href":"https:\/\/lenahf.se\/index.php\/wp-json\/wp\/v2\/pages\/142","targetHints":{"allow":["GET"]}}],"collection":[{"href":"https:\/\/lenahf.se\/index.php\/wp-json\/wp\/v2\/pages"}],"about":[{"href":"https:\/\/lenahf.se\/index.php\/wp-json\/wp\/v2\/types\/page"}],"author":[{"embeddable":true,"href":"https:\/\/lenahf.se\/index.php\/wp-json\/wp\/v2\/users\/1"}],"replies":[{"embeddable":true,"href":"https:\/\/lenahf.se\/index.php\/wp-json\/wp\/v2\/comments?post=142"}],"version-history":[{"count":6,"href":"https:\/\/lenahf.se\/index.php\/wp-json\/wp\/v2\/pages\/142\/revisions"}],"predecessor-version":[{"id":262,"href":"https:\/\/lenahf.se\/index.php\/wp-json\/wp\/v2\/pages\/142\/revisions\/262"}],"wp:attachment":[{"href":"https:\/\/lenahf.se\/index.php\/wp-json\/wp\/v2\/media?parent=142"}],"curies":[{"name":"wp","href":"https:\/\/api.w.org\/{rel}","templated":true}]}}