{"id":147,"date":"2017-03-14T19:12:19","date_gmt":"2017-03-14T19:12:19","guid":{"rendered":"http:\/\/lenahf.se\/?page_id=147"},"modified":"2017-08-30T15:48:05","modified_gmt":"2017-08-30T15:48:05","slug":"lena-ar-alltid-full-av-positiv-energi-viktor-johansson","status":"publish","type":"page","link":"https:\/\/lenahf.se\/index.php\/lena-ar-alltid-full-av-positiv-energi-viktor-johansson\/","title":{"rendered":"&#8221;Lena \u00e4r alltid full av positiv energi&#8221;, Viktor Johansson"},"content":{"rendered":"<p><iframe loading=\"lazy\" width=\"560\" height=\"315\" src=\"https:\/\/www.youtube.com\/embed\/f4uehlUasr8?rel=0\" frameborder=\"0\" allowfullscreen><\/iframe><\/p>\n<p>Verdi Rigoletto Quartet &#8221;Un di se ben rammentomi.. Bella figlia dell&#8217;amore&#8221;<br \/>\nGilda: Amelie Flink, soprano<br \/>\nMaddalena: Frida Bergquist, mezzo-soprano<br \/>\nIl Duca: Viktor Johansson, tenor<br \/>\nRigoletto: Mikael Horned, baritone<\/p>\n<p>\u25ba Professor Lena Hellstr\u00f6m-F\u00e4rnl\u00f6f har varit min l\u00e4rare i \u00f6ver fyra \u00e5r nu. Hon \u00e4r en otroligt bra mentor och s\u00e5ngpedagog och har f\u00e5tt mig att utvecklas mer \u00e4n jag v\u00e5gat hoppas p\u00e5. Hon inspirerar alla sina elever och brinner f\u00f6r sitt jobb varenda minut.<\/p>\n<p>N\u00e4r jag b\u00f6rjade sjunga f\u00f6r Lena Hellstr\u00f6m-F\u00e4rnl\u00f6f hade jag ett brinnande intresse f\u00f6r opera och s\u00e5ng, min dr\u00f6m var att bli operas\u00e5ngare och att sjunga de stora tenorariorna. Den dr\u00f6mmen k\u00e4ndes v\u00e4ldigt l\u00e5ngt bort n\u00e4r jag b\u00f6rjade hos Lena, l\u00e4ngre bort \u00e4n vad jag sj\u00e4lv f\u00f6rstod d\u00e5, men nu k\u00e4nns den inte alls orealistisk och dr\u00f6msk l\u00e4ngre, Lena har gjort den konkret och verklig och f\u00e5tt mig att f\u00f6rst\u00e5 att det \u00e4r ett uppn\u00e5eligt m\u00e5l att bli operas\u00e5ngare. Den f\u00f6rsta tiden med Lena jobbade vi f\u00f6rst med grundl\u00e4ggande s\u00e5ngtekniska \u00f6vningar, skalor, andnings- och st\u00f6d\u00f6vningar, ingen repertoar. Jag trivdes v\u00e4ldigt bra med det eftersom jag k\u00e4nde att det gav bra resultat, jag k\u00e4nde mig mycket mer avsp\u00e4nd och fri och orkade sjunga mycket l\u00e4ngre \u00e4n vad jag hade orkat innan. Efter n\u00e5gra m\u00e5nader b\u00f6rjade jag sjunga enkla nordiska romanser. Nu i v\u00e5r ska jag sjunga Hertigen i delar ur Rigoletto i V\u00e4ster\u00e5s Konserthus med V\u00e4stmanlands Symfoniorkester b.la La donna \u00e8 mobile och kvartetten Bella figlia dell\u2019amore och senare p\u00e5 v\u00e5ren \u00e4ven P\u00e4rlfiskarduetten med V\u00e4ster\u00e5s Sinfonietta.<\/p>\n<p>Lena har otroligt mycket energi och kr\u00e4ver att man sj\u00e4lv har mycket energi. Detta leder till att varje lektionstillf\u00e4lle blir av v\u00e4ldigt h\u00f6g kvalitet och man jobbar alltid p\u00e5 sin h\u00f6gsta niv\u00e5 efter dagsformen, hon pushar en alltid att ta n\u00e4sta steg och att v\u00e5ga ta ut sig maximalt varje g\u00e5ng. Lena jobbar ocks\u00e5 mycket med mental tr\u00e4ning och coachning. Det har varit en stor hj\u00e4lp f\u00f6r mig, hon har f\u00e5tt mig att tro p\u00e5 mig sj\u00e4lv i stunder n\u00e4r stora utmaningar v\u00e4ntar och jag litar verkligen p\u00e5 henne n\u00e4r hon s\u00e4ger att jag klarar av n\u00e5gonting. De flesta h\u00e5ller nog med om att s\u00e5ngteknik \u00e4r minst lika mycket psykisk kunskap som fysisk kunskap och detta \u00e4r Lena v\u00e4ldigt bra p\u00e5. Hos Lena utvecklas och utbildas man i alla delar som beh\u00f6vs f\u00f6r att klara av ett liv som operas\u00e5ngare, inte bara s\u00e5ngteknik.<\/p>\n<p>Genom att resa runt i v\u00e4rlden och h\u00e5lla i masterclasses i b.la USA och Canada har hon ett st\u00e4ndigt bra perspektiv p\u00e5 vad en bra operas\u00e5ngare b\u00f6r kunna och hur man b\u00f6r l\u00e5ta. Hon \u00e4r evigt nyfiken och vill hela tiden l\u00e4ra sig nya saker som kan hj\u00e4lpa henne att bli en b\u00e4ttre pedagog och utbildar sig konstant inom \u00e4mnen som hj\u00e4lper s\u00e5ngare t.ex. mental coachning och voice massage.<\/p>\n<p>F\u00f6r oss som \u00e4r studenter vid M\u00e4lardalens H\u00f6gskola \u00e4r Lena inte bara en v\u00e4ldigt bra s\u00e5ngpedagog och mentor utan hon jobbar ocks\u00e5 h\u00e5rt f\u00f6r v\u00e5r skola och utbildning och f\u00f6r att vi ska f\u00e5 komma ut och sjunga p\u00e5 olika st\u00e4llen och i olika konstellationer. Vi har t.ex. ett t\u00e4tt samarbeten med Konserthuset i V\u00e4ster\u00e5s vilket g\u00f6r att vi f\u00e5r komma dit och ha konserter flera konserter om \u00e5ret. Vi samarbetar \u00e4ven med V\u00e4ster\u00e5s Domkyrka d\u00e4r jag har sjungit Mozarts \u201cRequiem\u201d och \u201cc-mollm\u00e4ssa\u201d och varit evangelist i Bob Chillcotts \u201cSt John Passion\u201d. I v\u00e5ras fick vi \u00e5ka p\u00e5 turn\u00e9 i V\u00e4stmanland med en barnoperaf\u00f6rest\u00e4llning tack vare att samarbete med V\u00e4stmanlandsmusiken. Vi har \u00e4ven ett samarbete med V\u00e4ster\u00e5s Sinfonietta och har f\u00f6rm\u00e5nen att ha konserter med dem varje v\u00e5r.<\/p>\n<p>Lena \u00e4r alltid full av positiv energi och s\u00e4ger alltid att det viktigaste s\u00e5ngtekniska knepet \u00e4r s\u00e5nggl\u00e4dje och jag kan bara h\u00e5lla med!<\/p>\n","protected":false},"excerpt":{"rendered":"<p>Verdi Rigoletto Quartet &#8221;Un di se ben rammentomi.. Bella figlia dell&#8217;amore&#8221; Gilda: Amelie Flink, soprano Maddalena: Frida Bergquist, mezzo-soprano Il Duca: Viktor Johansson, tenor Rigoletto: Mikael Horned, baritone \u25ba Professor Lena Hellstr\u00f6m-F\u00e4rnl\u00f6f har varit min l\u00e4rare i \u00f6ver fyra \u00e5r nu. Hon \u00e4r en otroligt bra mentor och s\u00e5ngpedagog och har f\u00e5tt mig att utvecklas [&hellip;]<\/p>\n","protected":false},"author":1,"featured_media":0,"parent":0,"menu_order":0,"comment_status":"closed","ping_status":"closed","template":"","meta":{"footnotes":""},"class_list":["post-147","page","type-page","status-publish","hentry"],"_links":{"self":[{"href":"https:\/\/lenahf.se\/index.php\/wp-json\/wp\/v2\/pages\/147","targetHints":{"allow":["GET"]}}],"collection":[{"href":"https:\/\/lenahf.se\/index.php\/wp-json\/wp\/v2\/pages"}],"about":[{"href":"https:\/\/lenahf.se\/index.php\/wp-json\/wp\/v2\/types\/page"}],"author":[{"embeddable":true,"href":"https:\/\/lenahf.se\/index.php\/wp-json\/wp\/v2\/users\/1"}],"replies":[{"embeddable":true,"href":"https:\/\/lenahf.se\/index.php\/wp-json\/wp\/v2\/comments?post=147"}],"version-history":[{"count":7,"href":"https:\/\/lenahf.se\/index.php\/wp-json\/wp\/v2\/pages\/147\/revisions"}],"predecessor-version":[{"id":258,"href":"https:\/\/lenahf.se\/index.php\/wp-json\/wp\/v2\/pages\/147\/revisions\/258"}],"wp:attachment":[{"href":"https:\/\/lenahf.se\/index.php\/wp-json\/wp\/v2\/media?parent=147"}],"curies":[{"name":"wp","href":"https:\/\/api.w.org\/{rel}","templated":true}]}}