{"id":150,"date":"2017-03-14T19:21:13","date_gmt":"2017-03-14T19:21:13","guid":{"rendered":"http:\/\/lenahf.se\/?page_id=150"},"modified":"2017-08-30T15:48:51","modified_gmt":"2017-08-30T15:48:51","slug":"lena-ar-den-sangpedagogen-som-har-betytt-mest-for-mig-desiree-baraula","status":"publish","type":"page","link":"https:\/\/lenahf.se\/index.php\/lena-ar-den-sangpedagogen-som-har-betytt-mest-for-mig-desiree-baraula\/","title":{"rendered":"&#8221;Lena \u00e4r den s\u00e5ngpedagogen som har betytt mest f\u00f6r mig&#8221;, Desir\u00e9e Baraula"},"content":{"rendered":"<p><img loading=\"lazy\" decoding=\"async\" class=\"alignnone size-medium wp-image-151 alignleft\" src=\"http:\/\/lenahf.se\/wp-content\/uploads\/2017\/03\/D\u00e9sir\u00e9e-300x169.jpg\" alt=\"Desir\u00e9e Baraula \u2013 mezzosopran , alumn\" width=\"300\" height=\"169\" srcset=\"https:\/\/lenahf.se\/wp-content\/uploads\/2017\/03\/D\u00e9sir\u00e9e-300x169.jpg 300w, https:\/\/lenahf.se\/wp-content\/uploads\/2017\/03\/D\u00e9sir\u00e9e-768x432.jpg 768w, https:\/\/lenahf.se\/wp-content\/uploads\/2017\/03\/D\u00e9sir\u00e9e-1024x576.jpg 1024w, https:\/\/lenahf.se\/wp-content\/uploads\/2017\/03\/D\u00e9sir\u00e9e.jpg 1600w\" sizes=\"auto, (max-width: 300px) 100vw, 300px\" \/>Lena \u00e4r den s\u00e5ngpedagogen som har betytt mest f\u00f6r mig. Jag tr\u00e4ffade henne i en tid d\u00e5 jag k\u00e4nde mig f\u00f6rvirrad, ledsen och vilsen och visste inte var min r\u00f6st var p\u00e5 v\u00e4g.<\/p>\n<p>Jag hade sjungit mycket innan och hade g\u00e5tt p\u00e5 operastudion i Stockholm men jag hade inte l\u00e4rt mig de grundl\u00e4ggande funktionerna i operas\u00e5ng.<\/p>\n<p>Jag visste f\u00f6rst\u00e5s att jag hade en bra r\u00f6st men kunskapen om hur jag skulle anv\u00e4nda den var i princip lika med noll. I m\u00f6tet med Lena b\u00f6rjade jag f\u00f6rst\u00e5 hur sj\u00e4lva instrumentet ska hanteras.<\/p>\n<p>Vi b\u00f6rjade med \u00f6vningar och sj\u00f6ng ganska lite p\u00e5 hela s\u00e5nger, allt f\u00f6r att v\u00e4nja kroppen att b\u00f6rja g\u00f6ra jobbet p\u00e5 r\u00e4tt s\u00e4tt och eftersom utvecklingen gick fort och r\u00f6sten \u00f6ppnade upp sig s\u00e5 fick jag \u00e4ven mer sj\u00e4lvf\u00f6rtroende och st\u00e4rkte min s\u00e5ngidentitet.<\/p>\n<p>Allt detta var m\u00f6jligt eftersom Lena \u00e4r en otroligt kompetent, erfaren och f\u00f6rst\u00e5ende person och pedagog. Dessutom \u00e4r hon otroligt skicklig p\u00e5 att k\u00e4nna av vad hon kan f\u00f6rv\u00e4nta sig av sina studenter och hur h\u00f6ga krav hon kan st\u00e4lla p\u00e5 dem. En otrolig viktig del av s\u00e5ng \u00e4r \u00e4ven lusten och viljan att sjunga och g\u00f6ra musik och Lena inspirerar mig med allt detta \u00e4ven nu fast jag inte studerar regelbundet med henne l\u00e4ngre.<\/p>\n<p>Med den tekniken och lusten att sjunga kom jag in p\u00e5 operah\u00f6gskolan och det \u00e4r min \u00f6vertygelse att det blev s\u00e5 pga jag studerade hos Lena.<\/p>\n<p>Tack vare Lenas undervisning var jag beredd p\u00e5 att m\u00f6ta det professionella livet och nu jobbar jag som praktikantsolist p\u00e5 Norska Operan och trivs otroligt bra.<\/p>\n","protected":false},"excerpt":{"rendered":"<p>Lena \u00e4r den s\u00e5ngpedagogen som har betytt mest f\u00f6r mig. Jag tr\u00e4ffade henne i en tid d\u00e5 jag k\u00e4nde mig f\u00f6rvirrad, ledsen och vilsen och visste inte var min r\u00f6st var p\u00e5 v\u00e4g. Jag hade sjungit mycket innan och hade g\u00e5tt p\u00e5 operastudion i Stockholm men jag hade inte l\u00e4rt mig de grundl\u00e4ggande funktionerna i [&hellip;]<\/p>\n","protected":false},"author":1,"featured_media":0,"parent":0,"menu_order":0,"comment_status":"closed","ping_status":"closed","template":"","meta":{"footnotes":""},"class_list":["post-150","page","type-page","status-publish","hentry"],"_links":{"self":[{"href":"https:\/\/lenahf.se\/index.php\/wp-json\/wp\/v2\/pages\/150","targetHints":{"allow":["GET"]}}],"collection":[{"href":"https:\/\/lenahf.se\/index.php\/wp-json\/wp\/v2\/pages"}],"about":[{"href":"https:\/\/lenahf.se\/index.php\/wp-json\/wp\/v2\/types\/page"}],"author":[{"embeddable":true,"href":"https:\/\/lenahf.se\/index.php\/wp-json\/wp\/v2\/users\/1"}],"replies":[{"embeddable":true,"href":"https:\/\/lenahf.se\/index.php\/wp-json\/wp\/v2\/comments?post=150"}],"version-history":[{"count":1,"href":"https:\/\/lenahf.se\/index.php\/wp-json\/wp\/v2\/pages\/150\/revisions"}],"predecessor-version":[{"id":152,"href":"https:\/\/lenahf.se\/index.php\/wp-json\/wp\/v2\/pages\/150\/revisions\/152"}],"wp:attachment":[{"href":"https:\/\/lenahf.se\/index.php\/wp-json\/wp\/v2\/media?parent=150"}],"curies":[{"name":"wp","href":"https:\/\/api.w.org\/{rel}","templated":true}]}}