{"id":156,"date":"2017-03-14T19:46:35","date_gmt":"2017-03-14T19:46:35","guid":{"rendered":"http:\/\/lenahf.se\/?page_id=156"},"modified":"2018-03-04T09:12:47","modified_gmt":"2018-03-04T09:12:47","slug":"hennes-entusiasm-ar-vad-man-onskar-av-en-larare-men-inte-kan-forvanta-sig-andreas-wagner","status":"publish","type":"page","link":"https:\/\/lenahf.se\/index.php\/hennes-entusiasm-ar-vad-man-onskar-av-en-larare-men-inte-kan-forvanta-sig-andreas-wagner\/","title":{"rendered":"&#8221;Hennes entusiasm \u00e4r vad man \u00f6nskar av en l\u00e4rare men inte kan f\u00f6rv\u00e4nta sig&#8221;, Andreas Wagner"},"content":{"rendered":"<p>Lena \u00e4r s\u00e5 pass engagerad i sina elever att hennes entusiasm \u00e4r vad man \u00f6nskar av en l\u00e4rare men inte kan f\u00f6rv\u00e4nta sig. Jag f\u00e5r lektioner av henne tv\u00e5 g\u00e5nger i veckan, jag kan mejla och ringa henne om jag har fr\u00e5gor betr\u00e4ffande min s\u00e5ng och hon kommer p\u00e5 alla skolans konserter. Den f\u00f6ljande lektionen f\u00e5r jag feedback och vi jobbar vidare f\u00f6r att jag ska bli tryggare i min roll och en skickligare s\u00e5ngare. Hon smittar mig alltid med hennes enorma positiva energi och jag har under mina tv\u00e5 studie\u00e5r f\u00e5tt s\u00e5 mycket att jag n\u00e4stan blivit sj\u00e4lvf\u00f6rs\u00f6rjande.<\/p>\n<p>Lena ger mig alltid en god sj\u00e4lvk\u00e4nsla och en stor gl\u00e4dje att f\u00e5 h\u00e5lla p\u00e5 med musik och s\u00e5ng med henne som l\u00e4rare.<\/p>\n<p>Andreas Wagner \u2013 baryton<br \/>\nStudent p\u00e5 Kammarmusikprogrammet \u00e5r 3.<\/p>\n","protected":false},"excerpt":{"rendered":"<p>Lena \u00e4r s\u00e5 pass engagerad i sina elever att hennes entusiasm \u00e4r vad man \u00f6nskar av en l\u00e4rare men inte kan f\u00f6rv\u00e4nta sig. Jag f\u00e5r lektioner av henne tv\u00e5 g\u00e5nger i veckan, jag kan mejla och ringa henne om jag har fr\u00e5gor betr\u00e4ffande min s\u00e5ng och hon kommer p\u00e5 alla skolans konserter. Den f\u00f6ljande lektionen [&hellip;]<\/p>\n","protected":false},"author":1,"featured_media":0,"parent":0,"menu_order":0,"comment_status":"closed","ping_status":"closed","template":"","meta":{"footnotes":""},"class_list":["post-156","page","type-page","status-publish","hentry"],"_links":{"self":[{"href":"https:\/\/lenahf.se\/index.php\/wp-json\/wp\/v2\/pages\/156","targetHints":{"allow":["GET"]}}],"collection":[{"href":"https:\/\/lenahf.se\/index.php\/wp-json\/wp\/v2\/pages"}],"about":[{"href":"https:\/\/lenahf.se\/index.php\/wp-json\/wp\/v2\/types\/page"}],"author":[{"embeddable":true,"href":"https:\/\/lenahf.se\/index.php\/wp-json\/wp\/v2\/users\/1"}],"replies":[{"embeddable":true,"href":"https:\/\/lenahf.se\/index.php\/wp-json\/wp\/v2\/comments?post=156"}],"version-history":[{"count":2,"href":"https:\/\/lenahf.se\/index.php\/wp-json\/wp\/v2\/pages\/156\/revisions"}],"predecessor-version":[{"id":167,"href":"https:\/\/lenahf.se\/index.php\/wp-json\/wp\/v2\/pages\/156\/revisions\/167"}],"wp:attachment":[{"href":"https:\/\/lenahf.se\/index.php\/wp-json\/wp\/v2\/media?parent=156"}],"curies":[{"name":"wp","href":"https:\/\/api.w.org\/{rel}","templated":true}]}}