{"id":161,"date":"2017-03-14T19:46:53","date_gmt":"2017-03-14T19:46:53","guid":{"rendered":"http:\/\/lenahf.se\/?page_id=161"},"modified":"2017-08-30T15:44:34","modified_gmt":"2017-08-30T15:44:34","slug":"jag-har-genom-lenas-ovardeliga-undervisning-utvecklats-i-hog-grad-sara-back","status":"publish","type":"page","link":"https:\/\/lenahf.se\/index.php\/jag-har-genom-lenas-ovardeliga-undervisning-utvecklats-i-hog-grad-sara-back\/","title":{"rendered":"&#8221;Jag har genom Lenas ov\u00e4rdeliga undervisning utvecklats i h\u00f6g grad&#8221;, Sara B\u00e4ck"},"content":{"rendered":"<p>\u00c5r 2014 b\u00f6rjade jag studera s\u00e5ng f\u00f6r professor Lena Hellstr\u00f6m-F\u00e4rnl\u00f6f. Efter tre \u00e5rs studier p\u00e5 en teknisk utbildning i G\u00f6teborg och sedan ett \u00e5r p\u00e5 folkh\u00f6gskola, hittade jag helt r\u00e4tt! Lena s\u00e5g mig och hon b\u00f6rjade locka fram min r\u00f6st. Hittills p\u00e5 denna s\u00e5ngarresa, s\u00e5 har jag genom Lenas ov\u00e4rdeliga undervisning utvecklats i h\u00f6g grad, s\u00e5v\u00e4l s\u00e5ngligt som personligt.<\/p>\n<p>Lena undervisar p\u00e5 ett seri\u00f6st och samtidigt lekfullt s\u00e4tt. Hon \u00e4r mycket m\u00e5n om att vi studenter ska utveckla en s\u00e5ngteknik som \u00e4r h\u00e4lsosam och att vi ska odla v\u00e5rt s\u00e5ngar-mod och artisteri. Lena har ocks\u00e5 f\u00f6rm\u00e5gan att locka fram det b\u00e4sta ur varje enskild student. Hon \u00e4r gener\u00f6s och har en gl\u00e4dje och energi som smittar av sig. Efter en lektion med Lena \u00e4r jag alltid p\u00e5 bra hum\u00f6r och full av motivation.<\/p>\n<p>Som student till Lena kan man alltid k\u00e4nna sig trygg i att undervisningen \u00e4r av h\u00f6gsta kvalitet. Lena ger regelbundet masterclasses runt om i v\u00e4rlden och \u00e4r \u00e4ven sakkunnig i branschen. Hon har en gedigen karri\u00e4r bakom sig och undervisar \u00e4ven s\u00e5ngare som \u00e4r i mitt i karri\u00e4ren. Jag kommer aldrig gl\u00f6mma den g\u00e5ngen d\u00e5 jag ivrigt p\u00e5 en lektion pratade om en s\u00e5ngerska som jag tyckte var s\u00e5 himla bra p\u00e5 en konsert jag just varit p\u00e5, och det visade sig att just denna s\u00e5ngerska tog lektioner f\u00f6r Lena. Jag hade vid tillf\u00e4llet precis b\u00f6rjat f\u00f6r Lena, och gissa om jag blev glad!<\/p>\n<p>Som s\u00e5ngstudent p\u00e5 Kammarmusikprogrammet har man m\u00e5nga m\u00f6jligheter att f\u00e5 sjunga p\u00e5 konsert, i bland annat Rikssalen p\u00e5 V\u00e4ster\u00e5s slott, Domkyrkan i V\u00e4ster\u00e5s och i V\u00e4ster\u00e5s konserthus. Lena, som f\u00f6rutom att vara professor i s\u00e5ng \u00e4ven \u00e4r konstn\u00e4rlig ledare, \u00e4r alltid med vid konserttillf\u00e4llen. F\u00f6r mig \u00e4r det otroligt v\u00e4rdefullt!<\/p>\n<p>Sara B\u00e4ck &#8211; mezzosopran, Kammarmusikutbildningen \u00e5r 2.<\/p>\n","protected":false},"excerpt":{"rendered":"<p>\u00c5r 2014 b\u00f6rjade jag studera s\u00e5ng f\u00f6r professor Lena Hellstr\u00f6m-F\u00e4rnl\u00f6f. Efter tre \u00e5rs studier p\u00e5 en teknisk utbildning i G\u00f6teborg och sedan ett \u00e5r p\u00e5 folkh\u00f6gskola, hittade jag helt r\u00e4tt! Lena s\u00e5g mig och hon b\u00f6rjade locka fram min r\u00f6st. Hittills p\u00e5 denna s\u00e5ngarresa, s\u00e5 har jag genom Lenas ov\u00e4rdeliga undervisning utvecklats i h\u00f6g grad, [&hellip;]<\/p>\n","protected":false},"author":1,"featured_media":0,"parent":0,"menu_order":0,"comment_status":"closed","ping_status":"closed","template":"","meta":{"footnotes":""},"class_list":["post-161","page","type-page","status-publish","hentry"],"_links":{"self":[{"href":"https:\/\/lenahf.se\/index.php\/wp-json\/wp\/v2\/pages\/161","targetHints":{"allow":["GET"]}}],"collection":[{"href":"https:\/\/lenahf.se\/index.php\/wp-json\/wp\/v2\/pages"}],"about":[{"href":"https:\/\/lenahf.se\/index.php\/wp-json\/wp\/v2\/types\/page"}],"author":[{"embeddable":true,"href":"https:\/\/lenahf.se\/index.php\/wp-json\/wp\/v2\/users\/1"}],"replies":[{"embeddable":true,"href":"https:\/\/lenahf.se\/index.php\/wp-json\/wp\/v2\/comments?post=161"}],"version-history":[{"count":2,"href":"https:\/\/lenahf.se\/index.php\/wp-json\/wp\/v2\/pages\/161\/revisions"}],"predecessor-version":[{"id":168,"href":"https:\/\/lenahf.se\/index.php\/wp-json\/wp\/v2\/pages\/161\/revisions\/168"}],"wp:attachment":[{"href":"https:\/\/lenahf.se\/index.php\/wp-json\/wp\/v2\/media?parent=161"}],"curies":[{"name":"wp","href":"https:\/\/api.w.org\/{rel}","templated":true}]}}