{"id":195,"date":"2017-03-17T08:36:57","date_gmt":"2017-03-17T08:36:57","guid":{"rendered":"http:\/\/lenahf.se\/?page_id=195"},"modified":"2017-08-30T15:50:13","modified_gmt":"2017-08-30T15:50:13","slug":"lena-hellstrom-farnlof-tillhor-de-basta-i-varlden-rebecca-hellbom","status":"publish","type":"page","link":"https:\/\/lenahf.se\/index.php\/lena-hellstrom-farnlof-tillhor-de-basta-i-varlden-rebecca-hellbom\/","title":{"rendered":"&#8221;Lena Hellstr\u00f6m-F\u00e4rnl\u00f6f tillh\u00f6r de b\u00e4sta i v\u00e4rlden&#8221;, Rebecca Hellbom"},"content":{"rendered":"<p><img loading=\"lazy\" decoding=\"async\" class=\"size-medium wp-image-200 alignleft\" src=\"http:\/\/lenahf.se\/wp-content\/uploads\/2017\/03\/rebecca-300x169.jpg\" alt=\"Rebecca Hellbom\" width=\"300\" height=\"169\" srcset=\"https:\/\/lenahf.se\/wp-content\/uploads\/2017\/03\/rebecca-300x169.jpg 300w, https:\/\/lenahf.se\/wp-content\/uploads\/2017\/03\/rebecca-768x432.jpg 768w, https:\/\/lenahf.se\/wp-content\/uploads\/2017\/03\/rebecca-1024x576.jpg 1024w, https:\/\/lenahf.se\/wp-content\/uploads\/2017\/03\/rebecca.jpg 1600w\" sizes=\"auto, (max-width: 300px) 100vw, 300px\" \/>Utan att \u00f6verdriva kan jag stolt s\u00e4ga att s\u00e5ngprofessor Lena Hellstr\u00f6m-F\u00e4rnl\u00f6f tillh\u00f6r de b\u00e4sta i v\u00e4rlden. Lektionerna med Lena \u00e4r alltid utvecklande och inspirerande, d\u00e4r hon ser nya m\u00f6jligheter och uppmuntrar mig till att uppn\u00e5 mina m\u00e5l. Lena ser det unika och personliga i varje s\u00e5ngr\u00f6st.<\/p>\n<p>Hon f\u00f6rst\u00e5r min r\u00f6st och p\u00e5 vilka s\u00e4tt vi tillsammans kan utveckla den l\u00e5ngsiktigt och p\u00e5 ett h\u00e4lsosamt s\u00e4tt. Jag har snart varit hennes student i 4 \u00e5r, och den s\u00e5ngtekniska grund som vi har lagt och byggt vidare p\u00e5 g\u00f6r att jag k\u00e4nner mig v\u00e4ldigt bekv\u00e4m med min r\u00f6st och vem jag \u00e4r som s\u00e5ngerska.<\/p>\n<p>N\u00e4r jag b\u00f6rjade ta lektioner f\u00f6r Lena hade jag en mindre sopranr\u00f6st, ungef\u00e4r som en blockfl\u00f6jt, och sj\u00f6ng h\u00f6g och l\u00e4tt sopranrepertoar. Idag g\u00e5r min r\u00f6st mer och mer emot det dramatiska facket, d\u00e4r jag k\u00e4nner mig hemma. Lenas f\u00f6rst\u00e5else f\u00f6r min dramatiska r\u00f6st och vilken repertoar som passar mig har alltid varit mitt i prick. Detta har gjort att min utveckling som s\u00e5ngerska har g\u00e5tt hand i hand med att min r\u00f6st har vuxit sig st\u00f6rre. Det k\u00e4nns oerh\u00f6rt tryggt f\u00f6r mig.<\/p>\n<p>Att Lena har hela v\u00e4rlden som sin arbetsplats g\u00f6r att hon har en mycket bra insikt i vad som kr\u00e4vs f\u00f6r att lyckas som s\u00e5ngerska idag. Lena har \u00e4ven sj\u00e4lv varit konsert- och operas\u00e5ngerska. Det \u00e4r en tuff bransch som inte alltid \u00e4r r\u00e4ttvis. Hennes guidning och kunskap om vad som kr\u00e4vs f\u00f6r att jag ska vara redo f\u00f6r arbetslivet motiverar mig och ger mig trygghet.<\/p>\n<p>Lena \u00e4r en av de mest driva och h\u00e4ngivna personerna jag vet. Hon var med mig p\u00e5 plats n\u00e4r jag f\u00f6rra \u00e5ret deltog i en prestigefull s\u00e5ngt\u00e4vling vid G\u00f6teborgs Wagners\u00e4llskap. Jag kom p\u00e5 2a plats och fick uppmuntran fr\u00e5n juryn, publiken, och andra medt\u00e4vlanden. Att Lena var d\u00e4r som st\u00f6d var ov\u00e4rderligt. \u00c4ven p\u00e5 de olika konserter jag sjunger p\u00e5 \u00e4r hon alltid med och handleder efter repetitioner och konserter, vilket \u00e4r extremt v\u00e4rdefullt och givande. Hennes uppmuntran och tillit till min potential som s\u00e5ngerska bidrar enormt till min utveckling. Jag \u00e4r s\u00e4ker p\u00e5 att jag inte hade kunnat uppn\u00e5 den potential som jag har gjort och \u00e4r p\u00e5 v\u00e4g emot utan henne.<\/p>\n<p>Rebecca Hellbom-sopran<\/p>\n<p>Lyssna:<\/p>\n<audio class=\"wp-audio-shortcode\" id=\"audio-195-1\" preload=\"none\" style=\"width: 100%;\" controls=\"controls\"><source type=\"audio\/mpeg\" src=\"http:\/\/lenahf.se\/wp-content\/uploads\/2017\/03\/Rebecca-Hellbom.mp3?_=1\" \/><a href=\"http:\/\/lenahf.se\/wp-content\/uploads\/2017\/03\/Rebecca-Hellbom.mp3\">http:\/\/lenahf.se\/wp-content\/uploads\/2017\/03\/Rebecca-Hellbom.mp3<\/a><\/audio>\n<p>&nbsp;<\/p>\n<p>\u25ba <strong><em>Rebeccka prisad f\u00f6r Wagner-tolkning!<\/em><\/strong><br \/>\n<em>Rebecca Hellbom, som studerar opera p\u00e5 kammarmusikprogrammet vid MDH, gjorde stor succ\u00e9 p\u00e5 \u00a0en nationell s\u00e5ngt\u00e4vling i G\u00f6teborg.<\/em><br \/>\n<em>Hon tilldelades andra pris och hyllades av juryn f\u00f6r sin Wagner-tolkning. L\u00e4s VLT:s artikel och se tv-inslaget om Rebecca <a href=\"http:\/\/www.vlt.se\/kultur\/musik\/fran-golfbanan-till-operascenen\" target=\"_blank\">h\u00e4r<\/a>!<\/em><\/p>\n<p><iframe loading=\"lazy\" width=\"560\" height=\"315\" src=\"https:\/\/www.youtube.com\/embed\/FEdC2n_V-Hk?rel=0\" frameborder=\"0\" allowfullscreen><\/iframe><\/p>\n<p>Mozart: &#8221;Porgi amor&#8221;<br \/>\nContessa: Rebecca Hellbom, sopran<br \/>\nMaestro Professor Olivier Godin<br \/>\nProfessor Lena Hellstr\u00f6m-F\u00e4rnl\u00f6f<br \/>\nV\u00e4stmanlands Symfoniorkester<\/p>\n","protected":false},"excerpt":{"rendered":"<p>Utan att \u00f6verdriva kan jag stolt s\u00e4ga att s\u00e5ngprofessor Lena Hellstr\u00f6m-F\u00e4rnl\u00f6f tillh\u00f6r de b\u00e4sta i v\u00e4rlden. Lektionerna med Lena \u00e4r alltid utvecklande och inspirerande, d\u00e4r hon ser nya m\u00f6jligheter och uppmuntrar mig till att uppn\u00e5 mina m\u00e5l. Lena ser det unika och personliga i varje s\u00e5ngr\u00f6st. Hon f\u00f6rst\u00e5r min r\u00f6st och p\u00e5 vilka s\u00e4tt vi [&hellip;]<\/p>\n","protected":false},"author":1,"featured_media":0,"parent":0,"menu_order":0,"comment_status":"closed","ping_status":"closed","template":"","meta":{"footnotes":""},"class_list":["post-195","page","type-page","status-publish","hentry"],"_links":{"self":[{"href":"https:\/\/lenahf.se\/index.php\/wp-json\/wp\/v2\/pages\/195","targetHints":{"allow":["GET"]}}],"collection":[{"href":"https:\/\/lenahf.se\/index.php\/wp-json\/wp\/v2\/pages"}],"about":[{"href":"https:\/\/lenahf.se\/index.php\/wp-json\/wp\/v2\/types\/page"}],"author":[{"embeddable":true,"href":"https:\/\/lenahf.se\/index.php\/wp-json\/wp\/v2\/users\/1"}],"replies":[{"embeddable":true,"href":"https:\/\/lenahf.se\/index.php\/wp-json\/wp\/v2\/comments?post=195"}],"version-history":[{"count":6,"href":"https:\/\/lenahf.se\/index.php\/wp-json\/wp\/v2\/pages\/195\/revisions"}],"predecessor-version":[{"id":261,"href":"https:\/\/lenahf.se\/index.php\/wp-json\/wp\/v2\/pages\/195\/revisions\/261"}],"wp:attachment":[{"href":"https:\/\/lenahf.se\/index.php\/wp-json\/wp\/v2\/media?parent=195"}],"curies":[{"name":"wp","href":"https:\/\/api.w.org\/{rel}","templated":true}]}}