{"id":207,"date":"2017-03-17T15:38:05","date_gmt":"2017-03-17T15:38:05","guid":{"rendered":"http:\/\/lenahf.se\/?page_id=207"},"modified":"2017-08-30T15:44:07","modified_gmt":"2017-08-30T15:44:07","slug":"jag-fick-viktiga-sangtekniska-verktyg-av-henne-joa-helgesson","status":"publish","type":"page","link":"https:\/\/lenahf.se\/index.php\/jag-fick-viktiga-sangtekniska-verktyg-av-henne-joa-helgesson\/","title":{"rendered":"&#8221;Jag fick viktiga s\u00e5ngtekniska verktyg av henne&#8221;, Joa Helgesson"},"content":{"rendered":"<p><iframe loading=\"lazy\" src=\"https:\/\/www.youtube.com\/embed\/mB9mN7rq_VY?rel=0\" width=\"560\" height=\"315\" frameborder=\"0\" allowfullscreen=\"allowfullscreen\"><\/iframe><\/p>\n<p>Joa Helgesson, Barbiere di Siviglia, Rossini<\/p>\n<p>&#8221;Att jag fick viktiga s\u00e5ngtekniska verktyg med mig av henne har visat sig senare i mitt yrkesliv, eftersom jag alltid snabbt kunnat ta till mig instruktioner av dirigenter och coacher och jobba med m\u00e5nga f\u00e4rger av r\u00f6sten. Jag har l\u00e4rt k\u00e4nna min r\u00f6sts alla olika sidor, med andra ord. D\u00e4r har MDH en stor tillg\u00e5ng, en l\u00e4rare som engagerar sig i varje elevs individuella utveckling med \u00e4ndl\u00f6s energi och stort samlat kunnande.<\/p>\n<p>N\u00e4r vi MDH-are som kom in p\u00e5 Operah\u00f6gskolan fortsatte att jobba med Lena och det blev tydligt hur vi konstant utvecklades, dr\u00f6jde det inte l\u00e4nge f\u00f6rr\u00e4n andra elever valde att ha henne som pedagog.&#8221;<\/p>\n<p>Joa Helgesson heter jag, jag gick Kammarmusikerutbildningen 2003-2005 och avslutade studierna ett \u00e5r i f\u00f6rv\u00e4g i och med att jag kom in p\u00e5 Operah\u00f6gskolan i Stockholm. Sedan jag tagit min examen h\u00f6sten 2008 har jag varit antagen vid operastudion i Z\u00fcrich, vid the National Opera Studio i London, baryton vid Landestheater Schleswig-Holstein under snart tre \u00e5rs tid samt haft en m\u00e4ngd frilansuppdrag, b\u00e5de inom opera och konsert. I Sverige har jag bland annat g\u00e4stat G\u00f6teborgsoperan, Stockholmsoperan och Berwaldhallen. Om jag r\u00e4knar alla sm\u00e5 och stora roller jag sjungit p\u00e5 scen \u00e4r jag uppe i snart 40 roller. Det \u00e4r roligt, men kr\u00e4vande, och f\u00f6ruts\u00e4tter ett mycket medvetet och disciplinerat arbete. Det finns egentligen bara ett grundl\u00e4ggande tips jag kan ge den som vill satsa p\u00e5 en karri\u00e4r inom opera: en god s\u00e5ngteknik \u00e4r nyckeln till allt. Att kunna ge sig h\u00e4n p\u00e5 scenen och ge k\u00e4nslorna fritt spel f\u00f6ruts\u00e4tter att r\u00f6sten fungerar som den ska, annars blir det pl\u00e5gsamt f\u00f6r b\u00e5de pubilk och s\u00e5ngare.<\/p>\n<p>Lena Hellstr\u00f6m-F\u00e4rnl\u00f6f som var min s\u00e5ngpedagog p\u00e5 Kammarmusikutbildningen och \u00e4ven mitt eget val n\u00e4r jag b\u00f6rjade p\u00e5 Operah\u00f6gskolan, har gett mig en grundl\u00e4ggande r\u00f6stk\u00e4nnedom som jag har kunnat vara tacksam f\u00f6r under \u00e5ren. Tillsammans utforskade vi de byggstenar som utg\u00f6r grunden f\u00f6r operas\u00e5ng och i och med att Lena aldrig l\u00e5tit skygglappar st\u00e5 iv\u00e4gen f\u00f6r sin genuina passion och nyfikenhet fick jag en helt\u00e4ckande bild av r\u00f6stens olika funktioner som jag kunnat ta med mig och oms\u00e4tta i praktiken n\u00e4r dirigenter och coacher har efterfr\u00e5gat vissa typer av f\u00e4rger, nyanser eller uttryck.<\/p>\n<p>Det \u00e4r ocks\u00e5 vansinnigt roligt att kunna utforska r\u00f6sten, att medvetet prova nya klanger och hitta resonans och klang f\u00f6r olika typer av repertoar. Teknik jobbar man med hela sitt s\u00e5ngarliv.<\/p>\n<p>Hos Lena upplevde jag \u00e4kta s\u00e5nggl\u00e4dje, eftersom det \u00e4r en fantastisk k\u00e4nsla att k\u00e4nna hur tr\u00e4ning ger resultat och uppleva hur r\u00f6sten lyder och fl\u00f6dar fritt.<\/p>\n<p>Joa Helgesson &#8211; baryton<\/p>\n","protected":false},"excerpt":{"rendered":"<p>Joa Helgesson, Barbiere di Siviglia, Rossini &#8221;Att jag fick viktiga s\u00e5ngtekniska verktyg med mig av henne har visat sig senare i mitt yrkesliv, eftersom jag alltid snabbt kunnat ta till mig instruktioner av dirigenter och coacher och jobba med m\u00e5nga f\u00e4rger av r\u00f6sten. Jag har l\u00e4rt k\u00e4nna min r\u00f6sts alla olika sidor, med andra ord. [&hellip;]<\/p>\n","protected":false},"author":1,"featured_media":0,"parent":0,"menu_order":0,"comment_status":"closed","ping_status":"closed","template":"","meta":{"footnotes":""},"class_list":["post-207","page","type-page","status-publish","hentry"],"_links":{"self":[{"href":"https:\/\/lenahf.se\/index.php\/wp-json\/wp\/v2\/pages\/207","targetHints":{"allow":["GET"]}}],"collection":[{"href":"https:\/\/lenahf.se\/index.php\/wp-json\/wp\/v2\/pages"}],"about":[{"href":"https:\/\/lenahf.se\/index.php\/wp-json\/wp\/v2\/types\/page"}],"author":[{"embeddable":true,"href":"https:\/\/lenahf.se\/index.php\/wp-json\/wp\/v2\/users\/1"}],"replies":[{"embeddable":true,"href":"https:\/\/lenahf.se\/index.php\/wp-json\/wp\/v2\/comments?post=207"}],"version-history":[{"count":5,"href":"https:\/\/lenahf.se\/index.php\/wp-json\/wp\/v2\/pages\/207\/revisions"}],"predecessor-version":[{"id":254,"href":"https:\/\/lenahf.se\/index.php\/wp-json\/wp\/v2\/pages\/207\/revisions\/254"}],"wp:attachment":[{"href":"https:\/\/lenahf.se\/index.php\/wp-json\/wp\/v2\/media?parent=207"}],"curies":[{"name":"wp","href":"https:\/\/api.w.org\/{rel}","templated":true}]}}