{"id":213,"date":"2017-03-17T15:49:55","date_gmt":"2017-03-17T15:49:55","guid":{"rendered":"http:\/\/lenahf.se\/?page_id=213"},"modified":"2017-08-30T15:49:38","modified_gmt":"2017-08-30T15:49:38","slug":"lena-ar-valdigt-bra-pa-att-locka-fram-unika-kvaliteer-karin-skoog","status":"publish","type":"page","link":"https:\/\/lenahf.se\/index.php\/lena-ar-valdigt-bra-pa-att-locka-fram-unika-kvaliteer-karin-skoog\/","title":{"rendered":"&#8221;Lena \u00e4r v\u00e4ldigt bra p\u00e5 att locka fram unika kvalit\u00e9er&#8221;, Karin Skoog"},"content":{"rendered":"<div class=\"lead\">\n<p><img loading=\"lazy\" decoding=\"async\" class=\"alignnone size-medium wp-image-214 alignleft\" src=\"http:\/\/lenahf.se\/wp-content\/uploads\/2017\/03\/karinSkoog-300x169.jpg\" alt=\"Karin Skoog - koloratursopran\" width=\"300\" height=\"169\" srcset=\"https:\/\/lenahf.se\/wp-content\/uploads\/2017\/03\/karinSkoog-300x169.jpg 300w, https:\/\/lenahf.se\/wp-content\/uploads\/2017\/03\/karinSkoog-768x432.jpg 768w, https:\/\/lenahf.se\/wp-content\/uploads\/2017\/03\/karinSkoog-1024x576.jpg 1024w, https:\/\/lenahf.se\/wp-content\/uploads\/2017\/03\/karinSkoog.jpg 1600w\" sizes=\"auto, (max-width: 300px) 100vw, 300px\" \/>Jag fortsatte sedan mina studier p\u00e5 masterutbildningen i s\u00e5ng p\u00e5 Kungliga Musikh\u00f6gskolan och och fick \u00e4ven d\u00e4r undervisning och r\u00e5d av Lena inf\u00f6r examensproduktionen. Parallellt ans\u00f6kte jag \u00e5terigen till M\u00e4lardalens h\u00f6gskolas avancerade frist\u00e5ende kurser i kammarmusik och detta hj\u00e4lpte mig bl.a. att f\u00f6rbereda mig f\u00f6r Kungliga musikaliska akademins stipendies\u00f6kning.<\/p>\n<p>Detta stipendium fick jag vid tv\u00e5 tillf\u00e4llen och de ledde \u00e4ven till en kurs i fransk diktion vid Orford Academy i Quebec Kanada med fullt studiestipendum.<\/p>\n<\/div>\n<p>D\u00e5 jag b\u00f6rjade p\u00e5 M\u00e4lardalens h\u00f6gskola tr\u00e4ffade jag professorn och operas\u00e5ngerskan Lena Hellstr\u00f6m-F\u00e4rnl\u00f6f. Hon hj\u00e4lpte mig att hitta mitt egentliga r\u00f6stfack, koloratursopran, och en hel oktav med toner till p\u00e5 h\u00f6jden! Jag fick m\u00f6jlighet att utveckla, inte bara s\u00e5ngtekniken, utan \u00e4ven artisteri, uttryck, uttal, m.m. S\u00e5dant som beh\u00f6vs f\u00f6r att bli en modern s\u00e5ngare.<\/p>\n<p>Lena Hellstr\u00f6m-F\u00e4rnl\u00f6f arbetar varsamt och utifr\u00e5n aktuell dagsform vilket g\u00f6r att man alltid kan utvecklas och komma vidare. Hon \u00e4r v\u00e4ldigt bra p\u00e5 att locka fram unika kvalit\u00e9er hos varje student och hitta anv\u00e4ndbara omr\u00e5den f\u00f6r det. Exempelvis att f\u00e5 vara med i n\u00e5got projekt eller n\u00e5gon konsert vilket g\u00f6r musicerandet extra roligt och att bryggan till verkliga arbetslivet minskas.<\/p>\n<p>Karin Skoop &#8211; koloratursopran<\/p>\n","protected":false},"excerpt":{"rendered":"<p>Jag fortsatte sedan mina studier p\u00e5 masterutbildningen i s\u00e5ng p\u00e5 Kungliga Musikh\u00f6gskolan och och fick \u00e4ven d\u00e4r undervisning och r\u00e5d av Lena inf\u00f6r examensproduktionen. Parallellt ans\u00f6kte jag \u00e5terigen till M\u00e4lardalens h\u00f6gskolas avancerade frist\u00e5ende kurser i kammarmusik och detta hj\u00e4lpte mig bl.a. att f\u00f6rbereda mig f\u00f6r Kungliga musikaliska akademins stipendies\u00f6kning. Detta stipendium fick jag vid tv\u00e5 [&hellip;]<\/p>\n","protected":false},"author":1,"featured_media":0,"parent":0,"menu_order":0,"comment_status":"closed","ping_status":"closed","template":"","meta":{"footnotes":""},"class_list":["post-213","page","type-page","status-publish","hentry"],"_links":{"self":[{"href":"https:\/\/lenahf.se\/index.php\/wp-json\/wp\/v2\/pages\/213","targetHints":{"allow":["GET"]}}],"collection":[{"href":"https:\/\/lenahf.se\/index.php\/wp-json\/wp\/v2\/pages"}],"about":[{"href":"https:\/\/lenahf.se\/index.php\/wp-json\/wp\/v2\/types\/page"}],"author":[{"embeddable":true,"href":"https:\/\/lenahf.se\/index.php\/wp-json\/wp\/v2\/users\/1"}],"replies":[{"embeddable":true,"href":"https:\/\/lenahf.se\/index.php\/wp-json\/wp\/v2\/comments?post=213"}],"version-history":[{"count":2,"href":"https:\/\/lenahf.se\/index.php\/wp-json\/wp\/v2\/pages\/213\/revisions"}],"predecessor-version":[{"id":224,"href":"https:\/\/lenahf.se\/index.php\/wp-json\/wp\/v2\/pages\/213\/revisions\/224"}],"wp:attachment":[{"href":"https:\/\/lenahf.se\/index.php\/wp-json\/wp\/v2\/media?parent=213"}],"curies":[{"name":"wp","href":"https:\/\/api.w.org\/{rel}","templated":true}]}}