{"id":246,"date":"2017-03-26T16:51:03","date_gmt":"2017-03-26T16:51:03","guid":{"rendered":"http:\/\/lenahf.se\/?page_id=246"},"modified":"2017-08-30T15:49:15","modified_gmt":"2017-08-30T15:49:15","slug":"lena-ar-en-unik-sangpedagog-anna-zander","status":"publish","type":"page","link":"https:\/\/lenahf.se\/index.php\/lena-ar-en-unik-sangpedagog-anna-zander\/","title":{"rendered":"&#8221;Lena \u00e4r en unik s\u00e5ngpedagog&#8221;, Anna Zander"},"content":{"rendered":"<p><img loading=\"lazy\" decoding=\"async\" class=\"alignnone size-medium wp-image-247 alignleft\" src=\"http:\/\/lenahf.se\/wp-content\/uploads\/2017\/03\/Anna-Zander-300x169.jpg\" alt=\"Anna Zander - mezzosopran\" width=\"300\" height=\"169\" srcset=\"https:\/\/lenahf.se\/wp-content\/uploads\/2017\/03\/Anna-Zander-300x169.jpg 300w, https:\/\/lenahf.se\/wp-content\/uploads\/2017\/03\/Anna-Zander-768x432.jpg 768w, https:\/\/lenahf.se\/wp-content\/uploads\/2017\/03\/Anna-Zander-1024x576.jpg 1024w, https:\/\/lenahf.se\/wp-content\/uploads\/2017\/03\/Anna-Zander.jpg 1600w\" sizes=\"auto, (max-width: 300px) 100vw, 300px\" \/>Jag arbetar sedan 2002 som frilansande konserts\u00e5ngerska\/operas\u00e5ngerska och som korist i Radiok\u00f6ren. Jag har hela v\u00e4rlden som mitt arbetsf\u00e4lt och sjunger tillsammans med en massa olika dirigenter i b\u00e5de mindre och st\u00f6rre musikaliska sammanhang. Jag har \u00e4ven ett flertal st\u00e4ndigt p\u00e5g\u00e5ende projekt tillsammans med svenska och utl\u00e4ndska ensembler s\u00e5som G\u00f6teborg Baroque och den i Belgien baserade Ricercar Consort.<\/p>\n<p>Eftersom mitt arbetsf\u00e4lt \u00e4r s\u00e5 brett och jag sjunger s\u00e5 extremt m\u00e5nga timmar varje dag kr\u00e4vs en oerh\u00f6rt god s\u00e5ngteknik f\u00f6r att r\u00f6sten ska orka och vilja vara med. Lena har varit min \u201dvoice-saver\u201d de senaste 10 \u00e5ren, och med hj\u00e4lp av hennes tekniska ledsagan k\u00e4nns det som att det inte finns n\u00e5gon gr\u00e4ns f\u00f6r hur mycket r\u00f6sten och lusten till s\u00e5ng kan utvecklas!<\/p>\n<p>&nbsp;<\/p>\n<p>Lena \u00e4r en unik s\u00e5ngpedagog. Hennes genuina, passionerade intresse f\u00f6r den m\u00e4nskliga r\u00f6sten och att hitta den fritt fl\u00f6dande klangen hos varje enskild s\u00e5ngare genomsyrar hela hennes undervisning. Hon har en briljant f\u00f6rm\u00e5ga att alltid s\u00e4tta fingret exakt p\u00e5 vad som beh\u00f6ver g\u00f6ras f\u00f6r att f\u00f6rl\u00f6sa och frig\u00f6ra r\u00f6sten. Hon anv\u00e4nder ingen f\u00e4rdig mall f\u00f6r att n\u00e5 dit, utan anpassar varje enskild lektion utefter elevens dagsform och stundens f\u00f6ruts\u00e4ttningar.<\/p>\n<p>Hennes \u00f6ron h\u00f6r vad minsta lilla muskel i s\u00e5ngapparaten g\u00f6r. Hon sl\u00e4pper inte igenom n\u00e5got som hon vet kan bli b\u00e4ttre och arbetar med entusiasm och envishet tills man n\u00e5r fram. Lena har en enorm uppfinningsrikedom vad g\u00e4ller att skapa r\u00e4tt \u00f6vningar, och att hon dessutom sprudlar av positiv energi g\u00f6r att lektionerna \u00e4r v\u00e4ldigt inspirerande. Jag l\u00e4mnar alltid Lenas lektioner med en k\u00e4nsla av gl\u00e4dje, gott s\u00e5ngarmod och r\u00f6stligt v\u00e4lm\u00e5ende!<\/p>\n<p>Anna Zander &#8211; Mezzosopran<\/p>\n","protected":false},"excerpt":{"rendered":"<p>Jag arbetar sedan 2002 som frilansande konserts\u00e5ngerska\/operas\u00e5ngerska och som korist i Radiok\u00f6ren. Jag har hela v\u00e4rlden som mitt arbetsf\u00e4lt och sjunger tillsammans med en massa olika dirigenter i b\u00e5de mindre och st\u00f6rre musikaliska sammanhang. Jag har \u00e4ven ett flertal st\u00e4ndigt p\u00e5g\u00e5ende projekt tillsammans med svenska och utl\u00e4ndska ensembler s\u00e5som G\u00f6teborg Baroque och den i Belgien [&hellip;]<\/p>\n","protected":false},"author":1,"featured_media":0,"parent":0,"menu_order":0,"comment_status":"closed","ping_status":"closed","template":"","meta":{"footnotes":""},"class_list":["post-246","page","type-page","status-publish","hentry"],"_links":{"self":[{"href":"https:\/\/lenahf.se\/index.php\/wp-json\/wp\/v2\/pages\/246","targetHints":{"allow":["GET"]}}],"collection":[{"href":"https:\/\/lenahf.se\/index.php\/wp-json\/wp\/v2\/pages"}],"about":[{"href":"https:\/\/lenahf.se\/index.php\/wp-json\/wp\/v2\/types\/page"}],"author":[{"embeddable":true,"href":"https:\/\/lenahf.se\/index.php\/wp-json\/wp\/v2\/users\/1"}],"replies":[{"embeddable":true,"href":"https:\/\/lenahf.se\/index.php\/wp-json\/wp\/v2\/comments?post=246"}],"version-history":[{"count":1,"href":"https:\/\/lenahf.se\/index.php\/wp-json\/wp\/v2\/pages\/246\/revisions"}],"predecessor-version":[{"id":248,"href":"https:\/\/lenahf.se\/index.php\/wp-json\/wp\/v2\/pages\/246\/revisions\/248"}],"wp:attachment":[{"href":"https:\/\/lenahf.se\/index.php\/wp-json\/wp\/v2\/media?parent=246"}],"curies":[{"name":"wp","href":"https:\/\/api.w.org\/{rel}","templated":true}]}}