{"id":27,"date":"2016-04-05T16:05:13","date_gmt":"2016-04-05T16:05:13","guid":{"rendered":"http:\/\/lenahf.se\/?page_id=27"},"modified":"2018-03-26T04:54:24","modified_gmt":"2018-03-26T04:54:24","slug":"about-me","status":"publish","type":"page","link":"https:\/\/lenahf.se\/index.php\/about-me\/","title":{"rendered":"Om mig"},"content":{"rendered":"<p><img loading=\"lazy\" decoding=\"async\" class=\"alignnone wp-image-75 alignleft\" src=\"http:\/\/lenahf.se\/wp-content\/uploads\/2016\/04\/Lena1_web-300x169.jpg\" alt=\"Lena1_web\" width=\"462\" height=\"261\" srcset=\"https:\/\/lenahf.se\/wp-content\/uploads\/2016\/04\/Lena1_web-300x169.jpg 300w, https:\/\/lenahf.se\/wp-content\/uploads\/2016\/04\/Lena1_web-768x432.jpg 768w, https:\/\/lenahf.se\/wp-content\/uploads\/2016\/04\/Lena1_web-1024x576.jpg 1024w, https:\/\/lenahf.se\/wp-content\/uploads\/2016\/04\/Lena1_web.jpg 1600w\" sizes=\"auto, (max-width: 462px) 100vw, 462px\" \/><\/p>\n<p>Lena Hellstr\u00f6m-F\u00e4rnl\u00f6f \u00e4r utbildad s\u00e5ngerska och pedagog vid G\u00f6teborgs musikh\u00f6gskola samt Operah\u00f6gskolan i Stockholm. Under sin s\u00e5ngkarri\u00e4r har Lena Hellstr\u00f6m-F\u00e4rnl\u00f6f som solist skaffat sig erfarenheter och kunskap om konstmusiken som f\u00e5 kan konkurrera med.<\/p>\n<p>Fr\u00e5n enklaste bes\u00e4ttning, r\u00f6st och luta, till full symfoniorkester, fr\u00e5n barockmusik till nyskriven musik, fr\u00e5n kammaropera till stor opera. Lena Hellstr\u00f6m-F\u00e4rnl\u00f6fs repertoark\u00e4nnedom \u00e4r unik, och ger henne verktyg och kunnande att ledsaga sina s\u00e5ngare p\u00e5 b\u00e4sta s\u00e4tt. Lena undervisar i alla r\u00f6stfack: sopran, mezzo, alt, tenor, baryton och bas.<\/p>\n<p>Efter en l\u00e5ng, framg\u00e5ngsrik och inte minst synnerligen m\u00e5ngfacetterad karri\u00e4r som konsert- och operas\u00e5ngeska \u00e4gnar sig Lena Hellstr\u00f6m-F\u00e4rnl\u00f6f sedan \u00e5r 2007 exklusivt \u00e5t undervisning. D\u00e4rtill ger hon regelbundet nationella och internationella masterclasses, agerar sakkunnig vid auditions samt verkar som r\u00e5dgivare \u00e5t agenturer. Lena \u00e4r sedan 2013 professor i s\u00e5ng och konstn\u00e4rlig ledare p\u00e5 Musik och Operah\u00f6gskolan vid M\u00e4lardalens h\u00f6gskola.<\/p>\n<p><img loading=\"lazy\" decoding=\"async\" class=\"wp-image-76 alignright\" src=\"http:\/\/lenahf.se\/wp-content\/uploads\/2016\/04\/Lena2_web-300x169.jpg\" alt=\"Lena2_web\" width=\"487\" height=\"275\" srcset=\"https:\/\/lenahf.se\/wp-content\/uploads\/2016\/04\/Lena2_web-300x169.jpg 300w, https:\/\/lenahf.se\/wp-content\/uploads\/2016\/04\/Lena2_web-768x432.jpg 768w, https:\/\/lenahf.se\/wp-content\/uploads\/2016\/04\/Lena2_web-1024x576.jpg 1024w, https:\/\/lenahf.se\/wp-content\/uploads\/2016\/04\/Lena2_web.jpg 1600w\" sizes=\"auto, (max-width: 487px) 100vw, 487px\" \/>Som pedagog ser Lena alltid till individen. Att f\u00e5 studenten att k\u00e4nna v\u00e4lbefinnande som musiker och m\u00e4nniska, att k\u00e4nna gl\u00e4dje och trygghet, \u00e4r f\u00f6r Lena Hellstr\u00f6m-F\u00e4rnl\u00f6f en grundf\u00f6ruts\u00e4ttning f\u00f6r att hitta och utveckla varje students unika r\u00f6st och musikalitet.<\/p>\n","protected":false},"excerpt":{"rendered":"<p>Lena Hellstr\u00f6m-F\u00e4rnl\u00f6f \u00e4r utbildad s\u00e5ngerska och pedagog vid G\u00f6teborgs musikh\u00f6gskola samt Operah\u00f6gskolan i Stockholm. Under sin s\u00e5ngkarri\u00e4r har Lena Hellstr\u00f6m-F\u00e4rnl\u00f6f som solist skaffat sig erfarenheter och kunskap om konstmusiken som f\u00e5 kan konkurrera med. Fr\u00e5n enklaste bes\u00e4ttning, r\u00f6st och luta, till full symfoniorkester, fr\u00e5n barockmusik till nyskriven musik, fr\u00e5n kammaropera till stor opera. Lena Hellstr\u00f6m-F\u00e4rnl\u00f6fs [&hellip;]<\/p>\n","protected":false},"author":1,"featured_media":0,"parent":0,"menu_order":0,"comment_status":"closed","ping_status":"closed","template":"","meta":{"footnotes":""},"class_list":["post-27","page","type-page","status-publish","hentry"],"_links":{"self":[{"href":"https:\/\/lenahf.se\/index.php\/wp-json\/wp\/v2\/pages\/27","targetHints":{"allow":["GET"]}}],"collection":[{"href":"https:\/\/lenahf.se\/index.php\/wp-json\/wp\/v2\/pages"}],"about":[{"href":"https:\/\/lenahf.se\/index.php\/wp-json\/wp\/v2\/types\/page"}],"author":[{"embeddable":true,"href":"https:\/\/lenahf.se\/index.php\/wp-json\/wp\/v2\/users\/1"}],"replies":[{"embeddable":true,"href":"https:\/\/lenahf.se\/index.php\/wp-json\/wp\/v2\/comments?post=27"}],"version-history":[{"count":10,"href":"https:\/\/lenahf.se\/index.php\/wp-json\/wp\/v2\/pages\/27\/revisions"}],"predecessor-version":[{"id":406,"href":"https:\/\/lenahf.se\/index.php\/wp-json\/wp\/v2\/pages\/27\/revisions\/406"}],"wp:attachment":[{"href":"https:\/\/lenahf.se\/index.php\/wp-json\/wp\/v2\/media?parent=27"}],"curies":[{"name":"wp","href":"https:\/\/api.w.org\/{rel}","templated":true}]}}