{"id":282,"date":"2018-03-03T13:36:06","date_gmt":"2018-03-03T13:36:06","guid":{"rendered":"http:\/\/lenahf.se\/?page_id=282"},"modified":"2018-03-04T09:10:57","modified_gmt":"2018-03-04T09:10:57","slug":"att-mota-lena-var-som-att-komma-hem-sangligt-christina-larsson-malmberg","status":"publish","type":"page","link":"https:\/\/lenahf.se\/index.php\/att-mota-lena-var-som-att-komma-hem-sangligt-christina-larsson-malmberg\/","title":{"rendered":"&#8221;Att m\u00f6ta Lena var som att komma hem s\u00e5ngligt&#8221;, Christina Larsson Malmberg"},"content":{"rendered":"<p><img loading=\"lazy\" decoding=\"async\" class=\"alignnone size-medium wp-image-284 alignleft\" src=\"http:\/\/lenahf.se\/wp-content\/uploads\/2018\/03\/ChristinaLarsson-300x169.jpg\" alt=\"\" width=\"300\" height=\"169\" srcset=\"https:\/\/lenahf.se\/wp-content\/uploads\/2018\/03\/ChristinaLarsson-300x169.jpg 300w, https:\/\/lenahf.se\/wp-content\/uploads\/2018\/03\/ChristinaLarsson-768x432.jpg 768w, https:\/\/lenahf.se\/wp-content\/uploads\/2018\/03\/ChristinaLarsson-1024x576.jpg 1024w, https:\/\/lenahf.se\/wp-content\/uploads\/2018\/03\/ChristinaLarsson.jpg 1600w\" sizes=\"auto, (max-width: 300px) 100vw, 300px\" \/>\u201dJag hade utbildat mig i 10 \u00e5r p\u00e5 olika skolor och frilansat p\u00e5 heltid i 6 \u00e5r n\u00e4r jag f\u00f6rsta g\u00e5ngen tr\u00e4ffade Lena. Nu har jag sjungit f\u00f6r henne i 1 \u00e5r, och vilket fantastiskt \u00e5r det har varit! Min teknik har blivit mycket stabilare, jag \u00e4r mer vokalt uth\u00e5llig, och framf\u00f6r allt upplever jag att min r\u00f6st har f\u00f6rdubblats i storlek. Fr\u00e5n att ha varit en slank barocksopran i m\u00e5nga \u00e5r har nu r\u00f6sten \u00f6ppnat sig f\u00f6r en mer lyrisk-dramatiskt uttryck. Jag har egentligen alltid vetat att det funnits en st\u00f6rre r\u00f6st i mig, men Lena har hj\u00e4lpt mig att plocka fram den, och detta utan att jag tappat min flexibilitet och snabba koloratur. H\u00f6jden \u00e4r friare, botten mer klangfull och jag har en mycket st\u00f6rre frihet att v\u00e4lja mellan olika f\u00e4rger och klanger i mitt musicerande.<\/p>\n<p>Att m\u00f6ta Lena var som att komma hem s\u00e5ngligt. Alla pusselbitar faller p\u00e5 plats nu. De tekniska svagheter jag tidigare k\u00e4mpat med repareras i en rasande fart. Jag vet att detta bara \u00e4r b\u00f6rjan. Allt k\u00e4nns m\u00f6jligt. Det \u00e4r en minst sagt lustfylld och sp\u00e4nnande resa!<\/p>\n<p>Lena har lyckats g\u00f6ra s\u00e5ngteknik roligt och helt begripligt f\u00f6r mig. Hon ger mig superkonkreta verktyg som verkligen fungerar och efter varje lektion g\u00e5r jag ut som en b\u00e4ttre s\u00e5ngerska. Dessutom \u00e4r hon en fantastisk mentor, full av positiv energi, kloka branschr\u00e5d och filosofiska visdomar som jag t\u00e4nker b\u00e4ra med mig genom hela livet.&#8221;<\/p>\n<p><em>Christina Larsson Malmberg har studerat klassisk s\u00e5ng vid Det Kongelige Danske Musikkonservatorium och specialiserat sig i tidig musik vid Kungliga Musikh\u00f6gskolan i Stockholm. Hon turnerar v\u00e4rlden \u00f6ver med kyrkomusik, kammarmusik och opera. Hon \u00e4r en \u00e5terkommande solist med den danska barockorkestern Copenhagen Soloists. Hon \u00e4r ocks\u00e5 s\u00e5ngerska i Operabyr\u00e5n, som 2018 inleder ett fler\u00e5rigt Artist in Residence p\u00e5 Konserthuset Stockholm.<\/em><\/p>\n","protected":false},"excerpt":{"rendered":"<p>\u201dJag hade utbildat mig i 10 \u00e5r p\u00e5 olika skolor och frilansat p\u00e5 heltid i 6 \u00e5r n\u00e4r jag f\u00f6rsta g\u00e5ngen tr\u00e4ffade Lena. Nu har jag sjungit f\u00f6r henne i 1 \u00e5r, och vilket fantastiskt \u00e5r det har varit! Min teknik har blivit mycket stabilare, jag \u00e4r mer vokalt uth\u00e5llig, och framf\u00f6r allt upplever jag [&hellip;]<\/p>\n","protected":false},"author":1,"featured_media":0,"parent":0,"menu_order":0,"comment_status":"closed","ping_status":"closed","template":"","meta":{"footnotes":""},"class_list":["post-282","page","type-page","status-publish","hentry"],"_links":{"self":[{"href":"https:\/\/lenahf.se\/index.php\/wp-json\/wp\/v2\/pages\/282","targetHints":{"allow":["GET"]}}],"collection":[{"href":"https:\/\/lenahf.se\/index.php\/wp-json\/wp\/v2\/pages"}],"about":[{"href":"https:\/\/lenahf.se\/index.php\/wp-json\/wp\/v2\/types\/page"}],"author":[{"embeddable":true,"href":"https:\/\/lenahf.se\/index.php\/wp-json\/wp\/v2\/users\/1"}],"replies":[{"embeddable":true,"href":"https:\/\/lenahf.se\/index.php\/wp-json\/wp\/v2\/comments?post=282"}],"version-history":[{"count":2,"href":"https:\/\/lenahf.se\/index.php\/wp-json\/wp\/v2\/pages\/282\/revisions"}],"predecessor-version":[{"id":285,"href":"https:\/\/lenahf.se\/index.php\/wp-json\/wp\/v2\/pages\/282\/revisions\/285"}],"wp:attachment":[{"href":"https:\/\/lenahf.se\/index.php\/wp-json\/wp\/v2\/media?parent=282"}],"curies":[{"name":"wp","href":"https:\/\/api.w.org\/{rel}","templated":true}]}}