{"id":374,"date":"2018-03-17T14:28:11","date_gmt":"2018-03-17T14:28:11","guid":{"rendered":"http:\/\/lenahf.se\/?page_id=374"},"modified":"2021-01-25T14:03:44","modified_gmt":"2021-01-25T14:03:44","slug":"kort-om-lena","status":"publish","type":"page","link":"https:\/\/lenahf.se\/index.php\/kort-om-lena\/","title":{"rendered":"Kort om Lena"},"content":{"rendered":"<p><a href=\"http:\/\/lenahf.se\/wp-content\/uploads\/2016\/04\/cropped-LENA1b-1.jpg\"><img loading=\"lazy\" decoding=\"async\" class=\"size-medium wp-image-6 alignleft\" src=\"http:\/\/lenahf.se\/wp-content\/uploads\/2016\/04\/cropped-LENA1b-1-300x300.jpg\" alt=\"\" width=\"300\" height=\"300\" srcset=\"https:\/\/lenahf.se\/wp-content\/uploads\/2016\/04\/cropped-LENA1b-1-300x300.jpg 300w, https:\/\/lenahf.se\/wp-content\/uploads\/2016\/04\/cropped-LENA1b-1-150x150.jpg 150w, https:\/\/lenahf.se\/wp-content\/uploads\/2016\/04\/cropped-LENA1b-1-270x270.jpg 270w, https:\/\/lenahf.se\/wp-content\/uploads\/2016\/04\/cropped-LENA1b-1-192x192.jpg 192w, https:\/\/lenahf.se\/wp-content\/uploads\/2016\/04\/cropped-LENA1b-1-180x180.jpg 180w, https:\/\/lenahf.se\/wp-content\/uploads\/2016\/04\/cropped-LENA1b-1-32x32.jpg 32w, https:\/\/lenahf.se\/wp-content\/uploads\/2016\/04\/cropped-LENA1b-1.jpg 512w\" sizes=\"auto, (max-width: 300px) 100vw, 300px\" \/><\/a><\/p>\n<p>Lena Hellstr\u00f6m-F\u00e4rnl\u00f6f , bosatt i Stockholm, \u00e4r professor i s\u00e5ng och konstn\u00e4rlig chef vid Musik- och Operah\u00f6gskolan vid M\u00e4lardalens h\u00f6gskola. Hon \u00e4r utn\u00e4mnd till Excellent Teacher, en meritering inom h\u00f6gskolev\u00e4rlden som ges till l\u00e4rare som uppn\u00e5tt den h\u00f6gsta niv\u00e5n av pedagogisk skicklighet. Lena ger regelbundet masterclasses nationellt och internationellt och undervisar \u00e4ven professionella s\u00e5ngare.<\/p>\n<p>Hon agerar ofta sakkunnig vid auditions och \u00e4r konstn\u00e4rlig r\u00e5dgivare \u00e5t en artistagentur. Lena har tidigare undervisat vid Operah\u00f6gskolan och Kungliga musikh\u00f6gskolan i Stockholm. Lena \u00e4r ocks\u00e5 mycket intresserad av ledarskap och personlig utveckling och har utbildat sig inom mental tr\u00e4ning och till NLP Master Practicioner.<\/p>\n<p>Konstn\u00e4rlig forskning \u00e4r en viktig del av Lenas arbete som s\u00e5ngpedagog. Forskningen handlar om \u201dhur konsten lyfter pedagogiken och hur pedagogiken lyfter konsten\u201d och har bland annat tagit sig uttryck i tv\u00e5 olika operaprojekt: Riddartornet som spelats p\u00e5 V\u00e4stmanlands teater och Vadstena gamla teater och Mozarts kvinnor som gavs p\u00e5 V\u00e4stmanlands teater och Ulriksdals slottsteater, Confidencen i Stockholm 2020.<\/p>\n<p>Lena Hellstr\u00f6m-F\u00e4rnl\u00f6f \u00e4r utbildad konsert- och operas\u00e5ngerska vid G\u00f6teborgs musikh\u00f6gskola samt Operah\u00f6gskolan i Stockholm. Under sin nationella och internationella 25-\u00e5riga s\u00e5ngkarri\u00e4r har Lena Hellstr\u00f6m-F\u00e4rnl\u00f6f som solist skaffat sig erfarenheter och kunskap om konstmusiken som f\u00e5 kan konkurrera med. Fr\u00e5n enklaste bes\u00e4ttning, r\u00f6st och luta, till full symfoniorkester, fr\u00e5n barockmusik till nyskriven musik, fr\u00e5n kammaropera till stor opera.<\/p>\n<p>Lena Hellstr\u00f6m-F\u00e4rnl\u00f6fs repertoark\u00e4nnedom \u00e4r unik, och ger henne verktyg och kunnande att ledsaga sina s\u00e5ngare p\u00e5 b\u00e4sta s\u00e4tt. All repertoar under \u00e5ren som s\u00e5ngerska: tidig musik, nyskrivet, opera, kammarmusik, romanser, solist med k\u00f6r, solist med k\u00f6r och orkester och sakral musik g\u00f6r listan l\u00e5ng och som s\u00e5ngpedagog \u00e4r detta en guldgruva att \u00f6sa ur.<\/p>\n<p>\u201dN\u00e4r jag var solist i sammanhang med k\u00f6r kom det ganska ofta n\u00e5gon k\u00f6rmedlem efter konserten och fr\u00e5gade om jag gav s\u00e5nglektioner. Undervisandet startade i blygsam skala och efter ett tag uppt\u00e4ckte jag att detta var det b\u00e4sta jag n\u00e5gonsin hade gjort. Jag b\u00f6rjade tacka nej till s\u00e5ngjobb f\u00f6r att ge s\u00e5nglektioner. Mitt i karri\u00e4ren tog jag beslutet att under ett \u00e5r undervisa p\u00e5 heltid \u2013 och p\u00e5 den v\u00e4gen \u00e4r det. Mitt enormt stora intresse f\u00f6r m\u00e4nniskor (t\u00e4nkte ett tag utbilda mig till l\u00e4kare) och musik g\u00f6r att jag stormtrivs med mitt jobb. P\u00e5 slutet av dagen \u00e4r jag fortfarande fylld av h\u00e4rlig energi!\u201d<\/p>\n<p>\u00a0<\/p>\n\n\n<figure class=\"wp-block-image size-large\"><img loading=\"lazy\" decoding=\"async\" width=\"534\" height=\"639\" src=\"http:\/\/lenahf.se\/wp-content\/uploads\/2021\/01\/Foto-Lena-Spegelsalen.jpg\" alt=\"\" class=\"wp-image-1194\" srcset=\"https:\/\/lenahf.se\/wp-content\/uploads\/2021\/01\/Foto-Lena-Spegelsalen.jpg 534w, https:\/\/lenahf.se\/wp-content\/uploads\/2021\/01\/Foto-Lena-Spegelsalen-251x300.jpg 251w\" sizes=\"auto, (max-width: 534px) 100vw, 534px\" \/><\/figure>\n\n\n\n<p><a href=\"http:\/\/lenahf.se\/index.php\/sangpedagog\/\">L\u00e4s mer: Lena, s\u00e5ngpedagog<\/a><\/p>\n","protected":false},"excerpt":{"rendered":"<p>Lena Hellstr\u00f6m-F\u00e4rnl\u00f6f , bosatt i Stockholm, \u00e4r professor i s\u00e5ng och konstn\u00e4rlig chef vid Musik- och Operah\u00f6gskolan vid M\u00e4lardalens h\u00f6gskola. Hon \u00e4r utn\u00e4mnd till Excellent Teacher, en meritering inom h\u00f6gskolev\u00e4rlden som ges till l\u00e4rare som uppn\u00e5tt den h\u00f6gsta niv\u00e5n av pedagogisk skicklighet. Lena ger regelbundet masterclasses nationellt och internationellt och undervisar \u00e4ven professionella s\u00e5ngare. Hon [&hellip;]<\/p>\n","protected":false},"author":1,"featured_media":0,"parent":0,"menu_order":0,"comment_status":"closed","ping_status":"closed","template":"","meta":{"footnotes":""},"class_list":["post-374","page","type-page","status-publish","hentry"],"_links":{"self":[{"href":"https:\/\/lenahf.se\/index.php\/wp-json\/wp\/v2\/pages\/374","targetHints":{"allow":["GET"]}}],"collection":[{"href":"https:\/\/lenahf.se\/index.php\/wp-json\/wp\/v2\/pages"}],"about":[{"href":"https:\/\/lenahf.se\/index.php\/wp-json\/wp\/v2\/types\/page"}],"author":[{"embeddable":true,"href":"https:\/\/lenahf.se\/index.php\/wp-json\/wp\/v2\/users\/1"}],"replies":[{"embeddable":true,"href":"https:\/\/lenahf.se\/index.php\/wp-json\/wp\/v2\/comments?post=374"}],"version-history":[{"count":13,"href":"https:\/\/lenahf.se\/index.php\/wp-json\/wp\/v2\/pages\/374\/revisions"}],"predecessor-version":[{"id":1255,"href":"https:\/\/lenahf.se\/index.php\/wp-json\/wp\/v2\/pages\/374\/revisions\/1255"}],"wp:attachment":[{"href":"https:\/\/lenahf.se\/index.php\/wp-json\/wp\/v2\/media?parent=374"}],"curies":[{"name":"wp","href":"https:\/\/api.w.org\/{rel}","templated":true}]}}