{"id":377,"date":"2018-03-17T14:59:17","date_gmt":"2018-03-17T14:59:17","guid":{"rendered":"http:\/\/lenahf.se\/?page_id=377"},"modified":"2020-12-09T14:46:43","modified_gmt":"2020-12-09T14:46:43","slug":"internationella-roster","status":"publish","type":"page","link":"https:\/\/lenahf.se\/index.php\/internationella-roster\/","title":{"rendered":"H\u00f6gsta betyg av internationella r\u00f6ster"},"content":{"rendered":"<p><strong><a href=\"http:\/\/lenahf.se\/wp-content\/uploads\/2020\/12\/hogsta1.png\"><img loading=\"lazy\" decoding=\"async\" class=\"size-medium wp-image-921 alignleft\" src=\"http:\/\/lenahf.se\/wp-content\/uploads\/2020\/12\/hogsta1-300x162.png\" alt=\"\" width=\"300\" height=\"162\" srcset=\"https:\/\/lenahf.se\/wp-content\/uploads\/2020\/12\/hogsta1-300x162.png 300w, https:\/\/lenahf.se\/wp-content\/uploads\/2020\/12\/hogsta1.png 604w\" sizes=\"auto, (max-width: 300px) 100vw, 300px\" \/><\/a>Kammaroperastudenterna vid Musik- och operah\u00f6gskolan vid M\u00e4lardalens h\u00f6gskola har f\u00e5tt \u00e4ran att undervisas av personer p\u00e5 den absolut h\u00f6gsta t\u00e4nkbara niv\u00e5n inom s\u00e5ngarv\u00e4rlden.<\/strong><\/p>\n<p><strong>Birgitta Svend\u00e9n<\/strong>\u00a0&#8211; hovs\u00e5ngerska, tidigare rektor f\u00f6r Operah\u00f6gskolan i Stockholm, VD och konstn\u00e4rlig chef f\u00f6r Kungliga operan i Stockholm. Med en karri\u00e4r vid scener som Metropolitan, La Scala, Bayreuth med mera. \u00a0Birgitta \u00e4r \u00e4ven hedersdoktor vid MDH.\u00a0<strong>Liz Upchurch<\/strong> &#8211; \u00a0verksam vid Torontooperan, ett av v\u00e4rldens nu ledande operahus. Liz \u00e4r pianist och en av de mest efterfr\u00e5gade vocal coacherna i Nordamerika och Europa.<\/p>\n<p>Birgitta tog av sin dyrbara tid och gav masterclass p\u00e5 V\u00e4ster\u00e5s slott i den vackra Rikssalen f\u00f6r Kammaroperastudenterna med s\u00e5ngklassen fr\u00e5n Kammarmusikprogrammet som publik. Masterclass \u00e4r en undervisningsform d\u00e4r en \u201dm\u00e4stare\u201d inom ett omr\u00e5de undervisar en student med publik. Vi \u00f6ppnade upp dagen med en fingerad audition d\u00e4r studenterna sj\u00f6ng tv\u00e5 arior var med provsjungningsrepertoar och d\u00e4refter fick de feedback. Efter det satte masterclassen ig\u00e5ng.<\/p>\n<p>Professor Lena Hellstr\u00f6m \u2013 F\u00e4rnl\u00f6f : \u201dBirgitta gav instruktioner p\u00e5 ett s\u00e4tt som tydligt avsl\u00f6jade att studenterna h\u00e5ller en mycket h\u00f6g niv\u00e5. Hon gav musikaliska anvisningar som inte ens professionella s\u00e5ngare alltid kan ta till sig av. Timmarna fl\u00f6g iv\u00e4g och det var en h\u00e4rlig st\u00e4mning i rummet med b\u00e5de skratt och allvar.\u201d<\/p>\n<p>Kammaroperastudenterna:\u00a0<em>Vi hade en fantastisk eftermiddag d\u00e4r vi fick ta del av Birgittas kunskap och erfarenheter som resulterade i instruktioner p\u00e5 h\u00f6g niv\u00e5 som kompletterar med bitar till v\u00e5ra s\u00e5ngpussel!<\/em>\u00a0<em>Vi k\u00e4nner oss oerh\u00f6rt motiverande av hennes positiva respons och feedback.<\/em><\/p>\n<p>S\u00e5 h\u00e4r skriver Birgitta Svend\u00e9n om kammaroperastudenterna:<\/p>\n<p>\u201dF\u00f6r n\u00e5gra veckor sedan fick jag f\u00f6rm\u00e5nen att tr\u00e4ffa s\u00e5ngstudenter p\u00e5 Musik- och operah\u00f6gskolan vid M\u00e4lardalens H\u00f6gskolas\u00a0Kammaroperautbildning\u00a0i en masterclass.<\/p>\n<p>Jag blev mycket imponerad av den h\u00f6ga niv\u00e5n och fick uppleva n\u00e5gra timmar av musikalisk gl\u00e4dje d\u00e5 dessa s\u00e5ngare verkligen bj\u00f6d p\u00e5 sig sj\u00e4lva.<\/p>\n<p>Deras s\u00e5ngteknik stod p\u00e5 en s\u00e5n h\u00f6g och bra niv\u00e5 att vi kunde utforska olika musikaliska id\u00e9er och finslipa det musikaliska uttrycket b\u00e5de genom texten och f\u00e4rgpaletten i r\u00f6stklang.\u00a0 Jag k\u00e4nner sedan tidigare deras l\u00e4rare Lena Hellstr\u00f6m\u00a0&#8211; F\u00e4rnl\u00f6f\u00a0som jag betraktar som en av de b\u00e4sta pedagoger vi har i landet vilket den h\u00e4r gruppen verkligen visade prov p\u00e5 d\u00e5 alla sj\u00f6ng med friska naturliga r\u00f6ster och som snabbt kunde oms\u00e4tta det jag f\u00f6reslog.\u00a0Jag l\u00e4mnade skolan med en h\u00e4rlig k\u00e4nsla av energi och tillf\u00f6rsikt om att det kommer nya svenska stj\u00e4rnskott \u00e4ven i framtiden och h\u00e4r p\u00e5 Musik- och operah\u00f6gskolan vid M\u00e4lardalens H\u00f6gskola finns r\u00e4tt f\u00f6ruts\u00e4ttningar att ta vara p\u00e5 dessa talanger.\u201d<\/p>\n<p>Birgitta Svend\u00e9n Operachef<\/p>\n<p><strong>Liz Upchurch<\/strong>\u00a0har g\u00e4statutbildningen flera g\u00e5nger. Kammaroperastudenterna har d\u00e5 f\u00e5tt lektioner varje dag och de andra s\u00e5ngarna p\u00e5 programmet fick var sin lektion.<\/p>\n<p>Professor Lena Hellstr\u00f6m-F\u00e4rnl\u00f6f: \u00a0\u201dJag \u00e4r alltid n\u00e4rvarande vid g\u00e4stbes\u00f6k och har efter lektionerna givande samtal om s\u00e5ngteknik, s\u00e5ngarnas framtid etc. Detta \u00e4r inspirerande och givande, vill absolut inte bli hemmablind! Jag k\u00e4nner till studenternas progression och d\u00e5 \u00e4r det sp\u00e4nnande att se hur g\u00e4stl\u00e4rare upplever s\u00e5ngarna just d\u00e4r de befinner sig idag. Det \u00e4r en internationell bransch som v\u00e4ntar dessa s\u00e5ngare.\u201d<\/p>\n<p>S\u00e5 h\u00e4r skriver Liz Upchurch om de fyra kammaroperastudenterna:<\/p>\n<p>\u201cThis select group of gifted young opera singers have clearly benefited from a very high level of training being offered to them at this programme. These singers have\u00a0had the privilege of working with a world class singing teacher, Lena Hellstrom Farnlof, in a creative, nurturing environment where artistry and vocal training are at the highest level.<\/p>\n<p>This type of training gives singers the necessary tools to enter the professional world of singing.<\/p>\n<p>This group of singers are now poised to enter the professional world of singing as a result of the first class training they have been given.\u201d<\/p>\n<p><strong>B\u00e4ttre betyg \u00e4n s\u00e5 h\u00e4r kan inte en utbildning f\u00e5!<\/strong><\/p>\n<p><a href=\"http:\/\/lenahf.se\/wp-content\/uploads\/2020\/12\/hogsta2.png\"><img loading=\"lazy\" decoding=\"async\" class=\"alignnone size-medium wp-image-922\" src=\"http:\/\/lenahf.se\/wp-content\/uploads\/2020\/12\/hogsta2-300x162.png\" alt=\"\" width=\"300\" height=\"162\" srcset=\"https:\/\/lenahf.se\/wp-content\/uploads\/2020\/12\/hogsta2-300x162.png 300w, https:\/\/lenahf.se\/wp-content\/uploads\/2020\/12\/hogsta2.png 604w\" sizes=\"auto, (max-width: 300px) 100vw, 300px\" \/><\/a><\/p>\n","protected":false},"excerpt":{"rendered":"<p>Kammaroperastudenterna vid Musik- och operah\u00f6gskolan vid M\u00e4lardalens h\u00f6gskola har f\u00e5tt \u00e4ran att undervisas av personer p\u00e5 den absolut h\u00f6gsta t\u00e4nkbara niv\u00e5n inom s\u00e5ngarv\u00e4rlden. Birgitta Svend\u00e9n\u00a0&#8211; hovs\u00e5ngerska, tidigare rektor f\u00f6r Operah\u00f6gskolan i Stockholm, VD och konstn\u00e4rlig chef f\u00f6r Kungliga operan i Stockholm. Med en karri\u00e4r vid scener som Metropolitan, La Scala, Bayreuth med mera. \u00a0Birgitta \u00e4r [&hellip;]<\/p>\n","protected":false},"author":1,"featured_media":0,"parent":0,"menu_order":0,"comment_status":"closed","ping_status":"closed","template":"","meta":{"footnotes":""},"class_list":["post-377","page","type-page","status-publish","hentry"],"_links":{"self":[{"href":"https:\/\/lenahf.se\/index.php\/wp-json\/wp\/v2\/pages\/377","targetHints":{"allow":["GET"]}}],"collection":[{"href":"https:\/\/lenahf.se\/index.php\/wp-json\/wp\/v2\/pages"}],"about":[{"href":"https:\/\/lenahf.se\/index.php\/wp-json\/wp\/v2\/types\/page"}],"author":[{"embeddable":true,"href":"https:\/\/lenahf.se\/index.php\/wp-json\/wp\/v2\/users\/1"}],"replies":[{"embeddable":true,"href":"https:\/\/lenahf.se\/index.php\/wp-json\/wp\/v2\/comments?post=377"}],"version-history":[{"count":9,"href":"https:\/\/lenahf.se\/index.php\/wp-json\/wp\/v2\/pages\/377\/revisions"}],"predecessor-version":[{"id":930,"href":"https:\/\/lenahf.se\/index.php\/wp-json\/wp\/v2\/pages\/377\/revisions\/930"}],"wp:attachment":[{"href":"https:\/\/lenahf.se\/index.php\/wp-json\/wp\/v2\/media?parent=377"}],"curies":[{"name":"wp","href":"https:\/\/api.w.org\/{rel}","templated":true}]}}