{"id":387,"date":"2018-03-19T17:02:41","date_gmt":"2018-03-19T17:02:41","guid":{"rendered":"http:\/\/lenahf.se\/?page_id=387"},"modified":"2018-03-19T17:23:39","modified_gmt":"2018-03-19T17:23:39","slug":"387-2","status":"publish","type":"page","link":"https:\/\/lenahf.se\/index.php\/387-2\/","title":{"rendered":"&#8221;Lena hade precis de nycklar jag beh\u00f6vde&#8221;, Erika Sax"},"content":{"rendered":"<figure id=\"attachment_388\" aria-describedby=\"caption-attachment-388\" style=\"width: 300px\" class=\"wp-caption alignleft\"><img loading=\"lazy\" decoding=\"async\" class=\"wp-image-388 size-medium\" src=\"http:\/\/lenahf.se\/wp-content\/uploads\/2018\/03\/Erika-Sax-300x169.jpg\" alt=\"\" width=\"300\" height=\"169\" srcset=\"https:\/\/lenahf.se\/wp-content\/uploads\/2018\/03\/Erika-Sax-300x169.jpg 300w, https:\/\/lenahf.se\/wp-content\/uploads\/2018\/03\/Erika-Sax-768x432.jpg 768w, https:\/\/lenahf.se\/wp-content\/uploads\/2018\/03\/Erika-Sax-1024x576.jpg 1024w, https:\/\/lenahf.se\/wp-content\/uploads\/2018\/03\/Erika-Sax.jpg 1600w\" sizes=\"auto, (max-width: 300px) 100vw, 300px\" \/><figcaption id=\"caption-attachment-388\" class=\"wp-caption-text\">Foto:\u00a0Karl-Magnus Fredriksson.<\/figcaption><\/figure>\n<p>Jag heter Erika Sax \u00e4r frilansande mezzosopran och har jobbat aktivt inom yrket i 15 \u00e5r. Min fr\u00e4msta arbetsplats har varit G\u00f6teborgsoperan d\u00e4r jag sjungit ett 20-tal roller genom \u00e5ren. Jag har ocks\u00e5 sjungit p\u00e5 de flesta svenska operascener s\u00e5som Kungliga Operan, Folkoperan, V\u00e4rmlandsoperan och Norrlandsoperan.<\/p>\n<p>Jag kom i kontakt med Lena Hellstr\u00f6m F\u00e4rnl\u00f6f genom rekommendation h\u00f6sten 2014.<\/p>\n<p>Jag hade vid denna tidpunkt en k\u00e4nsla av att jag stod vid ett v\u00e4gsk\u00e4l r\u00f6stligt och repertoarm\u00e4ssigt, och stod och stampade tekniskt. Med Lena klickade det direkt, hon hade precis de nycklar jag beh\u00f6vde och vi har jobbat intensivt sedan dess. Lenas f\u00f6rm\u00e5ga att frig\u00f6ra en r\u00f6st \u00e4r unik. Hennes enorma kunskap om r\u00f6stinstrumentet och alla funktioner \u00e4r otrolig och jag k\u00e4nner att jag helt igenom litar p\u00e5 hennes \u00f6ra. Det k\u00e4nns befriande med n\u00e5gon som ser och k\u00e4nner av ens hela gestalt d\u00e5 man jobbar och har en f\u00f6rm\u00e5ga att ta fram det b\u00e4sta hos varje elev och det utan att st\u00f6pa alla i samma form. Nu har vi en l\u00e5ngsiktig plan d\u00e4r jag n\u00e4rmar mig det mer dramatiska mezzosopranfacket med bl a repertoar av Wagner och Strauss<\/p>\n<p>Som s\u00e5ngerska och frilansande musiker \u00e4r jag ju i st\u00e4ndig konstn\u00e4rlig utveckling och det k\u00e4nns sp\u00e4nnande att forts\u00e4tta f\u00f6r\u00e4dla mitt instrument s\u00e5 det ska h\u00e5lla en hel karri\u00e4r. Hos Lena \u00e4r jag i trygga h\u00e4nder!<\/p>\n<p>Erika Sax -frilansande mezzosopran<br \/>\n<span class=\"x_apple-converted-space\">\u00a0<\/span><a id=\"LPlnk991987\" href=\"http:\/\/www.erikasax.com\/\" target=\"_blank\" rel=\"noopener noreferrer\">www.erikasax.com<\/a><\/p>\n<p class=\"x_MsoNormal\"><strong>Erika Sax, Fricka, Valkyrian, Wagner:<\/strong><br \/>\n<iframe loading=\"lazy\" src=\"https:\/\/www.youtube.com\/embed\/LiD5N6jwwAM\" width=\"560\" height=\"315\" frameborder=\"0\" allowfullscreen=\"allowfullscreen\"><\/iframe><\/p>\n<p><strong>Erika Sax, Charlotte, Werther, Massenet:<\/strong><\/p>\n<p><iframe loading=\"lazy\" src=\"https:\/\/www.youtube.com\/embed\/wDUn8z8QMAs\" width=\"560\" height=\"315\" frameborder=\"0\" allowfullscreen=\"allowfullscreen\"><\/iframe><\/p>\n<p>&nbsp;<\/p>\n","protected":false},"excerpt":{"rendered":"<p>Jag heter Erika Sax \u00e4r frilansande mezzosopran och har jobbat aktivt inom yrket i 15 \u00e5r. Min fr\u00e4msta arbetsplats har varit G\u00f6teborgsoperan d\u00e4r jag sjungit ett 20-tal roller genom \u00e5ren. Jag har ocks\u00e5 sjungit p\u00e5 de flesta svenska operascener s\u00e5som Kungliga Operan, Folkoperan, V\u00e4rmlandsoperan och Norrlandsoperan. Jag kom i kontakt med Lena Hellstr\u00f6m F\u00e4rnl\u00f6f genom [&hellip;]<\/p>\n","protected":false},"author":1,"featured_media":0,"parent":0,"menu_order":0,"comment_status":"closed","ping_status":"closed","template":"","meta":{"footnotes":""},"class_list":["post-387","page","type-page","status-publish","hentry"],"_links":{"self":[{"href":"https:\/\/lenahf.se\/index.php\/wp-json\/wp\/v2\/pages\/387","targetHints":{"allow":["GET"]}}],"collection":[{"href":"https:\/\/lenahf.se\/index.php\/wp-json\/wp\/v2\/pages"}],"about":[{"href":"https:\/\/lenahf.se\/index.php\/wp-json\/wp\/v2\/types\/page"}],"author":[{"embeddable":true,"href":"https:\/\/lenahf.se\/index.php\/wp-json\/wp\/v2\/users\/1"}],"replies":[{"embeddable":true,"href":"https:\/\/lenahf.se\/index.php\/wp-json\/wp\/v2\/comments?post=387"}],"version-history":[{"count":7,"href":"https:\/\/lenahf.se\/index.php\/wp-json\/wp\/v2\/pages\/387\/revisions"}],"predecessor-version":[{"id":396,"href":"https:\/\/lenahf.se\/index.php\/wp-json\/wp\/v2\/pages\/387\/revisions\/396"}],"wp:attachment":[{"href":"https:\/\/lenahf.se\/index.php\/wp-json\/wp\/v2\/media?parent=387"}],"curies":[{"name":"wp","href":"https:\/\/api.w.org\/{rel}","templated":true}]}}