{"id":427,"date":"2018-04-07T15:39:01","date_gmt":"2018-04-07T15:39:01","guid":{"rendered":"http:\/\/lenahf.se\/?page_id=427"},"modified":"2020-12-23T14:08:44","modified_gmt":"2020-12-23T14:08:44","slug":"riddartornet","status":"publish","type":"page","link":"https:\/\/lenahf.se\/index.php\/riddartornet\/","title":{"rendered":"Riddartornet"},"content":{"rendered":"\n<figure class=\"wp-block-image size-large\"><img loading=\"lazy\" decoding=\"async\" width=\"640\" height=\"960\" src=\"http:\/\/lenahf.se\/wp-content\/uploads\/2018\/06\/riddaropera3.jpg\" alt=\"\" class=\"wp-image-532\" srcset=\"https:\/\/lenahf.se\/wp-content\/uploads\/2018\/06\/riddaropera3.jpg 640w, https:\/\/lenahf.se\/wp-content\/uploads\/2018\/06\/riddaropera3-200x300.jpg 200w\" sizes=\"auto, (max-width: 640px) 100vw, 640px\" \/><figcaption>Amelie Flink som Matilda Rebecca Hellbom som Olivia Foto: Jonas Bilberg<\/figcaption><\/figure>\n\n\n<p><b><span style=\"font-family: 'Arial',sans-serif; color: #222222;\">Riddartornet \u00e4r en nykomponerad kammaropera med musik av Carl Unander-Scharin, libretto av Magnus Florin i regi av Nils Spangenberg. Operan \u00e4r baserad p\u00e5 E. J. Stagnelius pj\u00e4s med samma namn och \u00e4r specialskriven f\u00f6r Musik- och Operah\u00f6gskolan vid M\u00e4lardalens h\u00f6gskolas kammaroperautbildning, som ett konstn\u00e4rligt forskningsprojekt under ledning av h\u00f6gskolans konstn\u00e4rliga chef och professor i s\u00e5ng &#8211; Lena Hellstr\u00f6m- F\u00e4rnl\u00f6f.<\/span><\/b><span class=\"apple-converted-space\"><span style=\"font-family: 'Arial',sans-serif; color: #222222;\">\u00a0 <\/span><\/span><b><\/b><\/p>\n<p>Bakgrunden till samarbetet var ett m\u00f6te mellan operaklassen och Carl Unander-Scharin v\u00e5ren 2017 d\u00e5 Carl imponerades av niv\u00e5n och d\u00e4rf\u00f6r fr\u00e5gade oss om det vore intressant med ett samarbete d\u00e4r han komponerade en specialbest\u00e4lld opera f\u00f6r studenterna. Grundid\u00e9n bygger p\u00e5 att: <em>konsten lyfter pedagogiken och pedagogiken<\/em> <em>lyfter konsten<\/em>, och i detta projekt berikar de varandra. D\u00e4rav det t\u00e4ta och unika samarbetet mellan komposit\u00f6r och s\u00e5ngpedagog, senare \u00e4ven s\u00e5ngpedagog och regiss\u00f6r. Denna grundid\u00e9 \u00e4r \u00e4ven tesen i Lena Hellstr\u00f6m-F\u00e4rnl\u00f6fs forskning.<\/p>\n<p>Projektet genomf\u00f6rdes i samproduktion med Vadstena-akademien och V\u00e4stmanlands teater. Operan fick sin v\u00e4rldspremi\u00e4r p\u00e5 V\u00e4stmanlands teater i V\u00e4ster\u00e5s den 12 juni 2018 och flyttade sedan i b\u00f6rjan av juli till Vadstena Gamla teater, en teater fr\u00e5n Stagnelius egen tid.<\/p>\n<p>Pj\u00e4sen fr\u00e5n 1821 \u00e4r en romantisk, skr\u00e4ckgotisk tragedi om en faders beg\u00e4r till sin dotter i den f\u00f6rvridna \u00e5tr\u00e5n efter oskuld och ren urbild. Det \u00e4r ett ot\u00e4ckt drama som speglar Stagnelius syn p\u00e5 tillvaron som en dyster vr\u00e5ngbild av det eviga. Guds klara evangelium str\u00e5lar ner fr\u00e5n stj\u00e4rnorna, men varat \u00e4r en endast en ond dr\u00f6m.<\/p>\n<p>\u00a0<\/p>\n<p><strong>Carl Unander-Scharin<\/strong>, tons\u00e4ttare,<\/p>\n<p><strong>Magnus Florin<\/strong>, libretton<\/p>\n<p><strong>Nils Spangenberg<\/strong>\u00a0\u2013regiss\u00f6r, vd och konstn\u00e4rlig ledare p\u00e5 Vadstena -Akademien,<\/p>\n<p><strong>Lena Hellstr\u00f6m-F\u00e4rnl\u00f6f<\/strong>\u00a0\u00e4r professor i s\u00e5ng och konstn\u00e4rlig chef vid Musik- och Operah\u00f6gskolan vid M\u00e4lardalens h\u00f6gskola.<\/p>\n<p><strong>Joachim Gustafsson<\/strong>\u00a0&#8211; dirigent<\/p>\n<p><strong>Johan Glaumann<\/strong>\u00a0\u2013 \u00a0scenograf och kostymskapare.<\/p>\n<p><strong>Erika Dillner Engstr\u00f6m\u00a0<\/strong>\u2013 Kostymtillverkare.<\/p>\n<p><strong>Christer Billstr\u00f6m<\/strong>\u00a0\u2013 Ljusdesign<\/p>\n<p><strong>Johan \u00c5berg<\/strong>\u00a0\u2013 Scenm\u00e4stare<\/p>\n<p><strong>Vladi Vargas\u00a0<\/strong>\u2013 Tekniker<\/p>\n<p><strong>Pernilla Willman\u00a0<\/strong>\u2013 Producent<\/p>\n<p>Tack till:<\/p>\n<p><strong>Teaterchef:<\/strong>\u00a0Niklas Hjulstr\u00f6m<\/p>\n<p><strong>Produktionschef:<\/strong>\u00a0Maria H\u00e4gglund<\/p>\n<p><strong>Marknadschef:<\/strong>\u00a0Ulrica Martinsdotter<\/p>\n<p><strong>Administrativ och ekonomichef:<\/strong>\u00a0Eva-Marie Sahlin<\/p>\n<p>De medverkande utg\u00f6rs av s\u00e5ngare fr\u00e5n den nystartade kammaroperautbildningen samt s\u00e5ngare och instrumentalister fr\u00e5n Kammarmusikprogrammet. En fantastisk storsatsning fr\u00e5n Musik- och Operah\u00f6gskolan vid M\u00e4lardalens h\u00f6gskola f\u00f6r musikstudenter och f\u00f6r svenskt musikliv!<\/p>\n<p><strong>Rollista Riddartornet<\/strong><\/p>\n<p>Mathilda \u2013 Amelie Flink, sopran<\/p>\n<p>Olivia \u2013 Rebecca Hellbom, sopran<\/p>\n<p>Clara \u2013 Frida Bergquist, mezzosopran<\/p>\n<p>Rheinfels \u2013 Viktor Johansson, tenor<\/p>\n<p>\u00a0<\/p>\n<p><a href=\"http:\/\/lenahf.se\/wp-content\/uploads\/2020\/06\/opera-icone.jpg\"><img loading=\"lazy\" decoding=\"async\" class=\"alignnone wp-image-855\" src=\"http:\/\/lenahf.se\/wp-content\/uploads\/2020\/06\/opera-icone.jpg\" sizes=\"auto, (max-width: 42px) 100vw, 42px\" srcset=\"http:\/\/lenahf.se\/wp-content\/uploads\/2020\/06\/opera-icone.jpg 225w, http:\/\/lenahf.se\/wp-content\/uploads\/2020\/06\/opera-icone-150x150.jpg 150w\" alt=\"\" width=\"42\" height=\"43\" \/><\/a>m Lena Helltr\u00f6m-F\u00e4rnl\u00f6f, en av Sveriges fr\u00e4msta s\u00e5ngpedagoger:<\/p>\n<p><em>Utbildad vid\u00a0<a href=\"https:\/\/www.uniarts.se\/om-skh\/operahogskolan\" target=\"_blank\" rel=\"noopener\">Operah\u00f6gskolan<\/a>\u00a0i Stockholm och\u00a0<a href=\"https:\/\/hsm.gu.se\/\" target=\"_blank\" rel=\"noopener\">Musikh\u00f6gskolan i G\u00f6teborg<\/a>. Sjungit allt ifr\u00e5n tidig medeltidsmusik till ultramodern nyskriven i sm\u00e5 och stora konstellationer, opera, barnopera, kammarmusik, solist med orkestrar, solist i sakrala verk b\u00e5de i Sverige och utomlands.<\/em><\/p>\n<p><em>Efter m\u00e5nga \u00e5r i branschen, f\u00f6rst som student, sedan ute p\u00e5 f\u00e4ltet som konsert- och operas\u00e5ngerska \u00e4gnar sig Lena nu sig exklusivt \u00e5t s\u00e5ngundervisning.<\/em><\/p>\n<p><em>Professor\u00a0 och excellent teacher, undervisar professionella s\u00e5ngare och studenter i alla r\u00f6stfack, ger regelbundet masterclasses nationellt och internationellt.<\/em><\/p>\n<p><em>Agerar ofta sakkunnig i jurys och \u00e4r artistisk r\u00e5dgivare i agenturen Good Company.<\/em><\/p>\n<p><em>Lena\u00a0 \u00e4r en uppskattad konferenci\u00e4r i konsert och operasammanhang.\u00a0<\/em><\/p>\n<p>\u00a0<\/p>\n<p>\u00a0<\/p>\n<p>\u00a0<\/p>\n<p>\u00a0<\/p>\n<p>\u00a0<\/p>","protected":false},"excerpt":{"rendered":"<p>Riddartornet \u00e4r en nykomponerad kammaropera med musik av Carl Unander-Scharin, libretto av Magnus Florin i regi av Nils Spangenberg. Operan \u00e4r baserad p\u00e5 E. J. Stagnelius pj\u00e4s med samma namn och \u00e4r specialskriven f\u00f6r Musik- och Operah\u00f6gskolan vid M\u00e4lardalens h\u00f6gskolas kammaroperautbildning, som ett konstn\u00e4rligt forskningsprojekt under ledning av h\u00f6gskolans konstn\u00e4rliga chef och professor i s\u00e5ng [&hellip;]<\/p>\n","protected":false},"author":1,"featured_media":0,"parent":0,"menu_order":0,"comment_status":"closed","ping_status":"closed","template":"","meta":{"footnotes":""},"class_list":["post-427","page","type-page","status-publish","hentry"],"_links":{"self":[{"href":"https:\/\/lenahf.se\/index.php\/wp-json\/wp\/v2\/pages\/427","targetHints":{"allow":["GET"]}}],"collection":[{"href":"https:\/\/lenahf.se\/index.php\/wp-json\/wp\/v2\/pages"}],"about":[{"href":"https:\/\/lenahf.se\/index.php\/wp-json\/wp\/v2\/types\/page"}],"author":[{"embeddable":true,"href":"https:\/\/lenahf.se\/index.php\/wp-json\/wp\/v2\/users\/1"}],"replies":[{"embeddable":true,"href":"https:\/\/lenahf.se\/index.php\/wp-json\/wp\/v2\/comments?post=427"}],"version-history":[{"count":5,"href":"https:\/\/lenahf.se\/index.php\/wp-json\/wp\/v2\/pages\/427\/revisions"}],"predecessor-version":[{"id":1150,"href":"https:\/\/lenahf.se\/index.php\/wp-json\/wp\/v2\/pages\/427\/revisions\/1150"}],"wp:attachment":[{"href":"https:\/\/lenahf.se\/index.php\/wp-json\/wp\/v2\/media?parent=427"}],"curies":[{"name":"wp","href":"https:\/\/api.w.org\/{rel}","templated":true}]}}