{"id":541,"date":"2018-06-14T14:22:36","date_gmt":"2018-06-14T14:22:36","guid":{"rendered":"http:\/\/lenahf.se\/?page_id=541"},"modified":"2018-06-14T14:28:06","modified_gmt":"2018-06-14T14:28:06","slug":"lena-ar-en-ovanlig-sangpedagog-elin-skorup","status":"publish","type":"page","link":"https:\/\/lenahf.se\/index.php\/lena-ar-en-ovanlig-sangpedagog-elin-skorup\/","title":{"rendered":"&#8221;Lena \u00e4r en ovanlig s\u00e5ngpedagog&#8221;, Elin Skorup"},"content":{"rendered":"<p><img loading=\"lazy\" decoding=\"async\" class=\"size-medium wp-image-542 alignleft\" src=\"http:\/\/lenahf.se\/wp-content\/uploads\/2018\/06\/elinSkorup-300x169.jpg\" alt=\"\" width=\"300\" height=\"169\" srcset=\"https:\/\/lenahf.se\/wp-content\/uploads\/2018\/06\/elinSkorup-300x169.jpg 300w, https:\/\/lenahf.se\/wp-content\/uploads\/2018\/06\/elinSkorup-768x432.jpg 768w, https:\/\/lenahf.se\/wp-content\/uploads\/2018\/06\/elinSkorup-1024x576.jpg 1024w, https:\/\/lenahf.se\/wp-content\/uploads\/2018\/06\/elinSkorup.jpg 1600w\" sizes=\"auto, (max-width: 300px) 100vw, 300px\" \/>Sedan jag b\u00f6rjade sjunga f\u00f6r Lena har min s\u00e5ngliga utveckling n\u00e5tt oanade h\u00f6jder. Efter varje lektion har hon lagt ner ett nytt verktyg i l\u00e5dan, ett verktyg man\u00a0<i>alltid<\/i>\u00a0har anv\u00e4ndning f\u00f6r. Lena \u00e4r en ovanlig s\u00e5ngpedagog. Ovanlig i den bem\u00e4rkelsen att hon besitter de mest djuplodade kunskaper om s\u00e5v\u00e4l r\u00f6st och anatomi, som repertoark\u00e4nnedom och dramaturgi.<\/p>\n<p>Lena \u00e4r en m\u00e4stare p\u00e5 implementera allt detta i sin undervisning utan att s\u00e4rskilja n\u00e5gotdera av det. Hon vet precis n\u00e4r det \u00e4r dags f\u00f6r lite mer eller mindre av det ena eller andra men alla parametrar finns alltid d\u00e4r. Dessutom ser Lena, med sin nyfikenhet till att h\u00e5lla sig st\u00e4ndigt uppdaterad p\u00e5 nya r\u00f6n i de forskningsomr\u00e5den som r\u00f6r b\u00e5de r\u00f6st och pedagogik. I f\u00f6rberedelserna f\u00f6r n\u00e5gra av mina st\u00f6rre engagemang, oavsett om det g\u00e4ller Mozarts Requiem i Stockholms Konserthus, Beethovens nia med G\u00e4vle symfoniorkester, en audition f\u00f6r Malm\u00f6 Opera eller rollinstudering vet Lena precis vad som ska till f\u00f6r att man ska k\u00e4nna sig upp till t\u00e4nderna v\u00e4l f\u00f6rberedd redo att leverera sitt allra yttersta.<\/p>\n<p>Och dessutom ha v\u00e4ldigt roligt samtidigt! Det \u00e4r en h\u00e5rd bransch men Lena k\u00e4nner den v\u00e4l och hon har en unik f\u00f6rm\u00e5ga att varsamt men best\u00e4mt (och alltid med ett leende) elda p\u00e5 den d\u00e4r gl\u00f6den man har som artist, f\u00f6r att kunna, likt en elitidrottare, prestera p\u00e5 topp precis just n\u00e4r det kr\u00e4vs. Att sjunga f\u00f6r Lena \u00e4r extremt h\u00e4lsosamt. Jag blir helt enkelt en lite b\u00e4ttre s\u00e5ngerska f\u00f6r\u00a0<i>varje<\/i>\u00a0g\u00e5ng jag har haft lektion.<\/p>\n<p><iframe loading=\"lazy\" src=\"https:\/\/www.youtube.com\/embed\/opBktDCUMO8\" width=\"560\" height=\"315\" frameborder=\"0\" allowfullscreen=\"allowfullscreen\"><\/iframe><br \/>\nRavel, Fire aria &#8211; &#8221;Arri\u00e8re ! Je r\u00e9chauffe les bons&#8221;<\/p>\n","protected":false},"excerpt":{"rendered":"<p>Sedan jag b\u00f6rjade sjunga f\u00f6r Lena har min s\u00e5ngliga utveckling n\u00e5tt oanade h\u00f6jder. Efter varje lektion har hon lagt ner ett nytt verktyg i l\u00e5dan, ett verktyg man\u00a0alltid\u00a0har anv\u00e4ndning f\u00f6r. Lena \u00e4r en ovanlig s\u00e5ngpedagog. Ovanlig i den bem\u00e4rkelsen att hon besitter de mest djuplodade kunskaper om s\u00e5v\u00e4l r\u00f6st och anatomi, som repertoark\u00e4nnedom och dramaturgi. [&hellip;]<\/p>\n","protected":false},"author":1,"featured_media":0,"parent":0,"menu_order":0,"comment_status":"closed","ping_status":"closed","template":"","meta":{"footnotes":""},"class_list":["post-541","page","type-page","status-publish","hentry"],"_links":{"self":[{"href":"https:\/\/lenahf.se\/index.php\/wp-json\/wp\/v2\/pages\/541","targetHints":{"allow":["GET"]}}],"collection":[{"href":"https:\/\/lenahf.se\/index.php\/wp-json\/wp\/v2\/pages"}],"about":[{"href":"https:\/\/lenahf.se\/index.php\/wp-json\/wp\/v2\/types\/page"}],"author":[{"embeddable":true,"href":"https:\/\/lenahf.se\/index.php\/wp-json\/wp\/v2\/users\/1"}],"replies":[{"embeddable":true,"href":"https:\/\/lenahf.se\/index.php\/wp-json\/wp\/v2\/comments?post=541"}],"version-history":[{"count":2,"href":"https:\/\/lenahf.se\/index.php\/wp-json\/wp\/v2\/pages\/541\/revisions"}],"predecessor-version":[{"id":547,"href":"https:\/\/lenahf.se\/index.php\/wp-json\/wp\/v2\/pages\/541\/revisions\/547"}],"wp:attachment":[{"href":"https:\/\/lenahf.se\/index.php\/wp-json\/wp\/v2\/media?parent=541"}],"curies":[{"name":"wp","href":"https:\/\/api.w.org\/{rel}","templated":true}]}}