{"id":81,"date":"2017-01-15T11:18:58","date_gmt":"2017-01-15T11:18:58","guid":{"rendered":"http:\/\/lenahf.se\/?page_id=81"},"modified":"2021-02-01T18:15:11","modified_gmt":"2021-02-01T18:15:11","slug":"konsert-och-operakarriar","status":"publish","type":"page","link":"https:\/\/lenahf.se\/index.php\/konsert-och-operakarriar\/","title":{"rendered":"Konsert \u2013<br>operakarri\u00e4r"},"content":{"rendered":"<p><img loading=\"lazy\" decoding=\"async\" class=\"alignnone wp-image-234 alignleft\" src=\"http:\/\/lenahf.se\/wp-content\/uploads\/2017\/01\/Lena3F-300x169.jpg\" alt=\"Lena Hellstr\u00f6m - F\u00e4rnl\u00f6f\" width=\"462\" height=\"260\" srcset=\"https:\/\/lenahf.se\/wp-content\/uploads\/2017\/01\/Lena3F-300x169.jpg 300w, https:\/\/lenahf.se\/wp-content\/uploads\/2017\/01\/Lena3F-768x432.jpg 768w, https:\/\/lenahf.se\/wp-content\/uploads\/2017\/01\/Lena3F-1024x576.jpg 1024w, https:\/\/lenahf.se\/wp-content\/uploads\/2017\/01\/Lena3F.jpg 1600w\" sizes=\"auto, (max-width: 462px) 100vw, 462px\" \/><\/p>\n<p>I b\u00f6rjan av karri\u00e4ren blev det mycket opera: storopera, kammaropera, nyskriven opera, barockopera, barnopera, etc. Att djupdyka i rolltolkningar och g\u00e5 in i en karakt\u00e4r tillsammans med regiss\u00f6r, dirigent och s\u00e5ngarlag \u00e4r bland det absolut b\u00e4sta som finns! Det \u00e4r kr\u00e4vande p\u00e5 alla plan men samtidigt s\u00e5 sp\u00e4nnande att via sitt eget instrument g\u00e5 vidare och utveckla konstn\u00e4rlighet och artisteri! I en produktion p\u00e5 Folkoperan i Stockholm sj\u00f6ng jag alla tre sopranrollerna i Hoffmans \u00e4ventyr. Allt som h\u00f6r till med kostym, smink, ljus, teaterdammet, nerver, orkester \u2026. ger en magi som inte \u00e4r j\u00e4mf\u00f6rbar med n\u00e5got annat \u00e4n scenens f\u00f6rm\u00e5ga att trollbinda. En f\u00f6rt\u00e4tad koncentration som helt \u00e4r i nuet och i konstens tj\u00e4nst, kr\u00e4ver total n\u00e4rvaro och ger samtidigt ett lyckorus d\u00e4r endorfinerna skjuter i h\u00f6jden!<\/p>\n<p>F\u00f6r mig var det sv\u00e5rt att kombinera operans arbetstider med familj och tv\u00e5 barn, frilansande musikerman och att vi bodde p\u00e5 landet. N\u00e4r skolan startade f\u00f6r barnen tackade jag d\u00e4rf\u00f6r nej till l\u00e4ngre engagemang, ist\u00e4llet blev det konserter och kortare operaengagemang. Ofta var det nya program varje vecka med en h\u00e4rlig blandning av allt en klassisk konsert- och operas\u00e5ngerska kan t\u00e4nka sig att vilja sjunga. Romanskonserter med teman som Sydl\u00e4ndska fl\u00e4ktar och nordiska vindar (Spansk och nordisk musik), Folkton p\u00e5 klassiskt vis (Brahms, Haydn, Villa Lobos, Ravel, Rodrigo, Bart\u00f3k), Sagotema med Schostakovish, Musgrave, Bernstein, Mussorvsky, Tidig poesi m\u00f6ter nutida tons\u00e4ttare och mycket mer. M\u00e5nga fantastiska uruppf\u00f6randen med romanser som t.ex. W.W.Glaser, B. F\u00e4rnl\u00f6f. Och all sakralmusik fr\u00e5n tidig medeltid via barock och romantik till ultramodernt. Fantastisk kammarmusik med kantater, duos, trios, och vidare i bes\u00e4ttning, \u00e4ven h\u00e4r med ett stort spann i tidsepok och konstellationer. T.ex. slagverk och s\u00e5ng, blockfl\u00f6jt, slagverk och s\u00e5ng, klarinett, piano och s\u00e5ng, str\u00e5ktrio och s\u00e5ng, oboe och s\u00e5ng, trumpet, str\u00e5kkvartett och s\u00e5ng\u2026..<\/p>\n<p>Och opera s\u00e5klart!!<\/p>\n<p>Att st\u00e5 p\u00e5 scenen och m\u00f6ta publik, det egna \u00f6vandet och m\u00f6ten med underbara musiker genom \u00e5ren har varit helt oslagbart!<\/p>\n<p><img loading=\"lazy\" decoding=\"async\" class=\"alignnone wp-image-235 alignright\" src=\"http:\/\/lenahf.se\/wp-content\/uploads\/2017\/01\/Lena4F-300x169.jpg\" alt=\"Lena Hellstr\u00f6m - F\u00e4rnl\u00f6f konsert och opera\" width=\"463\" height=\"261\" srcset=\"https:\/\/lenahf.se\/wp-content\/uploads\/2017\/01\/Lena4F-300x169.jpg 300w, https:\/\/lenahf.se\/wp-content\/uploads\/2017\/01\/Lena4F-768x432.jpg 768w, https:\/\/lenahf.se\/wp-content\/uploads\/2017\/01\/Lena4F-1024x576.jpg 1024w, https:\/\/lenahf.se\/wp-content\/uploads\/2017\/01\/Lena4F.jpg 1600w\" sizes=\"auto, (max-width: 463px) 100vw, 463px\" \/><\/p>\n<p>&#8221;<em>Lena Hellstr\u00f6m-F\u00e4rnl\u00f6fs repertoark\u00e4nnedom \u00e4r unik! Fr\u00e5n enklaste bes\u00e4ttning, r\u00f6st och luta, till full symfoniorkester, fr\u00e5n barockmusik till nyskriven musik, fr\u00e5n kyrkomusik till romanskonserter. Lena har ofta representerat svenskt musikliv utanf\u00f6r Sveriges gr\u00e4nser.&#8221;<\/em><\/p>\n<p><strong>\u00a0<\/strong><\/p>\n\n\n<figure class=\"wp-block-image size-large\"><img loading=\"lazy\" decoding=\"async\" width=\"768\" height=\"1024\" src=\"http:\/\/lenahf.se\/wp-content\/uploads\/2021\/02\/Foto-Vasa-med-Joni-och-B-1-768x1024.jpg\" alt=\"\" class=\"wp-image-1285\" srcset=\"https:\/\/lenahf.se\/wp-content\/uploads\/2021\/02\/Foto-Vasa-med-Joni-och-B-1-768x1024.jpg 768w, https:\/\/lenahf.se\/wp-content\/uploads\/2021\/02\/Foto-Vasa-med-Joni-och-B-1-225x300.jpg 225w, https:\/\/lenahf.se\/wp-content\/uploads\/2021\/02\/Foto-Vasa-med-Joni-och-B-1-1152x1536.jpg 1152w, https:\/\/lenahf.se\/wp-content\/uploads\/2021\/02\/Foto-Vasa-med-Joni-och-B-1-1536x2048.jpg 1536w, https:\/\/lenahf.se\/wp-content\/uploads\/2021\/02\/Foto-Vasa-med-Joni-och-B-1-scaled.jpg 1920w\" sizes=\"auto, (max-width: 768px) 100vw, 768px\" \/><figcaption>Getting ready for concert (foto Vasa getting ready)<\/figcaption><\/figure>\n\n\n\n<p><\/p>\n","protected":false},"excerpt":{"rendered":"<p>I b\u00f6rjan av karri\u00e4ren blev det mycket opera: storopera, kammaropera, nyskriven opera, barockopera, barnopera, etc. Att djupdyka i rolltolkningar och g\u00e5 in i en karakt\u00e4r tillsammans med regiss\u00f6r, dirigent och s\u00e5ngarlag \u00e4r bland det absolut b\u00e4sta som finns! Det \u00e4r kr\u00e4vande p\u00e5 alla plan men samtidigt s\u00e5 sp\u00e4nnande att via sitt eget instrument g\u00e5 vidare [&hellip;]<\/p>\n","protected":false},"author":1,"featured_media":0,"parent":0,"menu_order":3,"comment_status":"closed","ping_status":"closed","template":"","meta":{"footnotes":""},"class_list":["post-81","page","type-page","status-publish","hentry"],"_links":{"self":[{"href":"https:\/\/lenahf.se\/index.php\/wp-json\/wp\/v2\/pages\/81","targetHints":{"allow":["GET"]}}],"collection":[{"href":"https:\/\/lenahf.se\/index.php\/wp-json\/wp\/v2\/pages"}],"about":[{"href":"https:\/\/lenahf.se\/index.php\/wp-json\/wp\/v2\/types\/page"}],"author":[{"embeddable":true,"href":"https:\/\/lenahf.se\/index.php\/wp-json\/wp\/v2\/users\/1"}],"replies":[{"embeddable":true,"href":"https:\/\/lenahf.se\/index.php\/wp-json\/wp\/v2\/comments?post=81"}],"version-history":[{"count":17,"href":"https:\/\/lenahf.se\/index.php\/wp-json\/wp\/v2\/pages\/81\/revisions"}],"predecessor-version":[{"id":1286,"href":"https:\/\/lenahf.se\/index.php\/wp-json\/wp\/v2\/pages\/81\/revisions\/1286"}],"wp:attachment":[{"href":"https:\/\/lenahf.se\/index.php\/wp-json\/wp\/v2\/media?parent=81"}],"curies":[{"name":"wp","href":"https:\/\/api.w.org\/{rel}","templated":true}]}}