{"id":90,"date":"2017-01-15T12:42:55","date_gmt":"2017-01-15T12:42:55","guid":{"rendered":"http:\/\/lenahf.se\/?page_id=90"},"modified":"2021-01-25T14:01:47","modified_gmt":"2021-01-25T14:01:47","slug":"sangpedagog","status":"publish","type":"page","link":"https:\/\/lenahf.se\/index.php\/sangpedagog\/","title":{"rendered":"S\u00e5ngpedagog"},"content":{"rendered":"\n<figure class=\"wp-block-image size-large\"><img loading=\"lazy\" decoding=\"async\" width=\"960\" height=\"960\" src=\"http:\/\/lenahf.se\/wp-content\/uploads\/2020\/03\/25feb.jpg\" alt=\"\" class=\"wp-image-838\" srcset=\"https:\/\/lenahf.se\/wp-content\/uploads\/2020\/03\/25feb.jpg 960w, https:\/\/lenahf.se\/wp-content\/uploads\/2020\/03\/25feb-150x150.jpg 150w, https:\/\/lenahf.se\/wp-content\/uploads\/2020\/03\/25feb-300x300.jpg 300w, https:\/\/lenahf.se\/wp-content\/uploads\/2020\/03\/25feb-768x768.jpg 768w, https:\/\/lenahf.se\/wp-content\/uploads\/2020\/03\/25feb-256x256.jpg 256w\" sizes=\"auto, (max-width: 960px) 100vw, 960px\" \/><\/figure>\n\n\n\n<p>Lena Hellstr\u00f6m-F\u00e4rnl\u00f6f har efter studier p\u00e5 Musikh\u00f6gskolan i G\u00f6teborg och Operah\u00f6gskolan i Stockholm haft en l\u00e5ng, framg\u00e5ngsrik och inte minst synnerligen m\u00e5ngfacetterad karri\u00e4r som s\u00e5ngerska. Sedan 2004 \u00e4gnar sig Lena exklusivt \u00e5t undervisning. D\u00e4rtill ger hon regelbundet nationella och internationella masterclasses, agerar sakkunnig vid auditions samt verkar som r\u00e5dgivare \u00e5t agenturer.<\/p>\n\n\n<p>N\u00e4r jag var solist i sammanhang med k\u00f6r kom det ganska ofta n\u00e5gon k\u00f6rmedlem efter konserten och fr\u00e5gade om jag gav s\u00e5nglektioner. Undervisandet startade i blygsam skala och efter ett tag uppt\u00e4ckte jag att detta var det b\u00e4sta jag n\u00e5gonsin hade gjort.<\/p>\n<p>Jag b\u00f6rjade tacka nej till s\u00e5ngjobb f\u00f6r att ge s\u00e5nglektioner. 2007 tog jag beslutet att under ett \u00e5r undervisa p\u00e5 heltid \u2013 och p\u00e5 den v\u00e4gen \u00e4r det. Mitt enormt stora intresse f\u00f6r m\u00e4nniskor (t\u00e4nkte ett tag utbilda mig till l\u00e4kare) och musik g\u00f6r att jag stormtrivs med mitt jobb.<\/p>\n<p>Nu undervisar jag b\u00e5de professionella s\u00e5ngare mitt i karri\u00e4ren och studenter<b>, i alla r\u00f6stfack,<\/b>\u00a0och p\u00e5 slutet av dagen \u00e4r jag fortfarande fylld av h\u00e4rlig energi! All repertoar under \u00e5ren som s\u00e5ngerska: tidig musik, nyskrivet, opera, kammarmusik, romanser, solist med k\u00f6r, solist med k\u00f6r och orkester och sakral musik g\u00f6r listan l\u00e5ng och som s\u00e5ngpedagog \u00e4r detta en guldgruva att \u00f6sa ur.<\/p>\n\n\n<figure class=\"wp-block-image size-large\"><img loading=\"lazy\" decoding=\"async\" width=\"907\" height=\"1024\" src=\"http:\/\/lenahf.se\/wp-content\/uploads\/2021\/01\/Bild1-907x1024.jpg\" alt=\"\" class=\"wp-image-1244\" srcset=\"https:\/\/lenahf.se\/wp-content\/uploads\/2021\/01\/Bild1-907x1024.jpg 907w, https:\/\/lenahf.se\/wp-content\/uploads\/2021\/01\/Bild1-266x300.jpg 266w, https:\/\/lenahf.se\/wp-content\/uploads\/2021\/01\/Bild1-768x867.jpg 768w, https:\/\/lenahf.se\/wp-content\/uploads\/2021\/01\/Bild1.jpg 1183w\" sizes=\"auto, (max-width: 907px) 100vw, 907px\" \/><\/figure>\n\n\n\n<p>Under sin s\u00e5ngkarri\u00e4r har Lena Hellstr\u00f6m-F\u00e4rnl\u00f6f som solist skaffat sig erfarenheter och kunskap om konstmusiken som f\u00e5 kan konkurrera med. Fr\u00e5n enklaste bes\u00e4ttning, r\u00f6st och luta, till full symfoniorkester, fr\u00e5n barockmusik till nyskriven musik, fr\u00e5n kammaropera till stor opera. Lena Hellstr\u00f6m-F\u00e4rnl\u00f6fs repertoark\u00e4nnedom \u00e4r unik, och ger henne verktyg och kunnande att ledsaga sina s\u00e5ngare p\u00e5 b\u00e4sta s\u00e4tt. Lena undervisar i alla r\u00f6stfack: sopran, mezzo, alt, tenor, baryton och bas.<\/p>\n\n\n\n<figure class=\"wp-block-image size-large is-resized\"><img loading=\"lazy\" decoding=\"async\" src=\"http:\/\/lenahf.se\/wp-content\/uploads\/2021\/01\/Bild2.jpg\" alt=\"\" class=\"wp-image-1245\" width=\"734\" height=\"551\" srcset=\"https:\/\/lenahf.se\/wp-content\/uploads\/2021\/01\/Bild2.jpg 453w, https:\/\/lenahf.se\/wp-content\/uploads\/2021\/01\/Bild2-300x225.jpg 300w\" sizes=\"auto, (max-width: 734px) 100vw, 734px\" \/><figcaption>Paris \u2013 Boulogne-Billancourt<\/figcaption><\/figure>\n\n\n\n<p>Som s\u00e5ngpedagog ser Lena alltid till individen. Att f\u00e5 s\u00e5ngaren att k\u00e4nna v\u00e4lbefinnande som Paris \u2013 Boulogne-Billancourt musiker och m\u00e4nniska, att k\u00e4nna gl\u00e4dje och trygghet, \u00e4r f\u00f6r Lena en grundf\u00f6ruts\u00e4ttning f\u00f6r att hitta och utveckla varje elevs unika r\u00f6st och musikalitet. Med detta som grund, utvecklar Lena s\u00e5ngarens s\u00e5ngteknik och s\u00e5ngfantasi, och hj\u00e4lper eleven mot m\u00e5let att kunna uttrycka sig gr\u00e4nsl\u00f6st med sin r\u00f6st och att k\u00e4nna sig musikaliskt helt fri. Att vara sitt instrument 24 timmar om dygnet \u00e4r oerh\u00f6rt kr\u00e4vande. D\u00e4rf\u00f6r \u00e4r utg\u00e5ngspunkten&nbsp;f\u00f6r&nbsp;undervisningen en&nbsp;helhetssyn d\u00e4r&nbsp;f\u00f6rutom&nbsp;s\u00e5ngteknik&nbsp; saker som att sova,&nbsp;\u00e4ta, motionera och&nbsp;m\u00e5 bra&nbsp;\u00e4r&nbsp;sj\u00e4lvklara&nbsp;byggstenar, allt f\u00f6r att r\u00f6sten ska utvecklas mot sin fulla potential.<\/p>\n\n\n\n<p><em>Lena: <\/em><em>\u201dDet \u00e4r l\u00e4tt att bl\u00e4ndas av klang men otroligt viktigt att ocks\u00e5 lyssna p\u00e5 hur musklerna jobbar f\u00f6r att hitta balansen i s\u00e5ngmuskulaturen som ska leda till en teknik som h\u00e5ller i ett l\u00e5ngt s\u00e5ngarliv. Det \u00e4r ingen quick fix precis. Som s\u00e5ngare beh\u00f6ver du inte ha l\u00e4st boken men som pedagog m\u00e5ste jag vara bevandrad i b\u00e5de anatomi, r\u00f6stfysiologi och vara en stor m\u00e4nniskok\u00e4nnare med ett mycket varmt hj\u00e4rta. Den konstn\u00e4rliga \u00e4rligheten, som jag ser det, m\u00e5ste komma inifr\u00e5n och sedan p\u00e5verka r\u00f6sten, r\u00f6relse och mimik, den \u00e4rligheten f\u00e5r publiken att ber\u00f6ras. <\/em><em>Jag \u00e4r tacksam \u00f6ver att jag tidigt fick komma i kontakt med Konstantin Stanislavskis och Doreen Cannons l\u00e4ror inom teater. <\/em><em>All repertoar under \u00e5ren som s\u00e5ngerska: tidig musik, nyskrivet, opera, kammarmusik, romanser, solist med k\u00f6r, solist med k\u00f6r och orkester och sakral musik g\u00f6r listan l\u00e5ng och som s\u00e5ngpedagog \u00e4r detta en guldgruva att \u00f6sa ur. Jag har o\u00e4ndlig energi f\u00f6r att hj\u00e4lpa dig och ingenting g\u00f6r mig s\u00e5 lycklig som att se mina s\u00e5ngelever lyckas.<\/em><\/p>\n\n\n\n<p><em>Som s\u00e5ngpedagog har jag valt att ha kvar artisten Lena och spegla mitt s\u00e4tt att undervisa med samma krav och konstn\u00e4rlighet som scenen inbjuder till. Artisten har h\u00f6ga krav p\u00e5 sitt artisteri och det har jag p\u00e5 min egen undervisning och mentorskap f\u00f6r att du ska utvecklas maximalt!&nbsp;<\/em><\/p>\n\n\n\n<p><em>Med allt detta i bagaget k\u00e4nner jag mig trygg och v\u00e4l rustad och vet att jag kan lita p\u00e5 mina intentioner och d\u00e4rf\u00f6r ge utrymme f\u00f6r b\u00e5de lek och allvar i min undervisning.\u201d<\/em><\/p>\n\n\n\n<figure class=\"wp-block-image size-large is-resized\"><img loading=\"lazy\" decoding=\"async\" src=\"http:\/\/lenahf.se\/wp-content\/uploads\/2021\/01\/Bild3.jpg\" alt=\"\" class=\"wp-image-1246\" width=\"768\" height=\"586\" srcset=\"https:\/\/lenahf.se\/wp-content\/uploads\/2021\/01\/Bild3.jpg 453w, https:\/\/lenahf.se\/wp-content\/uploads\/2021\/01\/Bild3-300x229.jpg 300w\" sizes=\"auto, (max-width: 768px) 100vw, 768px\" \/><\/figure>\n\n\n\n<p><strong>Masterclasses i s\u00e5ng<\/strong><\/p>\n\n\n\n<p>Jag har ocks\u00e5 f\u00f6rm\u00e5nen att bli inbjuden att ge masterclasses i Europa och Nordamerika. Detta har gett ett stort internationellt kontaktn\u00e4t med massor av underbara och otrolig kunniga kollegor som \u00e4r verksamma p\u00e5 den absolut h\u00f6gsta t\u00e4nkbara niv\u00e5n inom s\u00e5ngarv\u00e4rlden. Det \u00e4r ocks\u00e5 enormt givande och sp\u00e4nnande att m\u00f6ta internationella s\u00e5ngare f\u00f6r att h\u00f6ra var niv\u00e5n befinner sig och se hur deras attityd \u00e4r till utbildning och s\u00e5ngaryrket. F\u00f6r mig \u00e4r det ov\u00e4rderligt att f\u00e5 detta perspektiv och influenser fr\u00e5n v\u00e4rlden som p\u00e5verkar min undervisning och g\u00f6r att jag st\u00e4ndigt utvecklas vidare. Detta g\u00f6r att jag kan dela med mig av mina f\u00e4rska nyheter till mina elever och f\u00f6rbereda dig f\u00f6r en internationell karri\u00e4r.<\/p>\n\n\n\n<p>Ytterligare en verksamhet som hj\u00e4lper mig att f\u00e5 ett perspektiv p\u00e5 dagens s\u00e5ngarv\u00e4rld \u00e4r n\u00e4r jag lyssnar i olika auditionsammanhang. Detta har lett till att jag ger auditionkurser. F\u00f6rst och fr\u00e4mst m\u00e5ste s\u00e5ngen vara p\u00e5 topp men det finns ocks\u00e5 en m\u00e4ngd olika saker som bidrar till hur man lyckas och trivs i dessa sammanhang.<\/p>\n\n\n\n<figure class=\"wp-block-image size-large\"><img loading=\"lazy\" decoding=\"async\" width=\"801\" height=\"601\" src=\"http:\/\/lenahf.se\/wp-content\/uploads\/2021\/01\/Bild4.jpg\" alt=\"\" class=\"wp-image-1247\" srcset=\"https:\/\/lenahf.se\/wp-content\/uploads\/2021\/01\/Bild4.jpg 801w, https:\/\/lenahf.se\/wp-content\/uploads\/2021\/01\/Bild4-300x225.jpg 300w, https:\/\/lenahf.se\/wp-content\/uploads\/2021\/01\/Bild4-768x576.jpg 768w\" sizes=\"auto, (max-width: 801px) 100vw, 801px\" \/><\/figure>\n\n\n\n<figure class=\"wp-block-image size-large\"><img loading=\"lazy\" decoding=\"async\" width=\"604\" height=\"341\" src=\"http:\/\/lenahf.se\/wp-content\/uploads\/2021\/01\/Bild5.jpg\" alt=\"\" class=\"wp-image-1248\" srcset=\"https:\/\/lenahf.se\/wp-content\/uploads\/2021\/01\/Bild5.jpg 604w, https:\/\/lenahf.se\/wp-content\/uploads\/2021\/01\/Bild5-300x169.jpg 300w\" sizes=\"auto, (max-width: 604px) 100vw, 604px\" \/><\/figure>\n\n\n\n<figure class=\"wp-block-image size-large\"><img loading=\"lazy\" decoding=\"async\" width=\"801\" height=\"601\" src=\"http:\/\/lenahf.se\/wp-content\/uploads\/2021\/01\/Bild7.jpg\" alt=\"\" class=\"wp-image-1249\" srcset=\"https:\/\/lenahf.se\/wp-content\/uploads\/2021\/01\/Bild7.jpg 801w, https:\/\/lenahf.se\/wp-content\/uploads\/2021\/01\/Bild7-300x225.jpg 300w, https:\/\/lenahf.se\/wp-content\/uploads\/2021\/01\/Bild7-768x576.jpg 768w\" sizes=\"auto, (max-width: 801px) 100vw, 801px\" \/><\/figure>\n\n\n\n<p class=\"has-text-align-center\">L\u2019Atelier lyrique de l\u2019Op\u00e9ra de Montr\u00e9al<\/p>\n\n\n\n<p><strong>Hur det startade med undervisning:<\/strong><\/p>\n\n\n\n<p><em>Lena \u2013<\/em> \u201d<em>N\u00e4r jag var solist i sammanhang med k\u00f6r kom det ganska ofta n\u00e5gon k\u00f6rmedlem efter konserten och fr\u00e5gade om jag gav s\u00e5nglektioner. Undervisandet startade i blygsam skala och efter ett tag uppt\u00e4ckte jag att detta var det b\u00e4sta jag n\u00e5gonsin hade gjort. Jag b\u00f6rjade tacka nej till s\u00e5ngjobb f\u00f6r att ge s\u00e5nglektioner. 2004 tog jag beslutet att under ett \u00e5r undervisa p\u00e5 heltid \u2013 och p\u00e5 den v\u00e4gen \u00e4r det. Mitt enormt stora intresse f\u00f6r m\u00e4nniskor (t\u00e4nkte ett tag utbilda mig till l\u00e4kare) och musik g\u00f6r att jag stormtrivs med mitt jobb som s\u00e5ngpedagog. All repertoar under \u00e5ren som s\u00e5ngerska: tidig musik, nyskrivet, opera, kammarmusik, romanser, solist med k\u00f6r, solist med k\u00f6r och orkester och sakral musik g\u00f6r listan l\u00e5ng och som s\u00e5ngpedagog \u00e4r detta en guldgruva att \u00f6sa ur.<\/em><\/p>\n\n\n\n<p><em>Formul\u00e4rets \u00f6verkant<\/em><\/p>\n\n\n\n<p><em>Formul\u00e4rets nederkant<\/em><\/p>\n\n\n\n<p><em>Mitt enormt stora intresse f\u00f6r m\u00e4nniskor (t\u00e4nkte ett tag utbilda mig till l\u00e4kare) och musik g\u00f6r att jag stormtrivs med mitt jobb. <\/em><em>Sj\u00e4lv ser jag mig lite som den eviga studenten. Jag sl\u00e5r mig inte till ro, utan vidareutbildar mig kontinuerligt. Det g\u00f6r att jag utvecklar nya aspekter av pedagogiken och av konstn\u00e4rligheten och inte blir hemmablind.<\/em><em><\/em><\/p>\n\n\n\n<p><em>Nu undervisar jag b\u00e5de studenter och professionella s\u00e5ngare mitt i karri\u00e4ren och p\u00e5 slutet av dagen \u00e4r jag fortfarande fylld av energi!\u201d<\/em><\/p>\n\n\n\n<figure class=\"wp-block-image size-large\"><img decoding=\"async\" src=\"http:\/\/lenahf.se\/wp-content\/uploads\/2021\/01\/Bild10-1.tif\" alt=\"\" class=\"wp-image-1251\"\/><\/figure>\n\n\n\n<figure class=\"wp-block-image size-large\"><img loading=\"lazy\" decoding=\"async\" width=\"568\" height=\"757\" src=\"http:\/\/lenahf.se\/wp-content\/uploads\/2021\/01\/Bild13.jpg\" alt=\"\" class=\"wp-image-1252\" srcset=\"https:\/\/lenahf.se\/wp-content\/uploads\/2021\/01\/Bild13.jpg 568w, https:\/\/lenahf.se\/wp-content\/uploads\/2021\/01\/Bild13-225x300.jpg 225w\" sizes=\"auto, (max-width: 568px) 100vw, 568px\" \/><\/figure>\n\n\n\n<p><\/p>\n","protected":false},"excerpt":{"rendered":"<p>Lena Hellstr\u00f6m-F\u00e4rnl\u00f6f har efter studier p\u00e5 Musikh\u00f6gskolan i G\u00f6teborg och Operah\u00f6gskolan i Stockholm haft en l\u00e5ng, framg\u00e5ngsrik och inte minst synnerligen m\u00e5ngfacetterad karri\u00e4r som s\u00e5ngerska. Sedan 2004 \u00e4gnar sig Lena exklusivt \u00e5t undervisning. D\u00e4rtill ger hon regelbundet nationella och internationella masterclasses, agerar sakkunnig vid auditions samt verkar som r\u00e5dgivare \u00e5t agenturer. N\u00e4r jag var solist [&hellip;]<\/p>\n","protected":false},"author":1,"featured_media":0,"parent":0,"menu_order":4,"comment_status":"closed","ping_status":"closed","template":"","meta":{"footnotes":""},"class_list":["post-90","page","type-page","status-publish","hentry"],"_links":{"self":[{"href":"https:\/\/lenahf.se\/index.php\/wp-json\/wp\/v2\/pages\/90","targetHints":{"allow":["GET"]}}],"collection":[{"href":"https:\/\/lenahf.se\/index.php\/wp-json\/wp\/v2\/pages"}],"about":[{"href":"https:\/\/lenahf.se\/index.php\/wp-json\/wp\/v2\/types\/page"}],"author":[{"embeddable":true,"href":"https:\/\/lenahf.se\/index.php\/wp-json\/wp\/v2\/users\/1"}],"replies":[{"embeddable":true,"href":"https:\/\/lenahf.se\/index.php\/wp-json\/wp\/v2\/comments?post=90"}],"version-history":[{"count":7,"href":"https:\/\/lenahf.se\/index.php\/wp-json\/wp\/v2\/pages\/90\/revisions"}],"predecessor-version":[{"id":1254,"href":"https:\/\/lenahf.se\/index.php\/wp-json\/wp\/v2\/pages\/90\/revisions\/1254"}],"wp:attachment":[{"href":"https:\/\/lenahf.se\/index.php\/wp-json\/wp\/v2\/media?parent=90"}],"curies":[{"name":"wp","href":"https:\/\/api.w.org\/{rel}","templated":true}]}}