{"id":94,"date":"2017-01-15T12:55:13","date_gmt":"2017-01-15T12:55:13","guid":{"rendered":"http:\/\/lenahf.se\/?page_id=94"},"modified":"2021-01-25T13:47:28","modified_gmt":"2021-01-25T13:47:28","slug":"kammarmusikprogrammet-vid-malardalens-hogskola","status":"publish","type":"page","link":"https:\/\/lenahf.se\/index.php\/kammarmusikprogrammet-vid-malardalens-hogskola\/","title":{"rendered":"S\u00e5ng och opera utbildning vid Musik och Operah\u00f6gskolan vid M\u00e4lardalens h\u00f6gskola"},"content":{"rendered":"\n<p>Under flera fantastiska \u00e5r med s\u00e5ngundervisning p\u00e5 min gamla skola, Operah\u00f6gskolan i Stockholm, tog jag beslutet i december 2010 att l\u00e4mna den f\u00f6r att ge plats \u00e5t det konstn\u00e4rliga ledarskapet p\u00e5 Musik- och operah\u00f6gskolan vid M\u00e4lardalens h\u00f6gskola. Min nuvarande arbetsplats \u00e4r p\u00e5 V\u00e4ster\u00e5s slott, avdelningen f\u00f6r musik vid M\u00e4lardalens h\u00f6gskola, d\u00e4r jag delar min tid mellan det konstn\u00e4rliga ledarskapet och min s\u00e5ngundervisning: h\u00e4r f\u00e5r jag b\u00e5de skapa, driva och organisera konstn\u00e4rlig utbildning. Efter m\u00e5nga \u00e5r i branschen, f\u00f6rst som student, sedan ute p\u00e5 f\u00e4ltet och efter det s\u00e5ngundervisning p\u00e5 h\u00f6gskola \u00e4r jag v\u00e4l f\u00f6rberedd f\u00f6r uppdraget. H\u00e4r \u00e4r jag omgiven av ett super- kompetent l\u00e4rarlag och fantastiska studenter!<\/p>\n\n\n\n<p><strong>\u25ba<\/strong><a href=\"http:\/\/lenahf.se\/index.php\/kammarmusikprogrammet-vid-malardalens-hogskola\/musik-och-operahogskolan-vid-malardalens-hogskola-kammarmusikprogrammet-inriktning-sang-180-hp\/\"> <strong>Kammarmusikprogrammet inriktning s\u00e5ng<\/strong>, <strong>180 hp<\/strong><\/a><\/p>\n\n\n\n<p><strong>\u25ba<\/strong> <a href=\"http:\/\/lenahf.se\/index.php\/kammaropera-utbildningen-120-hp\/\"><strong>Kammaroperautbildningen<\/strong>, <strong>120 hp<\/strong><\/a><\/p>\n\n\n\n<p><strong>\u25ba<\/strong><a href=\"http:\/\/lenahf.se\/index.php\/studenterna-om-lasaret-17-18-pa-kammaroperautbildningen\/\"> <strong>Studenterna om l\u00e4s\u00e5ret 2017\/2018 p\u00e5 Kammaroperautbildningen<\/strong><\/a><strong> <\/strong><\/p>\n\n\n\n<p><strong>\u25ba<\/strong> <strong><a href=\"http:\/\/lenahf.se\/index.php\/huvudinstrument-fortsattning-inriktning-sang-halvfart\/\">Huvudinstrument forts\u00e4ttning inriktning s\u00e5ng<\/a><\/strong><\/p>\n\n\n\n<p><strong>\u25ba<\/strong> <strong><a href=\"http:\/\/lenahf.se\/index.php\/studentkommentarer-med-ljudklipp-2\/\">Studentkommentarer med ljudklipp<\/a><\/strong><\/p>\n","protected":false},"excerpt":{"rendered":"<p>Under flera fantastiska \u00e5r med s\u00e5ngundervisning p\u00e5 min gamla skola, Operah\u00f6gskolan i Stockholm, tog jag beslutet i december 2010 att l\u00e4mna den f\u00f6r att ge plats \u00e5t det konstn\u00e4rliga ledarskapet p\u00e5 Musik- och operah\u00f6gskolan vid M\u00e4lardalens h\u00f6gskola. Min nuvarande arbetsplats \u00e4r p\u00e5 V\u00e4ster\u00e5s slott, avdelningen f\u00f6r musik vid M\u00e4lardalens h\u00f6gskola, d\u00e4r jag delar min tid [&hellip;]<\/p>\n","protected":false},"author":1,"featured_media":0,"parent":0,"menu_order":0,"comment_status":"closed","ping_status":"closed","template":"","meta":{"footnotes":""},"class_list":["post-94","page","type-page","status-publish","hentry"],"_links":{"self":[{"href":"https:\/\/lenahf.se\/index.php\/wp-json\/wp\/v2\/pages\/94","targetHints":{"allow":["GET"]}}],"collection":[{"href":"https:\/\/lenahf.se\/index.php\/wp-json\/wp\/v2\/pages"}],"about":[{"href":"https:\/\/lenahf.se\/index.php\/wp-json\/wp\/v2\/types\/page"}],"author":[{"embeddable":true,"href":"https:\/\/lenahf.se\/index.php\/wp-json\/wp\/v2\/users\/1"}],"replies":[{"embeddable":true,"href":"https:\/\/lenahf.se\/index.php\/wp-json\/wp\/v2\/comments?post=94"}],"version-history":[{"count":35,"href":"https:\/\/lenahf.se\/index.php\/wp-json\/wp\/v2\/pages\/94\/revisions"}],"predecessor-version":[{"id":1242,"href":"https:\/\/lenahf.se\/index.php\/wp-json\/wp\/v2\/pages\/94\/revisions\/1242"}],"wp:attachment":[{"href":"https:\/\/lenahf.se\/index.php\/wp-json\/wp\/v2\/media?parent=94"}],"curies":[{"name":"wp","href":"https:\/\/api.w.org\/{rel}","templated":true}]}}