{"id":968,"date":"2020-12-15T14:44:53","date_gmt":"2020-12-15T14:44:53","guid":{"rendered":"http:\/\/lenahf.se\/?page_id=968"},"modified":"2021-01-25T14:14:32","modified_gmt":"2021-01-25T14:14:32","slug":"musik-och-operahogskolan-vid-malardalens-hogskola-kammarmusikprogrammet-inriktning-sang-180-hp","status":"publish","type":"page","link":"https:\/\/lenahf.se\/index.php\/kammarmusikprogrammet-vid-malardalens-hogskola\/musik-och-operahogskolan-vid-malardalens-hogskola-kammarmusikprogrammet-inriktning-sang-180-hp\/","title":{"rendered":"Kammarmusik-programmet inriktning s\u00e5ng 180 hp"},"content":{"rendered":"\n<p>S\u00e5ngutbildningen i klassisk s\u00e5ng p\u00e5 Musik- och Operah\u00f6gskolan vid M\u00e4lardalens H\u00f6gskola \u00e4r en utbildning i v\u00e4sterl\u00e4ndsk konstmusik f\u00f6r dig som vill bli professionell s\u00e5ngare. Programmet \u00e4r mycket inneh\u00e5llsrikt; f\u00f6rutom gener\u00f6s kvot i s\u00e5ng individuellt och gemensamma lektioner med de andra s\u00e5ngarna f\u00e5r du lektioner i kammarmusik i olika instrumentkonstellationer, instudering, musikteori, musikhistoria, konsert praxis, romansseminarier, seminarier i bland annat r\u00f6stfysiologi, andning och mycket annat. Du f\u00e5r en bred repertoark\u00e4nnedom med musik fr\u00e5n olika stilepoker och spr\u00e5kgrupper inom kammarmusik, opera, kyrkomusik och romanser. F\u00f6r att f\u00f6rbereda dig f\u00f6r hur man f\u00f6ljer en dirigent, l\u00e4ra dig vara tydlig med musikaliska impulser, klara av att sjunga i olika akustiker, etc. erbjuds du m\u00e5nga m\u00f6jligheter att framf\u00f6ra musik i olika instrumentkonstellationer och p\u00e5 olika arenor.<\/p>\n\n\n\n<p>Du erbjuds m\u00f6jligheten att medverka p\u00e5 en m\u00e4ngd konserter p\u00e5 olika scener!<\/p>\n\n\n\n<p>Utg\u00e5ngspunkten f\u00f6r undervisningen \u00e4r en helhetssyn p\u00e5 vad man beh\u00f6ver f\u00f6r att bli en professionell s\u00e5ngare d\u00e4r \u00e4ven saker som att sova, \u00e4ta, motionera och m\u00e5 bra \u00e4r sj\u00e4lvklara byggstenar.<\/p>\n\n\n\n<p>Ut\u00f6ver allt detta f\u00e5r du inblick i de koder som g\u00e4ller inom s\u00e5ngaryrket; exempelvis konsertpraxis, auditionteknik och repertoarval, kl\u00e4dsel, attityd och mycket mer.<\/p>\n\n\n\n<p><strong>KONSERTER<\/strong><\/p>\n\n\n\n<p>En viktig del i undervisningen \u00e4r sj\u00e4lvklart att \u00f6va dig i att sjunga inf\u00f6r publik, p\u00e5 olika scener, med olika instrumentkonstellationer, med repertoar fr\u00e5n olika stilepoker och spr\u00e5kgrupper. Musik- och Operah\u00f6gskolan producerar ca 50 konserter och f\u00f6rest\u00e4llningar per l\u00e4s\u00e5r. N\u00e5gra exempel \u00e4r V\u00e4ster\u00e5s Konserthus som har en akustik p\u00e5 toppniv\u00e5, den magnifika Domkyrkan, p\u00e5 V\u00e4ster\u00e5s L\u00e4nsmuseum\/konstmuseum i industrihistorisk milj\u00f6 samt p\u00e5 flera andra scener. Programmet avslutas dessutom med en examenskonsert som \u00e4ger rum p\u00e5 V\u00e4ster\u00e5s konserthus.<\/p>\n\n\n\n<p>H\u00e4r \u00e4r ett axplock av konserterna under l\u00e4s\u00e5ren:<\/p>\n\n\n\n<ul class=\"wp-block-list\"><li>Galakonsert med symfoniorkester&nbsp;p\u00e5 stora scenen i V\u00e4ster\u00e5s konserthus<\/li><li>Solist i sakral repertoar i V\u00e4ster\u00e5s domkyrka<\/li><li>Rikssalskonserter p\u00e5 anrika V\u00e4ster\u00e5s slott tillsammans med n\u00e5gra av Sveriges ledande pianister; Bengt-\u00c5ke Lundin, Magnus Svensson,<\/li><li>Asuka Nakamura, och Staffan Sandstr\u00f6m.<\/li><li>Riddartornet<\/li><li>Barnopera<\/li><li>Romanskonserter tillsammans med s\u00e5ng- och pianostudenterna fr\u00e5n Kammarmusikprogrammet. Tyska Lieder, franska M\u00e9lodies, engelska och amerikanska Art Songs och nordiska romanser.<\/li><\/ul>\n\n\n\n<p><strong>BEST\u00c4LLNING AV NYSKRIVEN OPERA<\/strong><\/p>\n\n\n\n<figure class=\"wp-block-image size-large\"><img loading=\"lazy\" decoding=\"async\" width=\"1024\" height=\"768\" src=\"http:\/\/lenahf.se\/wp-content\/uploads\/2020\/12\/MR-1-1024x768.jpg\" alt=\"\" class=\"wp-image-1019\" srcset=\"https:\/\/lenahf.se\/wp-content\/uploads\/2020\/12\/MR-1-1024x768.jpg 1024w, https:\/\/lenahf.se\/wp-content\/uploads\/2020\/12\/MR-1-300x225.jpg 300w, https:\/\/lenahf.se\/wp-content\/uploads\/2020\/12\/MR-1-768x576.jpg 768w, https:\/\/lenahf.se\/wp-content\/uploads\/2020\/12\/MR-1.jpg 1460w\" sizes=\"auto, (max-width: 1024px) 100vw, 1024px\" \/><figcaption>Mozarts Requiem i V\u00e4ster\u00e5s domkyrka<\/figcaption><\/figure>\n\n\n\n<p>En speciell h\u00e4ndelse under l\u00e4s\u00e5ret 2017\/18 \u00e4r att tons\u00e4ttaren Carl Unander-Scharin efter att ha lyssnat p\u00e5 och blivit imponerad av den h\u00f6ga kvaliteten p\u00e5 s\u00e5ngstudenterna i Kammaroperautbildningen erbj\u00f6d sig att komponera en opera speciellt f\u00f6r dem. Operan som heter Riddartornet uruppf\u00f6rdes under v\u00e5ren 2018 p\u00e5 V\u00e4stmanlandsteatern, som har 400 sittplatser och orkesterdike f\u00f6r v\u00e5r instrumentalensemble. Produktionen g\u00e4stade ocks\u00e5 Vadstena-Akademien under sommaren 2018. I produktionen medverkar \u00e4ven s\u00e5ngstudenter fr\u00e5n Kammarmusik inriktning s\u00e5ng i mindre roller och instrumentalister fr\u00e5n Kammarmusikprogrammet.<\/p>\n\n\n\n<p>Saml\u00e4sning Kammaroperautbildningen<\/p>\n\n\n\n<p>Kammarmusikprogrammet inriktning s\u00e5ng \u00e4r en bra f\u00f6rberedelse f\u00f6r fortsatta studier inom opera p\u00e5 Kammaroperautbildningen och du kommer under studietiden att saml\u00e4sa med studenterna d\u00e4r till viss del. Du kommer exempelvis f\u00e5 n\u00e4rvara vid master classes och vid vissa seminarier.<\/p>\n\n\n\n<p>H\u00e4r \u00e4r n\u00e5gra exempel under \u00e5ren:<\/p>\n\n\n\n<ul class=\"wp-block-list\"><li>Birgitta Svend\u00e9n, hovs\u00e5ngerska, tidigare rektor f\u00f6r Operah\u00f6gskolan i Stockholm, VD och konstn\u00e4rlig chef f\u00f6r Kungliga Operan i Stockholm.<\/li><li>Olivier Godin, pianist, vocal coach och professor vid McGill Univerity, Montreal, Kanada<\/li><li>Liz Upchurch, pianist, vocal coach och ledare f\u00f6r Canadian Opera Company Ensemble Studio<\/li><li>Lektor Patrik S\u00f6rling, dansare och regiss\u00f6r<\/li><li>Nils Spangenberg, Vadstena-Akademiens konstn\u00e4rlige ledare och VD<\/li><li>Alexander Niclasson, konstn\u00e4rlig ledare f\u00f6r Opera p\u00e5 Sk\u00e4ret<\/li><\/ul>\n\n\n\n<p><strong>Omd\u00f6men av g\u00e4stl\u00e4rare<\/strong><strong><\/strong><\/p>\n\n\n\n<p>Birgitta Svend\u00e9n, VD och konstn\u00e4rlig chef f\u00f6r Kungliga Operan i Stockholm:<\/p>\n\n\n\n<p><em>\u201dJag blev mycket imponerad av kammaroperastudenterna. Deras s\u00e5ngteknik stod p\u00e5 en s\u00e5n h\u00f6g och bra niv\u00e5 att vi kunde utforska olika musikaliska id\u00e9er och finslipa det musikaliska uttrycket b\u00e5de genom texten och f\u00e4rgpaletten i r\u00f6stklang.<\/em><\/p>\n\n\n\n<p><em>Jag k\u00e4nner sedan tidigare deras l\u00e4rare Lena Hellstr\u00f6m &#8211; F\u00e4rnl\u00f6f som jag betraktar som en av de b\u00e4sta pedagoger vi har i landet, vilket den h\u00e4r gruppen verkligen visade prov p\u00e5 d\u00e5 alla sj\u00f6ng med friska naturliga r\u00f6ster som snabbt kunde oms\u00e4tta det jag f\u00f6reslog.<\/em><\/p>\n\n\n\n<p><em>Jag l\u00e4mnade skolan med en h\u00e4rlig k\u00e4nsla av energi och tillf\u00f6rsikt om att det kommer nya svenska stj\u00e4rnskott \u00e4ven i framtiden och att M\u00e4lardalens H\u00f6gskola har r\u00e4tt f\u00f6ruts\u00e4ttningar att ta tillvara p\u00e5 dessa talanger.\u201d<\/em><\/p>\n\n\n\n<p>Liz Upchurch, pianist, vocal coach och ledare f\u00f6r Canadian Opera Company Ensemble Studio:<\/p>\n\n\n\n<p><em>\u201cThis select group of gifted young opera singers have clearly benefited from a very high level of training being offered to them at this programme. These singers have had the privilege of working with a world class singing teacher, Lena Hellstrom Farnlof, in a creative, nurturing environment where artistry and vocal training are at the highest level. This type of training gives singers the necessary tools to enter the professional world of singing.\u201d<\/em><\/p>\n\n\n\n<p><strong>\u00d6VRIGA F\u00d6RM\u00c5NER UNDER STUDIETIDEN<\/strong><\/p>\n\n\n\n<p>Kammarmusikprogrammet har ett t\u00e4tt samarbete med V\u00e4ster\u00e5s Sinfonietta som \u00e4r en av landets fr\u00e4msta kammarorkestrar. Samarbetet inneb\u00e4r bland annat att du som student g\u00e5r gratis p\u00e5 alla konserter med Sinfoniettan och att du \u00e4r v\u00e4lkommen p\u00e5 alla genrep i V\u00e4ster\u00e5s Konserthus.<\/p>\n\n\n\n<p>Du f\u00e5r \u00e4ven fribiljetter till l\u00e4nsmusikens konsertserie samt m\u00f6jlighet att lyssna p\u00e5 generalrepetitioner p\u00e5 Kungliga Operan, Berwaldhallen, Opera p\u00e5 Sk\u00e4ret och flera andra arenor.<\/p>\n\n\n\n<p><strong>FRAMTID OCH JOBB<\/strong><\/p>\n\n\n\n<p>Genom v\u00e5rt kammarmusikprogram inriktning klassisk s\u00e5ng f\u00e5r du m\u00f6jlighet att v\u00e4xa som konstn\u00e4r och att utveckla din kreativa f\u00f6rm\u00e5ga och talang maximalt, vilket ger dig konkurrensf\u00f6rdelar p\u00e5 arbetsmarknaden. En konstn\u00e4rlig kandidatexamen ger dig m\u00f6jlighet att g\u00e5 vidare till studier p\u00e5 den tv\u00e5\u00e5riga kammaroperautbildningen och master i Sverige eller utomlands.<\/p>\n\n\n\n<div class=\"wp-block-buttons is-layout-flex wp-block-buttons-is-layout-flex\">\n<div class=\"wp-block-button\"><a class=\"wp-block-button__link\" href=\"http:\/\/lenahf.se\/index.php\/studentkommentarer-med-ljudklipp-2\/\">Studentkommentarer med ljudklipp<\/a><\/div>\n<\/div>\n\n\n\n<p><\/p>\n","protected":false},"excerpt":{"rendered":"<p>S\u00e5ngutbildningen i klassisk s\u00e5ng p\u00e5 Musik- och Operah\u00f6gskolan vid M\u00e4lardalens H\u00f6gskola \u00e4r en utbildning i v\u00e4sterl\u00e4ndsk konstmusik f\u00f6r dig som vill bli professionell s\u00e5ngare. Programmet \u00e4r mycket inneh\u00e5llsrikt; f\u00f6rutom gener\u00f6s kvot i s\u00e5ng individuellt och gemensamma lektioner med de andra s\u00e5ngarna f\u00e5r du lektioner i kammarmusik i olika instrumentkonstellationer, instudering, musikteori, musikhistoria, konsert praxis, romansseminarier, [&hellip;]<\/p>\n","protected":false},"author":1,"featured_media":975,"parent":94,"menu_order":0,"comment_status":"closed","ping_status":"closed","template":"","meta":{"footnotes":""},"class_list":["post-968","page","type-page","status-publish","has-post-thumbnail","hentry"],"_links":{"self":[{"href":"https:\/\/lenahf.se\/index.php\/wp-json\/wp\/v2\/pages\/968","targetHints":{"allow":["GET"]}}],"collection":[{"href":"https:\/\/lenahf.se\/index.php\/wp-json\/wp\/v2\/pages"}],"about":[{"href":"https:\/\/lenahf.se\/index.php\/wp-json\/wp\/v2\/types\/page"}],"author":[{"embeddable":true,"href":"https:\/\/lenahf.se\/index.php\/wp-json\/wp\/v2\/users\/1"}],"replies":[{"embeddable":true,"href":"https:\/\/lenahf.se\/index.php\/wp-json\/wp\/v2\/comments?post=968"}],"version-history":[{"count":17,"href":"https:\/\/lenahf.se\/index.php\/wp-json\/wp\/v2\/pages\/968\/revisions"}],"predecessor-version":[{"id":1261,"href":"https:\/\/lenahf.se\/index.php\/wp-json\/wp\/v2\/pages\/968\/revisions\/1261"}],"up":[{"embeddable":true,"href":"https:\/\/lenahf.se\/index.php\/wp-json\/wp\/v2\/pages\/94"}],"wp:featuredmedia":[{"embeddable":true,"href":"https:\/\/lenahf.se\/index.php\/wp-json\/wp\/v2\/media\/975"}],"wp:attachment":[{"href":"https:\/\/lenahf.se\/index.php\/wp-json\/wp\/v2\/media?parent=968"}],"curies":[{"name":"wp","href":"https:\/\/api.w.org\/{rel}","templated":true}]}}