{"id":98,"date":"2017-01-15T13:03:50","date_gmt":"2017-01-15T13:03:50","guid":{"rendered":"http:\/\/lenahf.se\/?page_id=98"},"modified":"2025-06-19T19:15:16","modified_gmt":"2025-06-19T19:15:16","slug":"vad-sags-om-mig","status":"publish","type":"page","link":"https:\/\/lenahf.se\/index.php\/vad-sags-om-mig\/","title":{"rendered":"Vad s\u00e4gs om mig?"},"content":{"rendered":"\n<figure class=\"wp-block-image size-large\"><img loading=\"lazy\" decoding=\"async\" width=\"960\" height=\"720\" src=\"http:\/\/lenahf.se\/wp-content\/uploads\/2021\/01\/Foto-Drottningholm-med-Elin-och-Anna-2.jpg\" alt=\"\" class=\"wp-image-1160\" srcset=\"https:\/\/lenahf.se\/wp-content\/uploads\/2021\/01\/Foto-Drottningholm-med-Elin-och-Anna-2.jpg 960w, https:\/\/lenahf.se\/wp-content\/uploads\/2021\/01\/Foto-Drottningholm-med-Elin-och-Anna-2-300x225.jpg 300w, https:\/\/lenahf.se\/wp-content\/uploads\/2021\/01\/Foto-Drottningholm-med-Elin-och-Anna-2-768x576.jpg 768w\" sizes=\"auto, (max-width: 960px) 100vw, 960px\" \/><\/figure>\n\n\n<p>Professor Lena Hellstr\u00f6m-F\u00e4rnl\u00f6f undervisar <strong>alla r\u00f6stfack<\/strong> och har en bred repertoark\u00e4nnedom och stilk\u00e4nsla. Detta m\u00f6jligg\u00f6r att operas\u00e5ngare eller s\u00e5ngare som valt att specialisera sig p\u00e5 tidig musik, nyskrivet, kyrkomusik, k\u00f6r, etc f\u00e5r en adekvat undervisning.<\/p>\n<p>Lena undervisar s\u00e5ngare privat som \u00e4r i b\u00f6rjan eller mitt i sina karri\u00e4rer, b\u00e5de konsert- och operas\u00e5ngare. Undervisningen sker dels i hennes studio p\u00e5 Kungsholmen men \u00e4ven med mycket lyckade resultat som virtual online sessions med s\u00e5ngare runt om i v\u00e4rlden.\u00a0 M\u00e5nga s\u00e5ngare har hon hj\u00e4lp till med att starta ig\u00e5ng karri\u00e4ren f\u00f6r men \u00e4ven lotsat r\u00e4tt n\u00e4r tekniken har beh\u00f6vts l\u00e4ggas om. Karri\u00e4rplanering och ett holistiskt t\u00e4nkande tillsammans med s\u00e5ngteknik och artisteri v\u00e4vs samman till en helhet i hennes undervisning och coachning.<\/p>\n<p>S\u00e5ngare som studerar p\u00e5 Musik- och Operah\u00f6gskolan vid M\u00e4lardalens h\u00f6gskola kommer fr\u00e5n musikh\u00f6gskolor, operah\u00f6gskolor, estetiska gymnasier, folkh\u00f6gskolor, operastudios,\u00a0 eller har studerat privat.<\/p>\n<p>N\u00e5gra omd\u00f6men fr\u00e5n professionella s\u00e5ngare och fr\u00e5n studenter:<\/p>\n<p>\u25ba<strong> Professionella s\u00e5ngare<\/strong>:<\/p>\n<p><a href=\"http:\/\/lenahf.se\/index.php\/lena-ar-den-sangpedagogen-som-har-betytt-mest-for-mig-desiree-baraula\/\" target=\"_blank\" rel=\"noopener\">D\u00e9sir\u00e9e Baraula &#8211; mezzosopran<\/a><\/p>\n<p><a href=\"http:\/\/lenahf.se\/index.php\/sveriges-basta-sangpedagog-anton-eriksson\/\" target=\"_blank\" rel=\"noopener\">Anton Eriksson &#8211; baryton<\/a><\/p>\n<p><a href=\"http:\/\/lenahf.se\/index.php\/lena-har-en-fantastisk-formaga-att-hitta-det-unika-i-varje-rost-jennie-eriksson\/\">Jennie Eriksson-sopran<\/a><\/p>\n<p><a href=\"http:\/\/lenahf.se\/index.php\/jag-fick-viktiga-sangtekniska-verktyg-av-henne-joa-helgesson\/\" target=\"_blank\" rel=\"noopener\">Joa Helgesson &#8211; baryton<\/a><\/p>\n<p><a href=\"http:\/\/lenahf.se\/index.php\/att-mota-lena-var-som-att-komma-hem-sangligt-christina-larsson-malmberg\/\">Christina Larsson Malmberg<em> &#8211; <\/em>sopran<\/a><\/p>\n<p><a href=\"http:\/\/lenahf.se\/index.php\/387-2\/\" target=\"_blank\" rel=\"noopener\">Erika Sax &#8211; mezzosopran<\/a><\/p>\n<p><a href=\"http:\/\/lenahf.se\/index.php\/lena-ar-valdigt-bra-pa-att-locka-fram-unika-kvaliteer-karin-skoog\/\" target=\"_blank\" rel=\"noopener\">Karin Skoog &#8211; koloratursopran<\/a><\/p>\n<p><a href=\"http:\/\/lenahf.se\/index.php\/lena-ar-en-ovanlig-sangpedagog-elin-skorup\/\">Elin Skorup -sopran<\/a><\/p>\n<p><a href=\"http:\/\/lenahf.se\/index.php\/rose-nagger-tremblay\/\">Rose Nagger-Tremblay <strong>\u2013 <\/strong>mezzo sopran<\/a><\/p>\n<p><a href=\"http:\/\/lenahf.se\/index.php\/lena-ar-en-unik-sangpedagog-anna-zander\/\" target=\"_blank\" rel=\"noopener\">Anna Zander _ Mezzosopran<\/a><\/p>\n<p>\u25ba<strong>\u00a0Studenter<\/strong>:<\/p>\n<p><a href=\"http:\/\/lenahf.se\/index.php\/jag-kanner-mig-trygg-och-litar-pa-lena-till-100-frida-bergquist\/\" target=\"_blank\" rel=\"noopener\">Frida Bergquist\u00a0<\/a><\/p>\n<p><a href=\"http:\/\/lenahf.se\/index.php\/jag-har-genom-lenas-ovardeliga-undervisning-utvecklats-i-hog-grad-sara-back\/\" target=\"_blank\" rel=\"noopener\">Sarah B\u00e4ck \u2013 mezzosopran<\/a><\/p>\n<p><a href=\"http:\/\/lenahf.se\/index.php\/lena-ar-bland-de-basta-sangpedagogerna-i-varlden-amelie-flink\/\" target=\"_blank\" rel=\"noopener\">Amelie Flink \u2013 soprano<\/a><\/p>\n<p><a href=\"http:\/\/lenahf.se\/index.php\/lena-ar-alltid-full-av-positiv-energi-viktor-johansson\/\" target=\"_blank\" rel=\"noopener\">Viktor Johansson\u00a0<\/a><\/p>\n<p><a href=\"http:\/\/lenahf.se\/index.php\/lena-hellstrom-farnlof-tillhor-de-basta-i-varlden-rebecca-hellbom\/\" target=\"_blank\" rel=\"noopener\">Rebecca Hellbom \u2013 sopran<\/a><\/p>\n<p><a href=\"http:\/\/lenahf.se\/index.php\/lena-lyfter-fram-det-i-unika-i-mig-som-konstnar-mikael-horned\/\" target=\"_blank\" rel=\"noopener\">Mikael Horned \u2013 baryton<\/a><\/p>\n<p><a href=\"http:\/\/lenahf.se\/index.php\/med-lenas-hjalp-hittade-jag-verkligen-hem-emilia-linderholm\/\">Emilia Linderholm<\/a><\/p>\n<p><a href=\"http:\/\/lenahf.se\/index.php\/jag-kan-helt-och-fullt-lita-pa-lena-kajsa-palmer\/\" target=\"_blank\" rel=\"noopener\">Kajsa Palm\u00e9r \u2013 alt\/mezzosopran<\/a><\/p>\n<p><a href=\"http:\/\/lenahf.se\/index.php\/hennes-entusiasm-ar-vad-man-onskar-av-en-larare-men-inte-kan-forvanta-sig-andreas-wagner\/\" target=\"_blank\" rel=\"noopener\">Andreas Wagner \u2013 baryton<\/a><\/p>\n\n\n<p><\/p>\n","protected":false},"excerpt":{"rendered":"<p>Professor Lena Hellstr\u00f6m-F\u00e4rnl\u00f6f undervisar alla r\u00f6stfack och har en bred repertoark\u00e4nnedom och stilk\u00e4nsla. Detta m\u00f6jligg\u00f6r att operas\u00e5ngare eller s\u00e5ngare som valt att specialisera sig p\u00e5 tidig musik, nyskrivet, kyrkomusik, k\u00f6r, etc f\u00e5r en adekvat undervisning. Lena undervisar s\u00e5ngare privat som \u00e4r i b\u00f6rjan eller mitt i sina karri\u00e4rer, b\u00e5de konsert- och operas\u00e5ngare. Undervisningen sker dels [&hellip;]<\/p>\n","protected":false},"author":1,"featured_media":0,"parent":0,"menu_order":0,"comment_status":"closed","ping_status":"closed","template":"","meta":{"footnotes":""},"class_list":["post-98","page","type-page","status-publish","hentry"],"_links":{"self":[{"href":"https:\/\/lenahf.se\/index.php\/wp-json\/wp\/v2\/pages\/98","targetHints":{"allow":["GET"]}}],"collection":[{"href":"https:\/\/lenahf.se\/index.php\/wp-json\/wp\/v2\/pages"}],"about":[{"href":"https:\/\/lenahf.se\/index.php\/wp-json\/wp\/v2\/types\/page"}],"author":[{"embeddable":true,"href":"https:\/\/lenahf.se\/index.php\/wp-json\/wp\/v2\/users\/1"}],"replies":[{"embeddable":true,"href":"https:\/\/lenahf.se\/index.php\/wp-json\/wp\/v2\/comments?post=98"}],"version-history":[{"count":43,"href":"https:\/\/lenahf.se\/index.php\/wp-json\/wp\/v2\/pages\/98\/revisions"}],"predecessor-version":[{"id":1810,"href":"https:\/\/lenahf.se\/index.php\/wp-json\/wp\/v2\/pages\/98\/revisions\/1810"}],"wp:attachment":[{"href":"https:\/\/lenahf.se\/index.php\/wp-json\/wp\/v2\/media?parent=98"}],"curies":[{"name":"wp","href":"https:\/\/api.w.org\/{rel}","templated":true}]}}