{"id":987,"date":"2020-12-17T13:14:40","date_gmt":"2020-12-17T13:14:40","guid":{"rendered":"http:\/\/lenahf.se\/?page_id=987"},"modified":"2021-01-25T14:26:18","modified_gmt":"2021-01-25T14:26:18","slug":"huvudinstrument-fortsattning-inriktning-sang-halvfart","status":"publish","type":"page","link":"https:\/\/lenahf.se\/index.php\/huvudinstrument-fortsattning-inriktning-sang-halvfart\/","title":{"rendered":"Huvudinstrument, forts\u00e4ttning, inriktning s\u00e5ng, halvfart"},"content":{"rendered":"\n<figure class=\"wp-block-table\"><table><tbody><tr><td><br>&amp;#9654<\/td><\/tr><\/tbody><\/table><\/figure>\n\n\n\n<p>Denna halvfartsutbildning v\u00e4nder sig till dig som s\u00e5ngare som redan har en konstn\u00e4rlig kandidatutbildning men vill forts\u00e4tta att h\u00f6ja din h\u00f6gsta niv\u00e5.<\/p>\n\n\n\n<p>Du f\u00e5r s\u00e5nglektioner, gemensam lektion, instudering, medverka p\u00e5 konserter m.m. Du saml\u00e4ser vissa delar med de andra s\u00e5ngarna p\u00e5 kammarmusikprogrammet och kammaroperautbildningen &nbsp;d\u00e5 det t.ex. \u00e4r masterclasses, romansseminarier, ensembler.<\/p>\n\n\n\n<p>T.ex. g\u00e5r Rebecca Hellbom och Amelie Flink denna kurs, tidigare studenter p\u00e5 b\u00e5de Kammarmusikprogrammet och Kammaropera.<\/p>\n\n\n\n<p><a rel=\"noreferrer noopener\" href=\"https:\/\/www.mdh.se\/utbildning\/kurser?kod=KMI085\" data-type=\"URL\" data-id=\"https:\/\/www.mdh.se\/utbildning\/kurser?kod=KMI085\" target=\"_blank\">L\u00e4s mer och lyssna under: MOMDH p\u00e5 denna webbsida<\/a><\/p>\n\n\n\n<div class=\"wp-block-buttons is-layout-flex wp-block-buttons-is-layout-flex\">\n<div class=\"wp-block-button\"><a class=\"wp-block-button__link\" href=\"http:\/\/lenahf.se\/index.php\/studentkommentarer-med-ljudklipp-2\/\">Studentkommentarer med ljudklipp<\/a><\/div>\n<\/div>\n\n\n\n<p><\/p>\n","protected":false},"excerpt":{"rendered":"<p>&amp;#9654 Denna halvfartsutbildning v\u00e4nder sig till dig som s\u00e5ngare som redan har en konstn\u00e4rlig kandidatutbildning men vill forts\u00e4tta att h\u00f6ja din h\u00f6gsta niv\u00e5. Du f\u00e5r s\u00e5nglektioner, gemensam lektion, instudering, medverka p\u00e5 konserter m.m. Du saml\u00e4ser vissa delar med de andra s\u00e5ngarna p\u00e5 kammarmusikprogrammet och kammaroperautbildningen &nbsp;d\u00e5 det t.ex. \u00e4r masterclasses, romansseminarier, ensembler. T.ex. g\u00e5r Rebecca [&hellip;]<\/p>\n","protected":false},"author":1,"featured_media":1262,"parent":0,"menu_order":0,"comment_status":"closed","ping_status":"closed","template":"","meta":{"footnotes":""},"class_list":["post-987","page","type-page","status-publish","has-post-thumbnail","hentry"],"_links":{"self":[{"href":"https:\/\/lenahf.se\/index.php\/wp-json\/wp\/v2\/pages\/987","targetHints":{"allow":["GET"]}}],"collection":[{"href":"https:\/\/lenahf.se\/index.php\/wp-json\/wp\/v2\/pages"}],"about":[{"href":"https:\/\/lenahf.se\/index.php\/wp-json\/wp\/v2\/types\/page"}],"author":[{"embeddable":true,"href":"https:\/\/lenahf.se\/index.php\/wp-json\/wp\/v2\/users\/1"}],"replies":[{"embeddable":true,"href":"https:\/\/lenahf.se\/index.php\/wp-json\/wp\/v2\/comments?post=987"}],"version-history":[{"count":2,"href":"https:\/\/lenahf.se\/index.php\/wp-json\/wp\/v2\/pages\/987\/revisions"}],"predecessor-version":[{"id":1156,"href":"https:\/\/lenahf.se\/index.php\/wp-json\/wp\/v2\/pages\/987\/revisions\/1156"}],"wp:featuredmedia":[{"embeddable":true,"href":"https:\/\/lenahf.se\/index.php\/wp-json\/wp\/v2\/media\/1262"}],"wp:attachment":[{"href":"https:\/\/lenahf.se\/index.php\/wp-json\/wp\/v2\/media?parent=987"}],"curies":[{"name":"wp","href":"https:\/\/api.w.org\/{rel}","templated":true}]}}